{"id":95,"date":"2020-03-17T22:14:06","date_gmt":"2020-03-18T00:14:06","guid":{"rendered":"http:\/\/www.srd.ee\/srdsk\/?page_id=95"},"modified":"2022-08-22T19:43:46","modified_gmt":"2022-08-22T21:43:46","slug":"newmembers","status":"publish","type":"page","link":"https:\/\/www.srd.ee\/srdsk\/newmembers\/","title":{"rendered":"Kuidas saada klubi liikmeks"},"content":{"rendered":"<p>Klubiga liituda soovija peab pooldama klubi p\u00f5hiideed &#8211; tervislike eluviisidega elu. Igasugustel v\u00f5istlustel osalemine pole \u00fcldsegi oluline. Piisab sellestki, kui olete n\u00f5us, et v\u00f5imlemine ja sport ei tohiks olla just viimasel kohal meie elus.<\/p>\n<p>Klubisse astumiseks on vajalik<\/p>\n<ul>\n<li>tutvuda\u00a0<a href=\"https:\/\/www.srd.ee\/srdsk\/charter\/\">klubi P\u00f5hikirjaga<\/a><\/li>\n<li>kirjutada vabas vormis avaldus klubi esimehe Ella Shvedi nimele<\/li>\n<\/ul>\n<p>Uue liikme vastu v\u00f5tmine klubisse otsustatakse n\u00e4dala jooksul.<\/p>\n<p>2013.a. alates liikmemaks on t\u00e4iskasvanult\u00a0<b>20 eurot<\/b>\u00a0ja lapselt\u00a0<b>10 eurot<\/b>\u00a0aastas.<\/p>\n<p>Oleme r\u00f5\u00f5muga valmis v\u00f5tma Teid meie s\u00f5braliku klubi liikmeteks!<\/p>","protected":false},"excerpt":{"rendered":"<p>Klubiga liituda soovija peab pooldama klubi p\u00f5hiideed &#8211; tervislike eluviisidega elu. Igasugustel v\u00f5istlustel osalemine pole \u00fcldsegi oluline. Piisab sellestki, kui olete n\u00f5us, et v\u00f5imlemine ja sport ei tohiks olla just viimasel kohal meie elus.&#46;&#46;&#46;<\/p>\n","protected":false},"author":1,"featured_media":0,"parent":0,"menu_order":0,"comment_status":"closed","ping_status":"closed","template":"","meta":{"ngg_post_thumbnail":0,"footnotes":""},"class_list":["post-95","page","type-page","status-publish","hentry"],"_links":{"self":[{"href":"https:\/\/www.srd.ee\/srdsk\/wp-json\/wp\/v2\/pages\/95","targetHints":{"allow":["GET"]}}],"collection":[{"href":"https:\/\/www.srd.ee\/srdsk\/wp-json\/wp\/v2\/pages"}],"about":[{"href":"https:\/\/www.srd.ee\/srdsk\/wp-json\/wp\/v2\/types\/page"}],"author":[{"embeddable":true,"href":"https:\/\/www.srd.ee\/srdsk\/wp-json\/wp\/v2\/users\/1"}],"replies":[{"embeddable":true,"href":"https:\/\/www.srd.ee\/srdsk\/wp-json\/wp\/v2\/comments?post=95"}],"version-history":[{"count":0,"href":"https:\/\/www.srd.ee\/srdsk\/wp-json\/wp\/v2\/pages\/95\/revisions"}],"wp:attachment":[{"href":"https:\/\/www.srd.ee\/srdsk\/wp-json\/wp\/v2\/media?parent=95"}],"curies":[{"name":"wp","href":"https:\/\/api.w.org\/{rel}","templated":true}]}}