{"id":365,"date":"2020-12-19T21:57:54","date_gmt":"2020-12-19T23:57:54","guid":{"rendered":"http:\/\/www.srd.ee\/srdsk\/?page_id=365"},"modified":"2020-12-19T22:26:52","modified_gmt":"2020-12-20T00:26:52","slug":"events","status":"publish","type":"page","link":"https:\/\/www.srd.ee\/srdsk\/events\/","title":{"rendered":"J\u00e4rgmised Stardid"},"content":{"rendered":"    <div class=\"item-list\">\r\n        <ul>\r\n                            <li><span style='font-weight: bold;'>10.04<\/span> <span style='font-weight: normal;'><a href=\"https:\/\/okkobras.eu\/korraldame\/polva-maakonna-lahtised-mv-oises\/\">P\u00f5lva maakonna MV \u00f6ine<\/a><\/span> - Paloj\u00e4rve<\/li>\r\n                                <li><span style='font-weight: bold;'>11-12.04<\/span> <span style='font-weight: normal;'><a href=\"http:\/\/www.peko.ee\">XXXIII Peko Kevad<\/a><\/span> - Piusa\/Tuderna<\/li>\r\n                                <li><span style='font-weight: bold;'>13.04<\/span> <span style='font-weight: normal;'><a href=\"https:\/\/www.linnaorienteerumine.ee\">Linnaorienteerumine<\/a><\/span> - Tallinn<\/li>\r\n                                <li><span style='font-weight: bold;'>14.04<\/span> <span style='font-weight: normal;'><a href=\"https:\/\/www.oknomme.ee\/\">2. Tallinna Teisip\u00e4evak<\/a><\/span> - Tallinn <\/li>\r\n                                <li><span style='font-weight: bold;'>15.04<\/span> <span style='font-weight: normal;'><a href=\"https:\/\/www.srd.ee\/srdsk\/tallinnamv\/\">Tallinna \u00f6ine MV<\/a><\/span> - Kemba<\/li>\r\n                                <li><span style='font-weight: bold;'>15.04<\/span> <span style='font-weight: normal;'><a href=\"https:\/\/www.oknomme.ee\/\"> Orienteerumisp\u00e4evak Pargijooksud<\/a><\/span> - Tallinn <\/li>\r\n                                <li><span style='font-weight: bold;'>16.04<\/span> <span style='font-weight: normal;'><a href=\"https:\/\/www.ton.ee\">Tallinna Neljap\u00e4evak<\/a><\/span> - Kuusalu<\/li>\r\n                                <li><span style='font-weight: bold;'>18.04<\/span> <span style='font-weight: normal;'><a href=\"https:\/\/harjuok.ee\/65-jurioojooks\/\"> 65. J\u00fcri\u00f6\u00f6jooks<\/a><\/span> - Palivere<\/li>\r\n                                <li><span style='font-weight: bold;'>20.04<\/span> <span style='font-weight: normal;'><a href=\"https:\/\/www.linnaorienteerumine.ee\">Linnaorienteerumine<\/a><\/span> - Tallinn<\/li>\r\n                                <li><span style='font-weight: bold;'>21.04<\/span> <span style='font-weight: normal;'><a href=\"https:\/\/www.oknomme.ee\/\">3. Tallinna Teisip\u00e4evak<\/a><\/span> - Tallinn <\/li>\r\n                                <li><span style='font-weight: bold;'>22.04<\/span> <span style='font-weight: normal;'><a href=\"https:\/\/www.oknomme.ee\/\"> Orienteerumisp\u00e4evak Pargijooksud<\/a><\/span> - Tallinn <\/li>\r\n                                <li><span style='font-weight: bold;'>22.04<\/span> <span style='font-weight: normal;'><a href=\"https:\/\/www.ok-okas.ee\/\">Punktipeitus 6. etapp<\/a><\/span> <\/li>\r\n                                <li><span style='font-weight: bold;'>23.04<\/span> <span style='font-weight: normal;'><a href=\"https:\/\/www.ton.ee\">Tallinna Neljap\u00e4evak<\/a><\/span> - Rohuneeme<\/li>\r\n                                <li><span style='font-weight: bold;'>25-26.04<\/span> <span style='font-weight: normal;'><a href=\"www.okilves.eehttp:\/\/www.okilves.ee\">Ilves GP<\/a><\/span> - Kirikuk\u00fcla<\/li>\r\n                                <li><span style='font-weight: bold;'>27.04<\/span> <span style='font-weight: normal;'><a href=\"https:\/\/www.linnaorienteerumine.ee\">Linnaorienteerumine<\/a><\/span> - Tallinn<\/li>\r\n                                <li><span style='font-weight: bold;'>28.04<\/span> <span style='font-weight: normal;'><a href=\"http:\/\/www.joka.ee\">J\u00e4rvamaa p\u00e4evak & J\u00e4rva MV valik<\/a><\/span> - T\u00fcri Saunametsa<\/li>\r\n                                <li><span style='font-weight: bold;'>28.04<\/span> <span style='font-weight: normal;'><a href=\"https:\/\/www.oknomme.ee\/\">4. Tallinna Teisip\u00e4evak<\/a><\/span> - Tallinn <\/li>\r\n                                <li><span style='font-weight: bold;'>29.04<\/span> <span style='font-weight: normal;'><a href=\"https:\/\/www.oknomme.ee\/\"> Orienteerumisp\u00e4evak Pargijooksud<\/a><\/span> - Tallinn <\/li>\r\n                                <li><span style='font-weight: bold;'>30.04<\/span> <span style='font-weight: normal;'><a href=\"https:\/\/www.ton.ee\">Tallinna Neljap\u00e4evak<\/a><\/span> - M\u00e4nniku<\/li>\r\n                                <li><span style='font-weight: bold;'>30.04<\/span> <span style='font-weight: normal;'>Hiiumaa neljap\u00e4evak<\/span> - K\u00e4rdla, S\u00f5najala s\u00f6\u00f6kla<\/li>\r\n                                <li><span style='font-weight: bold;'>01.05<\/span> <span style='font-weight: normal;'><a href=\"https:\/\/team.aarain.ee\/vmv-sprint-2026\">Valgamaa MV sprint<\/a><\/span> - Valga<\/li>\r\n                                <li><span style='font-weight: bold;'>02.05<\/span> <span style='font-weight: normal;'><a href=\"https:\/\/www.ton.ee\">Tallinna MV l\u00fchirada<\/a><\/span> - Aude<\/li>\r\n                                <li><span style='font-weight: bold;'>02.05<\/span> <span style='font-weight: normal;'><a href=\"http:\/\/www.xtsport.ee\">XT Kevadrogain<\/a><\/span> <\/li>\r\n                                <li><span style='font-weight: bold;'>03.05<\/span> <span style='font-weight: normal;'>OK Orvand sprindi AV<\/span> - Juuru<\/li>\r\n                                <li><span style='font-weight: bold;'>04.05<\/span> <span style='font-weight: normal;'><a href=\"https:\/\/www.linnaorienteerumine.ee\">Linnaorienteerumine<\/a><\/span> - Tallinn<\/li>\r\n                                <li><span style='font-weight: bold;'>05.05<\/span> <span style='font-weight: normal;'><a href=\"http:\/\/www.joka.ee\">J\u00e4rvamaa p\u00e4evak & J\u00e4rva MV sprint<\/a><\/span> - T\u00fcri Vabrikuk\u00fcla<\/li>\r\n                                <li><span style='font-weight: bold;'>05.05<\/span> <span style='font-weight: normal;'><a href=\"https:\/\/okkobras.eu\/\">P\u00f5lva maakonna koolinoorte MV valik<\/a><\/span> - Hullum\u00e4e karj\u00e4\u00e4r<\/li>\r\n                                <li><span style='font-weight: bold;'>05.05<\/span> <span style='font-weight: normal;'><a href=\"https:\/\/www.oknomme.ee\/\">5. Tallinna Teisip\u00e4evak<\/a><\/span> - Tallinn <\/li>\r\n                                <li><span style='font-weight: bold;'>06.05<\/span> <span style='font-weight: normal;'><a href=\"https:\/\/www.oknomme.ee\/\"> Orienteerumisp\u00e4evak Pargijooksud<\/a><\/span> - Tallinn <\/li>\r\n                                <li><span style='font-weight: bold;'>06.05<\/span> <span style='font-weight: normal;'><a href=\"https:\/\/skmercury.ee\/\">Tallinna MV sprint<\/a><\/span> - Kloogaranna<\/li>\r\n                        <\/ul>\r\n    <\/div>\r\n    \n","protected":false},"excerpt":{"rendered":"","protected":false},"author":1,"featured_media":0,"parent":0,"menu_order":0,"comment_status":"closed","ping_status":"closed","template":"","meta":{"ngg_post_thumbnail":0,"footnotes":""},"class_list":["post-365","page","type-page","status-publish","hentry"],"_links":{"self":[{"href":"https:\/\/www.srd.ee\/srdsk\/wp-json\/wp\/v2\/pages\/365","targetHints":{"allow":["GET"]}}],"collection":[{"href":"https:\/\/www.srd.ee\/srdsk\/wp-json\/wp\/v2\/pages"}],"about":[{"href":"https:\/\/www.srd.ee\/srdsk\/wp-json\/wp\/v2\/types\/page"}],"author":[{"embeddable":true,"href":"https:\/\/www.srd.ee\/srdsk\/wp-json\/wp\/v2\/users\/1"}],"replies":[{"embeddable":true,"href":"https:\/\/www.srd.ee\/srdsk\/wp-json\/wp\/v2\/comments?post=365"}],"version-history":[{"count":0,"href":"https:\/\/www.srd.ee\/srdsk\/wp-json\/wp\/v2\/pages\/365\/revisions"}],"wp:attachment":[{"href":"https:\/\/www.srd.ee\/srdsk\/wp-json\/wp\/v2\/media?parent=365"}],"curies":[{"name":"wp","href":"https:\/\/api.w.org\/{rel}","templated":true}]}}