{"id":296,"date":"2020-06-01T17:48:52","date_gmt":"2020-06-01T19:48:52","guid":{"rendered":"http:\/\/www.srd.ee\/srdsk\/?page_id=296"},"modified":"2021-03-22T22:39:23","modified_gmt":"2021-03-23T00:39:23","slug":"247-results","status":"publish","type":"page","link":"https:\/\/www.srd.ee\/srdsk\/247-results\/","title":{"rendered":"24\/7 Tulemused"},"content":{"rendered":"<h4><b>3-21.02.2021 \u2013 N\u00f5mme H\u00fcppetorn<b><\/h4>\n<pre><b>Keskmine<\/b> - 4.4km 19KP\r\n---------------------\r\n1. Konstantin Roomet\t00:53:40\r\n2. Tais Vakr\u00f5\u00f5m\t\t01:13:17\r\n\r\n<b>L\u00fchike<\/b> - 2.8km 12KP\r\n---------------------\r\n1. Aleksei Spiridonov \t00:28:57\r\n\r\n<b>Valik<\/b>\r\n---------------------\r\n1. \u00dclle Raudsepp\t19KP 02:36:47\r\n<\/pre>\n<h4><b>28.01-14.02.2021 \u2013 Kitsek\u00fcla<\/b><\/h4>\n<pre><b>Keskmine<\/b> - 4.8km 19KP\r\n---------------------\r\n1. Valdo H\u00e4lvin\t\t00:30:22\r\n2. Marek Atonen\t\t00:30:42\r\n3. Tais Vakr\u00f5\u00f5m\t\t00:49:26\r\n4. Heli Kain \t\t01:14:00\r\n\r\n<b>Valik<\/b>\r\n---------------------\r\n1. \u00dclle Raudsepp\t19KP 01:18:52\r\n\r\n<\/pre>\n<h4><b>19.01-7.02.2021 \u2013 Kadaka Mets<\/b><\/h4>\n<pre><b>Keskmine<\/b> - 4.9km 17KP\r\n---------------------\r\n1. Leonid Malikov \t00:25:48\r\n2. Valdo H\u00e4lvin\t\t00:28:52\r\n3. Konstantin Roomet\t00:31:47\r\n4. Marek Atonen\t\t00:37:45\r\n5. Meelis Kalda\t\t00:39:08\r\n6. Maari Idnurm\t\t00:40:19\r\n7. Tais Vakr\u00f5\u00f5m\t\t00:52:14\r\n8. Heli Kain\t\t01:13:00\r\n\r\n<b>L\u00fchike<\/b> - 2.5km 11KP\r\n---------------------\r\n1. Aleksei Spiridonov \t00:20:45\r\n\r\n<b>Valik<\/b>\r\n---------------------\r\n1. Merike M\u00e4ndsoo\t17KP 00:59:10\r\n2. \u00dclle Raudsepp\t17KP 01:11:49\r\n<\/pre>\n<h4><b>12-31.01.2021 \u2013 Juhkentali<\/b><\/h4>\n<pre><b>Keskmine<\/b> - 4.3km 19KP\r\n---------------------\r\nLisan tulemuse:\r\n1. Valdo H\u00e4lvin\t\t00:26:34\r\n2. Marek Atonen\t\t00:27:20\r\n3. Konstantin Roomet\t00:33:39\r\n4. Maari Idnurm\t\t00:37:01\r\n5. Meelis Kalda\t\t00:37:05\r\n6. Tais Vakr\u00f5\u00f5m \t00:40:24\r\n7. Heli Kain \t\t00:58:50\r\n<\/pre>\n<h4><b>6-24.01.2021 \u2013 Lillek\u0171la<\/b><\/h4>\n<pre><b>Keskmine<\/b> - 4.9km 18KP\r\n---------------------\r\n1. Valdo H\u00e4lvin\t00:29:03\r\n2. Maari Idnurm\t00:40:50\r\n3. Meelis Kalda\t00:43:23\r\n4. Heli Kain \t01:25:30\r\n\r\n<b>L\u00fchike<\/b> - 2.8km 12KP\r\n---------------------\r\n1. Aleksei Spiridonov\t00:16:38\r\n\r\n<b>Valik<\/b>\r\n---------------------\r\n1. \u00dclle Raudsepp\t18KP 01:24:00\r\n<\/pre>\n<h4><b>28.12.2020-10.01.2021 \u2013 Mustam\u00e4e<\/b><\/h4>\n<pre><b>Keskmine<\/b> - 4.9km 19KP\r\n---------------------\r\n1. Heimar Steinpilm\t00:41:54\r\n2. Imre Nemvalts \t00:47:49\r\n3. Valdo H\u00e4lvin\t\t00:48:03\r\n\r\n<b>L\u00fchike<\/b> - 2.9km 15KP\r\n---------------------\r\n1. Aleksei Spiridonov\t00:38:41\r\n\r\n<b>Valik<\/b>\r\n---------------------\r\n1. Ella Shved\t\t19KP 00:54:22\r\n1. Tais Vakr\u00f5\u00f5m\t\t19KP 00:54:22\r\n3. Malle Viilma\t\t19KP 01:31:00\r\n4. \u00dclle Raudsepp\t19KP 01:33:06\r\n\r\n<\/pre>\n<h4><b>14.12.2020-03.01.2021 \u2013 Merimetsa<\/b><\/h4>\n<pre><b>Keskmine<\/b> - 4.6\/4.8km 16\/18KP\r\n---------------------\r\n1. Imre Nemvalts\t00:39:15\r\n2. Valdo H\u00e4lvin\t\t00:40:55\r\n3. Kristjan T\u00e4ll\t00:43:42\r\n4. Priit \u00d6verus\t\t00:46:04\r\n5. Tarmo Margat\t\t00:55:19\r\n\r\n<b>Valik<\/b>\r\n---------------------\r\n1. Mikk Valter \t\t11KP 00:59:09\r\n\r\n<\/pre>\n<h4><b>25.06-12.07.2020 \u2013 Pirita Velodroom<\/b><\/h4>\n<pre><b>Keskmine<\/b> - 4.3km 22KP\r\n---------------------\r\n1. Tais Vakr\u00f5\u00f5m\t01:02:52\r\n\r\n<b>Valik<\/b>\r\n---------------------\r\n1. Urve Kain \t19KP 01:42:00\r\n<\/pre>\n<h4><b>9-21.06.2020 Merimetsa<\/b><\/h4>\n<pre><b>Keskmine<\/b> - 4.8km 19KP\r\n---------------------\r\n1. Liisi Kangur\t\t01:19:00\r\n2. Kaido Kikas\t\t01:50:20\r\n\r\n<b>L\u00fchike<\/b> - 2.9km 10KP\r\n---------------------\r\n1. Aleksei Spiridonov\t00:25:33\r\n<\/pre>\n<h4><b>3-14.06.2020 Juhkentali<\/b><\/h4>\n<pre><b>Keskmine<\/b> - 4.5km 18KP\r\n---------------------\r\n1. Imre Nemvalts\t00:25:38\r\n2. Peeter V\u00e4rnik\t00:29:05\r\n3. Heli Kain\t\t00:40:51\r\n4. Tais Vakr\u00f5\u00f5m\t\t00:43:05\r\n\r\n<b>Valik<\/b>\r\n---------------------\r\n1. Liisi Kangur \t18KP 01:16:00\r\n<\/pre>\n<h4><b>27.05-7.06.2020 M\u00e4nnipark<\/b><\/h4>\n<pre><b>Keskmine<\/b> - 4.8km 20KP\r\n---------------------\r\n1. Margit M\u00e4lter\t00:25:53\r\n2. Peeter V\u00e4rnik\t00:29:57\r\n3. Helen Alliksoo\t00:31:40\r\n4. Andra Puusepp\t00:39:37\r\n5. Maris Roosipuu\t00:39:40\r\n6. Tais Vakr\u00f5\u00f5m\t\t00:44:18\r\n\r\n<b>L\u00fchike<\/b> - 2.8km 13KP\r\n---------------------\r\n1. Aleksei Spiridonov\t00:16:24\r\n2. Merike M\u00e4ndsoo\t00:21:15\r\n\r\n<b>Valik<\/b>\r\n---------------------\r\n1. Mare Niitsoo \t20KP 00:32:00\r\n2. Liisi Kangur \t19KP 00:56:00\r\n<\/pre>\n","protected":false},"excerpt":{"rendered":"<p>3-21.02.2021 \u2013 N\u00f5mme H\u00fcppetorn Keskmine &#8211; 4.4km 19KP &#8212;&#8212;&#8212;&#8212;&#8212;&#8212;&#8212; 1. Konstantin Roomet 00:53:40 2. Tais Vakr\u00f5\u00f5m 01:13:17 L\u00fchike &#8211; 2.8km 12KP &#8212;&#8212;&#8212;&#8212;&#8212;&#8212;&#8212; 1. Aleksei Spiridonov 00:28:57 Valik &#8212;&#8212;&#8212;&#8212;&#8212;&#8212;&#8212; 1. \u00dclle Raudsepp 19KP 02:36:47 28.01-14.02.2021&#46;&#46;&#46;<\/p>\n","protected":false},"author":1,"featured_media":0,"parent":0,"menu_order":0,"comment_status":"closed","ping_status":"closed","template":"","meta":{"ngg_post_thumbnail":0,"footnotes":""},"class_list":["post-296","page","type-page","status-publish","hentry"],"_links":{"self":[{"href":"https:\/\/www.srd.ee\/srdsk\/wp-json\/wp\/v2\/pages\/296","targetHints":{"allow":["GET"]}}],"collection":[{"href":"https:\/\/www.srd.ee\/srdsk\/wp-json\/wp\/v2\/pages"}],"about":[{"href":"https:\/\/www.srd.ee\/srdsk\/wp-json\/wp\/v2\/types\/page"}],"author":[{"embeddable":true,"href":"https:\/\/www.srd.ee\/srdsk\/wp-json\/wp\/v2\/users\/1"}],"replies":[{"embeddable":true,"href":"https:\/\/www.srd.ee\/srdsk\/wp-json\/wp\/v2\/comments?post=296"}],"version-history":[{"count":0,"href":"https:\/\/www.srd.ee\/srdsk\/wp-json\/wp\/v2\/pages\/296\/revisions"}],"wp:attachment":[{"href":"https:\/\/www.srd.ee\/srdsk\/wp-json\/wp\/v2\/media?parent=296"}],"curies":[{"name":"wp","href":"https:\/\/api.w.org\/{rel}","templated":true}]}}