{"id":2155,"date":"2025-08-20T18:28:58","date_gmt":"2025-08-20T20:28:58","guid":{"rendered":"https:\/\/www.srd.ee\/srdsk\/?page_id=2155"},"modified":"2025-09-04T07:25:08","modified_gmt":"2025-09-04T09:25:08","slug":"2025-tallinna-mv-paaristeade","status":"publish","type":"page","link":"https:\/\/www.srd.ee\/srdsk\/2025-tallinna-mv-paaristeade\/","title":{"rendered":"Tallinna MV paaristeade 2025"},"content":{"rendered":"<p><a href=\"https:\/\/www.srd.ee\/results\/2025\/TallinnaMV_teade_Startlist0.htm\" target=\"_blank\" rel=\"noopener\">Stardiprotokoll<\/a> | <a href=\"https:\/\/otse.osport.ee\/failid\/otse\/index.htm?&amp;e=pj3387c\" target=\"_blank\" rel=\"noopener\">Live Tulemused<\/a> | <a href=\"https:\/\/www.srd.ee\/results\/2025\/TallinnaMV_teade_Results0.htm\" target=\"_blank\" rel=\"noopener\">Tulemused<\/a> | <a href=\"https:\/\/www.srd.ee\/results\/2025\/TallinnaMV_teade_Results1.htm\" target=\"_blank\" rel=\"noopener\">Vaheajad<\/a>&nbsp;| <a href=\"https:\/\/www.srd.ee\/srdsk\/photo\/nggallery\/album\/2025-tallinna-mv-paaristeade\">Pildid<\/a><\/p>\n<p>&nbsp;<\/p>\n<h2>Lisainfo<\/h2>\n<h3>Kaart ja rajad<\/h3>\n<p>MN16: 1,6 km \u2013 1,8 km<br \/>\nMN21: 2,0 km \u2013 2,2 km<br \/>\nMN40: 1,7 km \u2013 2,0 km<br \/>\nMN60: 1,6 km \u2013 1,8 km<br \/>\nVaba: 2,0 km \u2013 2,2 km<\/p>\n<p>Kasutatakse hajutust. Kaardil punkti j\u00e4rjekorranumbri k\u00f5rval on ka tunnusnumber. Legend on kaardil. Lisalegendid puuduvad. Maastikul punkte on palju, kontrollige numbrid!<\/p>\n<h3>Start<\/h3>\n<p>V\u00f5istlusel kasutatakse rinnanumbrid. Haakn\u00f5elad puuduvad (peavad v\u00f5istlejal endal olema).<br \/>\nEsimese vahetuse start toimub \u00fchisstardist. V\u00f5istlejatel on k\u00e4es rulli keeratud kaart mida tohib avada alles p\u00e4rast stardik\u00e4sklust. J\u00e4rgmiste vahetuste v\u00f5istlejad saavad v\u00f5istluskaardi k\u00e4tte stardikohtunikult teatevahetuse alasse sisenedes. Kaart on rulli keeratud ja kummiga kinni ning avada tohib selle alles p\u00e4rast oma teatevahetuse saamist. Vahetuse \u00fcleandmine toimub k\u00e4epuudutusest.<\/p>\n<h3>Parkimine<\/h3>\n<p>Parkimine on J\u00f5ek\u00e4\u00e4ru Forellip\u00fc\u00fcgi parklas, sealt v\u00f5istluskeskuseni on 500m.<br \/>\nWC on parklas ja ka v\u00f5istluskeskuses. Pesemisv\u00f5imalust ei ole.<\/p>\n<p><strong>Parkla &#8211; <\/strong>GPS: 59.482852, 25.475052, <a href=\"https:\/\/maps.app.goo.gl\/GAMyXkh6hNMT6wrUA\">Google Maps<\/a>,&nbsp; <a href=\"https:\/\/ul.waze.com\/ul?venue_id=16712275.166991676.3348444&amp;overview=yes&amp;utm_campaign=default&amp;utm_source=waze_website&amp;utm_medium=lm_share_location\">Waze<\/a><\/p>\n<p><img loading=\"lazy\" decoding=\"async\" class=\"size-full wp-image-2176 aligncenter\" src=\"https:\/\/www.srd.ee\/srdsk\/wp-content\/uploads\/sites\/15\/2025\/09\/parkla2025.gif\" alt=\"\" width=\"552\" height=\"365\"><\/p>\n<h3>Keskuse skeem<\/h3>\n<p><img loading=\"lazy\" decoding=\"async\" class=\"aligncenter size-full wp-image-2177\" src=\"https:\/\/www.srd.ee\/srdsk\/wp-content\/uploads\/sites\/15\/2025\/09\/keskus2025.gif\" alt=\"\" width=\"710\" height=\"604\"><\/p>\n<p>&nbsp;<\/p>\n<h2>Juhend<\/h2>\n<p><strong>Aeg<\/strong>:&nbsp;3. september 2025<br \/>\n<strong>Koht<\/strong>: Andineeme<br \/>\n<strong>Start<\/strong>: \u00fchisstardi algus 18.00<\/p>\n<h3>Osav\u00f5tuklassid ja osav\u00f5tutasud<\/h3>\n<p>V\u00f5istkond koosneb 2 liikmest (1 naine ja 1 mees).<br \/>\nKohustuslik jooksuj\u00e4rjekord: N-M-N-M. Iga v\u00f5istleja jookseb 2 korda.<br \/>\nIga vahetuse planeeritav v\u00f5itja aeg on u.12 min.<\/p>\n<p>MN16&nbsp;&nbsp;&nbsp;&nbsp;&nbsp;&nbsp;&nbsp;&nbsp;&nbsp;&nbsp;&nbsp;&nbsp;&nbsp;&nbsp;&nbsp;&nbsp;&nbsp; 10 \u20ac\/v\u00f5istkond<br \/>\nMN21&nbsp;&nbsp;&nbsp;&nbsp;&nbsp;&nbsp;&nbsp;&nbsp;&nbsp;&nbsp;&nbsp;&nbsp;&nbsp;&nbsp;&nbsp;&nbsp;&nbsp; 24 \u20ac\/v\u00f5istkond<br \/>\nMN40&nbsp;&nbsp;&nbsp;&nbsp;&nbsp;&nbsp;&nbsp;&nbsp;&nbsp;&nbsp;&nbsp;&nbsp;&nbsp;&nbsp;&nbsp;&nbsp;&nbsp; 24 \u20ac\/v\u00f5istkond<br \/>\nMN60&nbsp;&nbsp;&nbsp;&nbsp;&nbsp;&nbsp;&nbsp;&nbsp;&nbsp;&nbsp;&nbsp;&nbsp;&nbsp;&nbsp;&nbsp;&nbsp;&nbsp; 16 \u20ac\/v\u00f5istkond<br \/>\nVabaklass&nbsp;&nbsp;&nbsp;&nbsp;&nbsp;&nbsp;&nbsp;&nbsp;&nbsp;&nbsp;&nbsp; 24 \u20ac\/v\u00f5istkond (v\u00f5istkond v\u00f5ib koosneda ainult meestest v\u00f5i ainult naistest ja vanusepiirangut pole)<\/p>\n<p><strong>Kaart:<\/strong> Andineeme kaart. Kevad 2025. M\u00f5\u00f5tkava 1:7500, H=2,5m<br \/>\n<strong>Maastik:<\/strong>&nbsp;Ilus m\u00e4nnimets. Mikroreljef.<br \/>\n<strong>M\u00e4rkes\u00fcsteem:<\/strong>&nbsp;SPORTIdent Air+, aga toimivad ka tavalised SI pulgad.<\/p>\n<h3>Registreerimine<\/h3>\n<p>Kuni 31.08.2025 aadressil: <a href=\"https:\/\/www.osport.ee\/\">https:\/\/www.osport.ee\/<\/a> v\u00f5i e-kirjaga&nbsp;ella@srd.ee<br \/>\nStardiprotokollid ja v\u00f5istlusinfo avaldatakse hiljemalt 2.septembril.<br \/>\nRegistreerimisel teatada v\u00f5istleja nimi, v\u00f5istlusklass, EOL-kood ja SI-pulga number (v\u00f5i SI-pulga rendisoov).<br \/>\nRegistreerimisega samaaegselt tasuda osav\u00f5tutasu ja vajadusel SI-pulga renditasu (2 \u20ac) SRD spordiklubi arvele EE052200001120211587 Swedpangas.<\/p>\n<p><strong>Auhinnad<\/strong>: K\u00f5ikide v\u00f5istlusklasside (v.a. vabaklass) kolme paremat v\u00f5istkonda autasustatakse medalitega.<\/p>\n<p><span style=\"color: #ff0000;\">Osav\u00f5tt v\u00f5istlusest toimub oma riskil. V\u00f5imalikke \u00f5nnetusjuhtumite ja nende tagaj\u00e4rgede eest korraldaja vastutust ei kanna.<\/span><\/p>\n<p><strong>Korraldaja<\/strong>:&nbsp;SRD SK<br \/>\n<strong>Peakorraldaja<\/strong>: Ella Shved (+372 5118 863)<br \/>\n<strong>Rajameister<\/strong>: Dmitri Shved<\/p>\n<p>&nbsp;<\/p>","protected":false},"excerpt":{"rendered":"<p>Stardiprotokoll | Live Tulemused | Tulemused | Vaheajad&nbsp;| Pildid &nbsp; Lisainfo Kaart ja rajad MN16: 1,6 km \u2013 1,8 km MN21: 2,0 km \u2013 2,2 km MN40: 1,7 km \u2013 2,0 km MN60: 1,6&#46;&#46;&#46;<\/p>\n","protected":false},"author":1,"featured_media":0,"parent":0,"menu_order":0,"comment_status":"closed","ping_status":"closed","template":"","meta":{"ngg_post_thumbnail":0,"footnotes":""},"class_list":["post-2155","page","type-page","status-publish","hentry"],"_links":{"self":[{"href":"https:\/\/www.srd.ee\/srdsk\/wp-json\/wp\/v2\/pages\/2155","targetHints":{"allow":["GET"]}}],"collection":[{"href":"https:\/\/www.srd.ee\/srdsk\/wp-json\/wp\/v2\/pages"}],"about":[{"href":"https:\/\/www.srd.ee\/srdsk\/wp-json\/wp\/v2\/types\/page"}],"author":[{"embeddable":true,"href":"https:\/\/www.srd.ee\/srdsk\/wp-json\/wp\/v2\/users\/1"}],"replies":[{"embeddable":true,"href":"https:\/\/www.srd.ee\/srdsk\/wp-json\/wp\/v2\/comments?post=2155"}],"version-history":[{"count":15,"href":"https:\/\/www.srd.ee\/srdsk\/wp-json\/wp\/v2\/pages\/2155\/revisions"}],"predecessor-version":[{"id":2239,"href":"https:\/\/www.srd.ee\/srdsk\/wp-json\/wp\/v2\/pages\/2155\/revisions\/2239"}],"wp:attachment":[{"href":"https:\/\/www.srd.ee\/srdsk\/wp-json\/wp\/v2\/media?parent=2155"}],"curies":[{"name":"wp","href":"https:\/\/api.w.org\/{rel}","templated":true}]}}