{"id":205,"date":"2020-03-24T20:37:40","date_gmt":"2020-03-24T22:37:40","guid":{"rendered":"http:\/\/www.srd.ee\/srdsk\/?page_id=205"},"modified":"2020-03-24T20:37:40","modified_gmt":"2020-03-24T22:37:40","slug":"teenused","status":"publish","type":"page","link":"https:\/\/www.srd.ee\/srdsk\/teenused\/","title":{"rendered":"Teenused"},"content":{"rendered":"<p>Meie klubi pakub j\u00e4rgnevaid teenuseid:<\/p>\n<h4>Varustuse rent<\/h4>\n<ul>\n<li>SI\u00a0jaamad (kuni 30 tk) &#8211; 2.2 Euro\/tk<\/li>\n<li>Kontrollpunktit\u00e4his\u00a0(kuni 30 tk) &#8211; 0.35 Euro\/tk<\/li>\n<li>Kontrollpunkti\u00a0tokk koos kompostriga\u00a0ja SI\u00a0jaama alusega\u00a0(kuni\u00a030 tk)\u00a0 &#8211; 0.65 Euro\/tk<\/li>\n<li>Terastross lukuga &#8211; 0.3 eur\/kompl.<\/li>\n<li>Finishi komplekt (SI lugemisjaam,\u00a0kassa printer,\u00a0tindiprinter A4 formaadiga) &#8211; kokkuleppel<\/li>\n<li>Kollane lint lasterajale &#8211; 1 Euro\/500m<\/li>\n<\/ul>\n<h4>V\u00f5istluste korraldamine<\/h4>\n<ul>\n<li>Spordip\u00e4evade korraldamine koolidele &#8211; kokkuleppel<\/li>\n<li>Laste n\u00f6\u00f6riraja v\u00f5istluse korraldamine &#8211; kokkuleppel<\/li>\n<li>\u00dcrituste ja suvep\u00e4evade korraldamine\u00a0&#8211; kokkuleppel<\/li>\n<\/ul>\n<h4>Kaartide m\u00fc\u00fck<\/h4>\n<ul>\n<li>Kasutus\u00f5igus (\u04104) &#8211;\u00a0alates 0.70 Euro\/kaart<\/li>\n<li>Tr\u00fckitud kaardid (\u04104) &#8211;\u00a0alates 1.00 \u0415uro\/kaart<\/li>\n<\/ul>\n<p><\/p>","protected":false},"excerpt":{"rendered":"<p>Meie klubi pakub j\u00e4rgnevaid teenuseid: Varustuse rent SI\u00a0jaamad (kuni 30 tk) &#8211; 2.2 Euro\/tk Kontrollpunktit\u00e4his\u00a0(kuni 30 tk) &#8211; 0.35 Euro\/tk Kontrollpunkti\u00a0tokk koos kompostriga\u00a0ja SI\u00a0jaama alusega\u00a0(kuni\u00a030 tk)\u00a0 &#8211; 0.65 Euro\/tk Terastross lukuga &#8211; 0.3 eur\/kompl.&#46;&#46;&#46;<\/p>\n","protected":false},"author":1,"featured_media":0,"parent":0,"menu_order":0,"comment_status":"closed","ping_status":"closed","template":"","meta":{"ngg_post_thumbnail":0,"footnotes":""},"class_list":["post-205","page","type-page","status-publish","hentry"],"_links":{"self":[{"href":"https:\/\/www.srd.ee\/srdsk\/wp-json\/wp\/v2\/pages\/205","targetHints":{"allow":["GET"]}}],"collection":[{"href":"https:\/\/www.srd.ee\/srdsk\/wp-json\/wp\/v2\/pages"}],"about":[{"href":"https:\/\/www.srd.ee\/srdsk\/wp-json\/wp\/v2\/types\/page"}],"author":[{"embeddable":true,"href":"https:\/\/www.srd.ee\/srdsk\/wp-json\/wp\/v2\/users\/1"}],"replies":[{"embeddable":true,"href":"https:\/\/www.srd.ee\/srdsk\/wp-json\/wp\/v2\/comments?post=205"}],"version-history":[{"count":0,"href":"https:\/\/www.srd.ee\/srdsk\/wp-json\/wp\/v2\/pages\/205\/revisions"}],"wp:attachment":[{"href":"https:\/\/www.srd.ee\/srdsk\/wp-json\/wp\/v2\/media?parent=205"}],"curies":[{"name":"wp","href":"https:\/\/api.w.org\/{rel}","templated":true}]}}