{"id":203,"date":"2020-03-24T20:07:49","date_gmt":"2020-03-24T22:07:49","guid":{"rendered":"http:\/\/www.srd.ee\/srdsk\/?page_id=203"},"modified":"2022-09-23T07:36:25","modified_gmt":"2022-09-23T09:36:25","slug":"trennid","status":"publish","type":"page","link":"https:\/\/www.srd.ee\/srdsk\/trennid\/","title":{"rendered":"Trennid"},"content":{"rendered":"<p><strong>Lasnam\u00e4e<\/strong><br \/>\nTreener: Vladislav Pahhomenkov (tel. 556 329 96)<\/p>\n<ul>\n<li>Esmasp\u00e4ev -16.00 orienteerumine linnas v\u00f5i pargis (Linnaorienteerumine)<\/li>\n<li>Teisip\u00e4ev &#8211; 16.00 orienteerumine linnapargis v\u00f5i metsas (Metsaorienteerumine)<\/li>\n<li>Neljap\u00e4ev &#8211; 16:00 orienteerumisneljap\u00e4evak<\/li>\n<li>Reede &#8211; 16.00 saalis (\u00fcldtreenig ja m\u00e4ngud)<\/li>\n<\/ul>\n<p>K\u00f5ik kes soovivad tulla esimest korda trenni peavad enne \u00fchendust v\u00f5tma treeneriga, kuna treeningute ajad v\u00f5ivad muutuda ja internetis ei pruugi need muutused kirjas olla.<br \/>\nTrennid r\u00fchmas toimuvad septembrist kuni juunini ja maksavad 35\/45 eurot kuus.<\/p>","protected":false},"excerpt":{"rendered":"<p>Lasnam\u00e4e Treener: Vladislav Pahhomenkov (tel. 556 329 96) Esmasp\u00e4ev -16.00 orienteerumine linnas v\u00f5i pargis (Linnaorienteerumine) Teisip\u00e4ev &#8211; 16.00 orienteerumine linnapargis v\u00f5i metsas (Metsaorienteerumine) Neljap\u00e4ev &#8211; 16:00 orienteerumisneljap\u00e4evak Reede &#8211; 16.00 saalis (\u00fcldtreenig ja m\u00e4ngud)&#46;&#46;&#46;<\/p>\n","protected":false},"author":1,"featured_media":0,"parent":0,"menu_order":0,"comment_status":"closed","ping_status":"closed","template":"","meta":{"ngg_post_thumbnail":0,"footnotes":""},"class_list":["post-203","page","type-page","status-publish","hentry"],"_links":{"self":[{"href":"https:\/\/www.srd.ee\/srdsk\/wp-json\/wp\/v2\/pages\/203","targetHints":{"allow":["GET"]}}],"collection":[{"href":"https:\/\/www.srd.ee\/srdsk\/wp-json\/wp\/v2\/pages"}],"about":[{"href":"https:\/\/www.srd.ee\/srdsk\/wp-json\/wp\/v2\/types\/page"}],"author":[{"embeddable":true,"href":"https:\/\/www.srd.ee\/srdsk\/wp-json\/wp\/v2\/users\/1"}],"replies":[{"embeddable":true,"href":"https:\/\/www.srd.ee\/srdsk\/wp-json\/wp\/v2\/comments?post=203"}],"version-history":[{"count":0,"href":"https:\/\/www.srd.ee\/srdsk\/wp-json\/wp\/v2\/pages\/203\/revisions"}],"wp:attachment":[{"href":"https:\/\/www.srd.ee\/srdsk\/wp-json\/wp\/v2\/media?parent=203"}],"curies":[{"name":"wp","href":"https:\/\/api.w.org\/{rel}","templated":true}]}}