{"id":199,"date":"2020-03-24T19:54:01","date_gmt":"2020-03-24T21:54:01","guid":{"rendered":"http:\/\/www.srd.ee\/srdsk\/?page_id=199"},"modified":"2020-03-24T19:54:01","modified_gmt":"2020-03-24T21:54:01","slug":"lasterada","status":"publish","type":"page","link":"https:\/\/www.srd.ee\/srdsk\/lasterada\/","title":{"rendered":"Lasterada"},"content":{"rendered":"<p>Juba esimesel klubi asutamise aastal avaldas klubi initsatiivi lasteraja korraldamiseks\u00a0<a href=\"http:\/\/www.ton.ee\/\">Tallinna Neljap\u00e4evakutel (TON)<\/a>\u00a0. See on seotud sellega, et paljudel klubiliikmetel on v\u00e4ikesed lapsed. Nende jaoks on tavalise raja l\u00e4bimine veel raske, kuid tahtmist joosta j\u00e4tkub k\u00fcll. Varem oli nii, et emad-isad jooksid metsa vahel, aga lapsed m\u00e4ngisid palava p\u00e4ikese k\u00e4es liivakastis&#8230; Kaardist nad k\u00fcll veel aru ei saa, kuid ka niisama m\u00f6\u00f6da k\u00f6it joosta ja kontrollpunktides end \u00fcles m\u00e4rkida on nende jaoks v\u00e4ga huvitav.<\/p>\n<p><img loading=\"lazy\" decoding=\"async\" class=\"aligncenter size-full wp-image-200\" src=\"https:\/\/www.srd.ee\/srdsk\/wp-content\/uploads\/sites\/15\/2020\/03\/lapsed.jpg\" alt=\"\" width=\"581\" height=\"336\" \/><\/p>\n<p>N\u00fc\u00fcdseks loodud laste raja pikkus on vahemikus \u00fchest kuni pooleteise kilomeetrini. Kogu raja ulatuses on pandud maha lint ning kontrollpunktid asuvad otse selle peal, nii ,et \u00e4ra eksida on paktiliselt v\u00f5imatu. Siiski soovitame noorematel (3-4 aastastel) lastel ema v\u00f5i isa metsa kaasa v\u00f5tta. Metsas on tavaliselt kolm v\u00f5i neli kontrollpunkti, ning m\u00e4rkmed tehakse seal v\u00e4rviliste pliiatsitega (kompostritega k\u00f5ik lapsed iseseisvalt hakkama ei saa). Et osaleda jooksus Lasterada, on vaja osta \u00f5pilase kaart.<\/p>\n<p>P\u00e4rast finisit saab iga noor sportlane magusa autasu. Nii et lugupeetud t\u00e4iskasvanud, j\u00e4rgmine kord, kui tulete Neljap\u00e4evasele kogunemisele, \u00e4rge unustage v\u00f5tta kaasa ka oma\u00a0<span style=\"color: red;\">armsaid lapsi<\/span>!!!<\/p>","protected":false},"excerpt":{"rendered":"<p>Juba esimesel klubi asutamise aastal avaldas klubi initsatiivi lasteraja korraldamiseks\u00a0Tallinna Neljap\u00e4evakutel (TON)\u00a0. See on seotud sellega, et paljudel klubiliikmetel on v\u00e4ikesed lapsed. Nende jaoks on tavalise raja l\u00e4bimine veel raske, kuid tahtmist joosta j\u00e4tkub&#46;&#46;&#46;<\/p>\n","protected":false},"author":1,"featured_media":0,"parent":0,"menu_order":0,"comment_status":"closed","ping_status":"closed","template":"","meta":{"ngg_post_thumbnail":0,"footnotes":""},"class_list":["post-199","page","type-page","status-publish","hentry"],"_links":{"self":[{"href":"https:\/\/www.srd.ee\/srdsk\/wp-json\/wp\/v2\/pages\/199","targetHints":{"allow":["GET"]}}],"collection":[{"href":"https:\/\/www.srd.ee\/srdsk\/wp-json\/wp\/v2\/pages"}],"about":[{"href":"https:\/\/www.srd.ee\/srdsk\/wp-json\/wp\/v2\/types\/page"}],"author":[{"embeddable":true,"href":"https:\/\/www.srd.ee\/srdsk\/wp-json\/wp\/v2\/users\/1"}],"replies":[{"embeddable":true,"href":"https:\/\/www.srd.ee\/srdsk\/wp-json\/wp\/v2\/comments?post=199"}],"version-history":[{"count":0,"href":"https:\/\/www.srd.ee\/srdsk\/wp-json\/wp\/v2\/pages\/199\/revisions"}],"wp:attachment":[{"href":"https:\/\/www.srd.ee\/srdsk\/wp-json\/wp\/v2\/media?parent=199"}],"curies":[{"name":"wp","href":"https:\/\/api.w.org\/{rel}","templated":true}]}}