{"id":196,"date":"2020-03-24T19:32:22","date_gmt":"2020-03-24T21:32:22","guid":{"rendered":"http:\/\/www.srd.ee\/srdsk\/?page_id=196"},"modified":"2022-11-01T05:25:22","modified_gmt":"2022-11-01T07:25:22","slug":"legend","status":"publish","type":"page","link":"https:\/\/www.srd.ee\/srdsk\/legend\/","title":{"rendered":"Legend"},"content":{"rendered":"<p><\/p>\n<p style=\"text-align: center;\"><a href=\"https:\/\/www.srd.ee\/srdsk\/orienteering\/\">Mis on orienteerumine<\/a> | <a href=\"https:\/\/www.srd.ee\/srdsk\/kuidas-proovida\/\">Kuidas proovida<\/a> | <a href=\"https:\/\/www.srd.ee\/srdsk\/history\/\">Orienteerumise ajalugu<\/a> |\u00a0<a href=\"https:\/\/www.srd.ee\/srdsk\/kompass\/\">Kompass<\/a> |\u00a0<a href=\"https:\/\/www.srd.ee\/srdsk\/kontrollpunkt\/\">Kontrollpunkt<\/a> |\u00a0<a href=\"https:\/\/www.srd.ee\/srdsk\/sign\/\">Tingm\u00e4rgid<\/a>\u00a0|\u00a0<a href=\"https:\/\/www.srd.ee\/srdsk\/kaart\/\">Kaart<\/a>\u00a0|\u00a0<a href=\"https:\/\/www.srd.ee\/srdsk\/rajad-orienteerumisel\/\">Rajad orienteerumisel<\/a>\u00a0|\u00a0<a href=\"https:\/\/www.srd.ee\/srdsk\/teevalik\/\">Teevalik<\/a>\u00a0|\u00a0<a href=\"https:\/\/www.srd.ee\/srdsk\/legend\/\">Legend<\/a><\/p>\n<p>Enamus juhtudel on v\u00f5istlustel kontrollpunkti asukoha iseloomustamiseks peale s\u00fcmbolite ka s\u00f5nadega iseloomustatud. Kuid m\u00f6\u00f6dub natuke aega ja teile saab selgeks, et m\u00e4rgid annavad t\u00e4psema informatsiooni ja samuti on nende &#8220;lugemine&#8221; palju lihtsam ja kiirem variant.<\/p>\n<p>Algajatele tunduvad m\u00e4rgid imelike kujutistena, aga tegelikult kuuluvad nad range s\u00fcsteemi alla, samuti on nad v\u00e4ga kompaksed ja neid polegi nii raske meelde j\u00e4tta. Paljud neist meenutavad kaardil joonistatud objekte.<\/p>\n<p>No mida siis saab leida legendikaardilt? Esimene legendi rida sisaldab infot klassist, raja pikkusest ja k\u00f5rgusjoontest. Raja pikkus (kilomeetrites v\u00f5i meetrites) on minimaalne vahemaa, mille sportlane peab labima k\u00f5ikide punktide leidmiseks. \u00dches\u00f5naga pikkus m\u00f6\u00f6da sirgjooni, v\u00e4lja arvatud siis, kui rada l\u00e4bib l\u00e4bip\u00e4\u00e4smatut ala (n\u00e4iteks j\u00e4rv) v\u00f5i keelatud ala. J\u00e4rgmised read iseloomustavad stardi asukohta ja ka k\u00f5iki j\u00e4rgmisi punkte, esimesest &#8211; viimaseni.<\/p>\n<p><img loading=\"lazy\" decoding=\"async\" class=\"size-full wp-image-197 alignnone\" src=\"https:\/\/www.srd.ee\/srdsk\/wp-content\/uploads\/sites\/15\/2020\/03\/legend_example.gif\" alt=\"\" width=\"345\" height=\"83\" \/><\/p>\n<p>Lahter A: Punkti j\u00e4rjenumber (meie n\u00e4ites neljas punkt)<br \/>\nLahter B: Number, mis asub punkti v\u00f5i kompostri peal. Selle abil v\u00f5ite teada saada, kas teie leitud punkt on sama, mida te otsisite.<br \/>\nLahter C: Milline mitmest samasugustest orientiirist (meil &#8211; keskmine)<br \/>\nLahter D: Ise objekt, millel asub punkt (kivi)<br \/>\nLahter E: T\u00e4psustatud punkti asukoht (paksus metsas)<br \/>\nLahter F: Objekti suurused (1.5 meetrit pikk)<br \/>\nLahter G: Prisma asukoht (millises objekti osas v\u00f5i mis pool &#8211; meie n\u00e4ites idas)<br \/>\nLahter H: \u00dclej\u00e4\u00e4nud info (raadiopunkt)<\/p>\n<p>&nbsp;<\/p>","protected":false},"excerpt":{"rendered":"<p>Mis on orienteerumine | Kuidas proovida | Orienteerumise ajalugu |\u00a0Kompass |\u00a0Kontrollpunkt |\u00a0Tingm\u00e4rgid\u00a0|\u00a0Kaart\u00a0|\u00a0Rajad orienteerumisel\u00a0|\u00a0Teevalik\u00a0|\u00a0Legend Enamus juhtudel on v\u00f5istlustel kontrollpunkti asukoha iseloomustamiseks peale s\u00fcmbolite ka s\u00f5nadega iseloomustatud. Kuid m\u00f6\u00f6dub natuke aega ja teile saab selgeks, et&#46;&#46;&#46;<\/p>\n","protected":false},"author":1,"featured_media":0,"parent":0,"menu_order":0,"comment_status":"closed","ping_status":"closed","template":"","meta":{"ngg_post_thumbnail":0,"footnotes":""},"class_list":["post-196","page","type-page","status-publish","hentry"],"_links":{"self":[{"href":"https:\/\/www.srd.ee\/srdsk\/wp-json\/wp\/v2\/pages\/196","targetHints":{"allow":["GET"]}}],"collection":[{"href":"https:\/\/www.srd.ee\/srdsk\/wp-json\/wp\/v2\/pages"}],"about":[{"href":"https:\/\/www.srd.ee\/srdsk\/wp-json\/wp\/v2\/types\/page"}],"author":[{"embeddable":true,"href":"https:\/\/www.srd.ee\/srdsk\/wp-json\/wp\/v2\/users\/1"}],"replies":[{"embeddable":true,"href":"https:\/\/www.srd.ee\/srdsk\/wp-json\/wp\/v2\/comments?post=196"}],"version-history":[{"count":0,"href":"https:\/\/www.srd.ee\/srdsk\/wp-json\/wp\/v2\/pages\/196\/revisions"}],"wp:attachment":[{"href":"https:\/\/www.srd.ee\/srdsk\/wp-json\/wp\/v2\/media?parent=196"}],"curies":[{"name":"wp","href":"https:\/\/api.w.org\/{rel}","templated":true}]}}