{"id":1936,"date":"2024-03-09T15:28:38","date_gmt":"2024-03-09T17:28:38","guid":{"rendered":"https:\/\/www.srd.ee\/srdsk\/?page_id=1936"},"modified":"2024-09-03T19:16:01","modified_gmt":"2024-09-03T21:16:01","slug":"2024-tallinna-mv-paaristeade","status":"publish","type":"page","link":"https:\/\/www.srd.ee\/srdsk\/2024-tallinna-mv-paaristeade\/","title":{"rendered":"Tallinna MV paaristeade 2024"},"content":{"rendered":"<p><\/p>\n<h2><span style=\"font-size: 18pt;color: #008000\"><strong>Tallinna MV Paaristeade 2024<\/strong><\/span><\/h2>\n<p><a href=\"https:\/\/www.srd.ee\/results\/2024\/TallinnaMV_teade_Startlist0.htm\" target=\"_blank\" rel=\"noopener\">Stardiprotokoll<\/a> | <a href=\"https:\/\/otse.osport.ee\/failid\/otse\/index.htm?e=oj437d5\" target=\"_blank\" rel=\"noopener\">Live Tulemused<\/a> | <a href=\"https:\/\/www.srd.ee\/results\/2024\/TallinnaMV_teade_Results0.htm\" target=\"_blank\" rel=\"noopener\">Tulemused<\/a> | <a href=\"https:\/\/www.srd.ee\/results\/2024\/TallinnaMV_teade_Results1.htm\" target=\"_blank\" rel=\"noopener\">Vaheajad<\/a>\u00a0| <a \/>Pildid<\/a><\/p>\n<h2>Lisainfo<\/h2>\n<h3>Kaart ja rajad:<\/h3>\n<p>MN16: 1,4 km \u2013 1,6 km<br \/>\nMN21: 1,8 km \u2013 2,0 km<br \/>\nMN40: 1,6 km \u2013 1,8 km<br \/>\nMN60: 1,4 km \u2013 1,6 km<br \/>\nVaba:&nbsp; 1,8 km \u2013 2,0 km<\/p>\n<p>Kasutatakse hajutust. Kaardil punkti j\u00e4rjekorranumbri k\u00f5rval on ka tunnusnumber. Legend on kaardil. Lisalegendid puuduvad.<br \/>\nV\u00e4iksed karj\u00e4\u00e4rid, mis on kaardil sinise v\u00e4rviga t\u00e4idetud hetkel on praktiliselt kuivad ja soovi korral neid v\u00f5ib \u00fcletada.<\/p>\n<h3>Start<\/h3>\n<p>V\u00f5istlusel kasutatakse rinnanumbrid. Haakn\u00f5elad puuduvad (peavad v\u00f5istlejal endal olema).<br \/>\nEsimese&nbsp;vahetuse start toimub \u00fchisstardist. V\u00f5istlejatel on k\u00e4es rulli keeratud kaart mida tohib avada alles p\u00e4rast stardik\u00e4sklust.<br \/>\nJ\u00e4rgmiste vahetuste v\u00f5istlejad saavad &nbsp;v\u00f5istluskaardi k\u00e4tte stardikohtunikult teatevahetuse alasse sisenedes. Kaart on rulli keeratud ja kummiga kinni ning avada tohib selle alles p\u00e4rast oma teatevahetuse saamist. Vahetuse \u00fcleandmine toimub k\u00e4epuudutusest.<\/p>\n<h3>Parkimine<\/h3>\n<p>Parkla asub Rannas\u00fcdame tee alguses, vasakul pool. Rannas\u00fcdame tee ja Klooga mnt ristmiku koordinaadid: 59.421551, 24.350534 (Google Mapsi link: <a href=\"https:\/\/maps.app.goo.gl\/oLKtkpWABKBPHzMW8\">https:\/\/maps.app.goo.gl\/oLKtkpWABKBPHzMW8<\/a>) Parklast v\u00f5istluskeskusesse on ca 100 meetrit.<\/p>\n<p><img loading=\"lazy\" decoding=\"async\" class=\"aligncenter size-full wp-image-2038\" src=\"https:\/\/www.srd.ee\/srdsk\/wp-content\/uploads\/sites\/15\/2024\/09\/keskus2.jpg\" alt=\"\" width=\"553\" height=\"394\" srcset=\"https:\/\/www.srd.ee\/srdsk\/wp-content\/uploads\/sites\/15\/2024\/09\/keskus2.jpg 553w, https:\/\/www.srd.ee\/srdsk\/wp-content\/uploads\/sites\/15\/2024\/09\/keskus2-300x214.jpg 300w\" sizes=\"auto, (max-width: 553px) 100vw, 553px\" \/><\/p>\n<h3>Tualetid<\/h3>\n<p>Tualetid on parklas. Pesemisv\u00f5imalus &#8211; mererand 500 meetri kaugusel parklast.<\/p>\n<p>&nbsp;<\/p>\n<h2><strong><span style=\"font-size: 14pt;color: #008000\">Juhend<\/span><\/strong><\/h2>\n<p><span style=\"color: #008000\"><strong>Aeg:<\/strong>&nbsp;4. september 2024<\/span><\/p>\n<p><span style=\"color: #008000\"><strong>Koht:<\/strong>&nbsp;V\u00e4\u00e4na-J\u00f5esuu<\/span><\/p>\n<p><span style=\"color: #008000\"><strong>Start:<\/strong>&nbsp;\u00fchisstardi algus 18.00<\/span><\/p>\n<p><span style=\"color: #008000\"><strong>Osav\u00f5tuklassid ja osav\u00f5tutasud:<\/strong><\/span><\/p>\n<p><span style=\"color: #008000\">V\u00f5istkond koosneb 2 liikmest (1 naine ja 1 mees).<\/span><\/p>\n<p><span style=\"color: #008000\">Kohustuslik jooksuj\u00e4rjekord: N-M-N-M. Iga v\u00f5istleja jookseb 2 korda.<\/span><\/p>\n<p><span style=\"color: #008000\">Iga vahetuse planeeritav v\u00f5itja aeg on u.12 min.<\/span><\/p>\n<p><span style=\"color: #008000\">MN16&nbsp;&nbsp;&nbsp;&nbsp;&nbsp;&nbsp;&nbsp;&nbsp;&nbsp;&nbsp;&nbsp;&nbsp;&nbsp;&nbsp;&nbsp;&nbsp;&nbsp; 10 \u20ac\/v\u00f5istkond<\/span><\/p>\n<p><span style=\"color: #008000\">MN21&nbsp;&nbsp;&nbsp;&nbsp;&nbsp;&nbsp;&nbsp;&nbsp;&nbsp;&nbsp;&nbsp;&nbsp;&nbsp;&nbsp;&nbsp;&nbsp;&nbsp; 24 \u20ac\/v\u00f5istkond<\/span><\/p>\n<p><span style=\"color: #008000\">MN40&nbsp;&nbsp;&nbsp;&nbsp;&nbsp;&nbsp;&nbsp;&nbsp;&nbsp;&nbsp;&nbsp;&nbsp;&nbsp;&nbsp;&nbsp;&nbsp;&nbsp; 24 \u20ac\/v\u00f5istkond<\/span><\/p>\n<p><span style=\"color: #008000\">MN60&nbsp;&nbsp;&nbsp;&nbsp;&nbsp;&nbsp;&nbsp;&nbsp;&nbsp;&nbsp;&nbsp;&nbsp;&nbsp;&nbsp;&nbsp;&nbsp;&nbsp; 16 \u20ac\/v\u00f5istkond<\/span><\/p>\n<p><span style=\"color: #008000\">Vabaklass&nbsp;&nbsp;&nbsp;&nbsp;&nbsp;&nbsp;&nbsp;&nbsp;&nbsp;&nbsp;&nbsp; 24 \u20ac\/v\u00f5istkond (v\u00f5istkond v\u00f5ib koosneda ainult meestest v\u00f5i ainult naistest ja vanusepiirangut pole)<\/span><\/p>\n<p><span style=\"color: #008000\"><strong>Kaart:<\/strong> V\u00e4\u00e4na-J\u00f5esuu sprindi kaart. Valmis kevad 2024. M\u00f5\u00f5tkava 1:4000, H = 2.5 m<\/span><\/p>\n<p><img loading=\"lazy\" decoding=\"async\" class=\"aligncenter size-full wp-image-2031\" src=\"https:\/\/www.srd.ee\/srdsk\/wp-content\/uploads\/sites\/15\/2024\/08\/vjoesuumaps.jpg\" alt=\"\" width=\"671\" height=\"215\" srcset=\"https:\/\/www.srd.ee\/srdsk\/wp-content\/uploads\/sites\/15\/2024\/08\/vjoesuumaps.jpg 671w, https:\/\/www.srd.ee\/srdsk\/wp-content\/uploads\/sites\/15\/2024\/08\/vjoesuumaps-300x96.jpg 300w\" sizes=\"auto, (max-width: 671px) 100vw, 671px\" \/><\/p>\n<p><span style=\"color: #008000\"><strong>Maastik:<\/strong>&nbsp;Ilus m\u00e4nnimets, palju teid ja radu. Mikroreljef.<\/span><\/p>\n<p><span style=\"color: #008000\"><strong>M\u00e4rkes\u00fcsteem:<\/strong>&nbsp;SPORTIdent Air+, aga toimivad ka tavalised SI pulgad.<\/span><\/p>\n<p><span style=\"color: #008000\"><strong>Registreerimine:<\/strong>&nbsp;kuni 01.09.2024 aadressil: https:\/\/www.osport.ee\/ v\u00f5i e-kirjaga&nbsp;<a style=\"color: #008000\" href=\"mailto:ella@srd.ee\">ella@srd.ee<\/a><\/span><\/p>\n<p><span style=\"color: #008000\">Stardiprotokollid ja v\u00f5istlusinfo avaldatakse hiljemalt 3.septembril.<\/span><\/p>\n<p><span style=\"color: #008000\">Registreerimisel teatada v\u00f5istleja nimi, v\u00f5istlusklass, EOL-kood ja SI-pulga number (v\u00f5i SI-pulga rendisoov).<\/span><\/p>\n<p><span style=\"color: #008000\">Registreerimisega samaaegselt tasuda osav\u00f5tutasu ja vajadusel SI-pulga renditasu (2 \u20ac) <strong>SRD Spordiklubi<\/strong> kontole EE052200001120211587 Swedpangas.&nbsp;<\/span><\/p>\n<p><span style=\"color: #008000\"><strong>Auhinnad:<\/strong>&nbsp;K\u00f5ikide v\u00f5istlusklasside (v.a. vabaklass) kolme paremat v\u00f5istkonda autasustatakse medalitega.<\/span><\/p>\n<p><span style=\"color: #808000\"><strong>Lisainfo:<\/strong><\/span><\/p>\n<p><span style=\"color: #808000\">Kontrollaeg 2 tundi.<\/span><\/p>\n<p><span style=\"color: #808000\">Parklas on WC, parklast v\u00f5istluskeskuseni on 100m.<\/span><\/p>\n<p><span style=\"color: #808000\">Kasutatakse rinnanumbird. 1. (ja 3.) vahetuse number on \u00fchekohaline, 2. (ja 4.) vahetuse number on kolmekohaline. N\u00e4iteks: 1 ja 101.<\/span><\/p>\n<p>&nbsp;<\/p>\n<p><span style=\"color: #ff0000\">Osav\u00f5tt v\u00f5istlusest toimub oma riskil. V\u00f5imalikke \u00f5nnetusjuhtumite ja nende tagaj\u00e4rgede eest korraldaja vastutust ei kanna.<\/span><\/p>\n<p>&nbsp;<\/p>\n<p><span style=\"color: #008000\"><strong>Korraldaja:<\/strong> SRD Spordiklubi<\/span><\/p>\n<p><span style=\"color: #008000\"><strong>Peakorraldaja:<\/strong> Ella \u0160ved (5118863)<\/span><\/p>\n<p><span style=\"color: #008000\"><strong>Rajameister: <\/strong>Dmitri \u0160ved<\/span><\/p>","protected":false},"excerpt":{"rendered":"<p>Tallinna MV Paaristeade 2024 Stardiprotokoll | Live Tulemused | Tulemused | Vaheajad\u00a0| Pildid Lisainfo Kaart ja rajad: MN16: 1,4 km \u2013 1,6 km MN21: 1,8 km \u2013 2,0 km MN40: 1,6 km \u2013 1,8&#46;&#46;&#46;<\/p>\n","protected":false},"author":1,"featured_media":0,"parent":0,"menu_order":0,"comment_status":"closed","ping_status":"closed","template":"","meta":{"ngg_post_thumbnail":0,"footnotes":""},"class_list":["post-1936","page","type-page","status-publish","hentry"],"_links":{"self":[{"href":"https:\/\/www.srd.ee\/srdsk\/wp-json\/wp\/v2\/pages\/1936","targetHints":{"allow":["GET"]}}],"collection":[{"href":"https:\/\/www.srd.ee\/srdsk\/wp-json\/wp\/v2\/pages"}],"about":[{"href":"https:\/\/www.srd.ee\/srdsk\/wp-json\/wp\/v2\/types\/page"}],"author":[{"embeddable":true,"href":"https:\/\/www.srd.ee\/srdsk\/wp-json\/wp\/v2\/users\/1"}],"replies":[{"embeddable":true,"href":"https:\/\/www.srd.ee\/srdsk\/wp-json\/wp\/v2\/comments?post=1936"}],"version-history":[{"count":15,"href":"https:\/\/www.srd.ee\/srdsk\/wp-json\/wp\/v2\/pages\/1936\/revisions"}],"predecessor-version":[{"id":2042,"href":"https:\/\/www.srd.ee\/srdsk\/wp-json\/wp\/v2\/pages\/1936\/revisions\/2042"}],"wp:attachment":[{"href":"https:\/\/www.srd.ee\/srdsk\/wp-json\/wp\/v2\/media?parent=1936"}],"curies":[{"name":"wp","href":"https:\/\/api.w.org\/{rel}","templated":true}]}}