{"id":190,"date":"2020-03-24T18:50:20","date_gmt":"2020-03-24T20:50:20","guid":{"rendered":"http:\/\/www.srd.ee\/srdsk\/?page_id=190"},"modified":"2022-11-01T05:25:13","modified_gmt":"2022-11-01T07:25:13","slug":"teevalik","status":"publish","type":"page","link":"https:\/\/www.srd.ee\/srdsk\/teevalik\/","title":{"rendered":"Teevalik"},"content":{"rendered":"<p><\/p>\n<p style=\"text-align: center;\"><a href=\"https:\/\/www.srd.ee\/srdsk\/orienteering\/\">Mis on orienteerumine<\/a> | <a href=\"https:\/\/www.srd.ee\/srdsk\/kuidas-proovida\/\">Kuidas proovida<\/a> | <a href=\"https:\/\/www.srd.ee\/srdsk\/history\/\">Orienteerumise ajalugu<\/a> |\u00a0<a href=\"https:\/\/www.srd.ee\/srdsk\/kompass\/\">Kompass<\/a> |\u00a0<a href=\"https:\/\/www.srd.ee\/srdsk\/kontrollpunkt\/\">Kontrollpunkt<\/a> |\u00a0<a href=\"https:\/\/www.srd.ee\/srdsk\/sign\/\">Tingm\u00e4rgid<\/a>\u00a0|\u00a0<a href=\"https:\/\/www.srd.ee\/srdsk\/kaart\/\">Kaart<\/a>\u00a0|\u00a0<a href=\"https:\/\/www.srd.ee\/srdsk\/rajad-orienteerumisel\/\">Rajad orienteerumisel<\/a>\u00a0|\u00a0<a href=\"https:\/\/www.srd.ee\/srdsk\/teevalik\/\">Teevalik<\/a>\u00a0|\u00a0<a href=\"https:\/\/www.srd.ee\/srdsk\/legend\/\">Legend<\/a><\/p>\n<p><img loading=\"lazy\" decoding=\"async\" class=\"size-full wp-image-191 alignright\" src=\"https:\/\/www.srd.ee\/srdsk\/wp-content\/uploads\/sites\/15\/2020\/03\/or_route.gif\" alt=\"\" width=\"236\" height=\"367\" \/>Punkti leidmise m\u00f5te sisaldab endas \u00f5iget teevalikut ja l\u00e4bimist maastikul. See on k\u00fcll raske, kuid \u00f5nnestumise puhul pakub suurt rahuldust.<\/p>\n<p>Sellel kaardi t\u00fckikesel on n\u00e4idatud vaid m\u00f5ned punkti v\u00f5tmise variandid. Teevalik paneb \u00fclesandeks valida k\u00f5ige ratsionaalsem tee, mis n\u00f5uab k\u00f5ige v\u00e4hem aega. Tuleb v\u00e4lja, et k\u00f5ige l\u00fchem tee pole alati parem valik. Tee valikul peate silmas pidama mitut erinevat asja:<\/p>\n<ul>\n<li>kiirus teel erineb paljuski kiirusega p\u00f5llul v\u00f5i metsas<\/li>\n<li>liikumine rohelisega m\u00e4rgitud alal v\u00f5ib olla raskendatud<\/li>\n<li>tee m\u00e4est \u00fcles v\u00f5ib v\u00f5tta rohkem aega, kui ringiga minnes<\/li>\n<\/ul>\n<p>Raja l\u00e4bimisel m\u00e4rgitud teel, v\u00f5ib joostes mitmeid erinevaid variante valida. Allpool m\u00e4rgituid variandid KP otsimiseks m\u00f5jutavad ka teevalikut.<\/p>\n<ul>\n<li><strong>jooks suuna j\u00e4rgi.<\/strong>\u00a0Kasutatakse siis kui pole kindlaid orientiire.<\/li>\n<li><strong>jooks teades ette, mis tuleb.<\/strong>\u00a0Kasutatakse n\u00e4iteks, kui jooksete oja k\u00e4\u00e4nakule. J\u00f5udes oja \u00e4\u00e4rde ei tea te kas k\u00e4nnak on vasakul v\u00f5i paremal pool teist. Kui aga liikumisel v\u00f5tate natuke paremale siis teate kindlalt, et k\u00e4\u00e4nak on vasakul pool.<\/li>\n<li><strong>jooks &#8220;kotti&#8221;<\/strong>. Teades, et p\u00f5rkate kindla orientiiri vastu v\u00f5ite lisada kiirust ning ei pea nii palju t\u00f6\u00f6tama kaardi ja komposiga.<\/li>\n<li><strong>joonjooks<\/strong>. Lubab tunduvalt v\u00e4hem kompassi kasutada. Pealegi joonjooksuga saab pikema maa kiiresti l\u00e4bida, kuna joonjooks v\u00f5imaldab suurt kiirust.<\/li>\n<li><strong>jooks tugi kohtadega.<\/strong>\u00a0Tee valikul on soovitav teel\u00f5ik jagada mitmeks osaks ning nii mitte vajalike detaile mitte t\u00e4hele panna. Tulemusena hoiab see aega kokku ning iga orientiiri ei pea otsima iga kord kaardilt.<\/li>\n<li><strong>Suuna j\u00e4rgi ja lugedes kaarti.<\/strong>\u00a0Kui maastik on t\u00e4is v\u00e4ikeseid objekte ja on v\u00f5imatu leida tugipunkte siis peab liikuma t\u00e4pselt m\u00f6\u00f6da suunda ja t\u00f6\u00f6tama k\u00f5vasti kaardiga.<\/li>\n<\/ul>\n<p><\/p>","protected":false},"excerpt":{"rendered":"<p>Mis on orienteerumine | Kuidas proovida | Orienteerumise ajalugu |\u00a0Kompass |\u00a0Kontrollpunkt |\u00a0Tingm\u00e4rgid\u00a0|\u00a0Kaart\u00a0|\u00a0Rajad orienteerumisel\u00a0|\u00a0Teevalik\u00a0|\u00a0Legend Punkti leidmise m\u00f5te sisaldab endas \u00f5iget teevalikut ja l\u00e4bimist maastikul. See on k\u00fcll raske, kuid \u00f5nnestumise puhul pakub suurt rahuldust. Sellel&#46;&#46;&#46;<\/p>\n","protected":false},"author":1,"featured_media":0,"parent":0,"menu_order":0,"comment_status":"closed","ping_status":"closed","template":"","meta":{"ngg_post_thumbnail":0,"footnotes":""},"class_list":["post-190","page","type-page","status-publish","hentry"],"_links":{"self":[{"href":"https:\/\/www.srd.ee\/srdsk\/wp-json\/wp\/v2\/pages\/190","targetHints":{"allow":["GET"]}}],"collection":[{"href":"https:\/\/www.srd.ee\/srdsk\/wp-json\/wp\/v2\/pages"}],"about":[{"href":"https:\/\/www.srd.ee\/srdsk\/wp-json\/wp\/v2\/types\/page"}],"author":[{"embeddable":true,"href":"https:\/\/www.srd.ee\/srdsk\/wp-json\/wp\/v2\/users\/1"}],"replies":[{"embeddable":true,"href":"https:\/\/www.srd.ee\/srdsk\/wp-json\/wp\/v2\/comments?post=190"}],"version-history":[{"count":0,"href":"https:\/\/www.srd.ee\/srdsk\/wp-json\/wp\/v2\/pages\/190\/revisions"}],"wp:attachment":[{"href":"https:\/\/www.srd.ee\/srdsk\/wp-json\/wp\/v2\/media?parent=190"}],"curies":[{"name":"wp","href":"https:\/\/api.w.org\/{rel}","templated":true}]}}