{"id":186,"date":"2020-03-24T18:45:21","date_gmt":"2020-03-24T20:45:21","guid":{"rendered":"http:\/\/www.srd.ee\/srdsk\/?page_id=186"},"modified":"2022-11-01T05:24:54","modified_gmt":"2022-11-01T07:24:54","slug":"rajad-orienteerumisel","status":"publish","type":"page","link":"https:\/\/www.srd.ee\/srdsk\/rajad-orienteerumisel\/","title":{"rendered":"Rajad orienteerumisel"},"content":{"rendered":"<p><\/p>\n<p style=\"text-align: center;\"><a href=\"https:\/\/www.srd.ee\/srdsk\/orienteering\/\">Mis on orienteerumine<\/a> | <a href=\"https:\/\/www.srd.ee\/srdsk\/kuidas-proovida\/\">Kuidas proovida<\/a> | <a href=\"https:\/\/www.srd.ee\/srdsk\/history\/\">Orienteerumise ajalugu<\/a> |\u00a0<a href=\"https:\/\/www.srd.ee\/srdsk\/kompass\/\">Kompass<\/a> |\u00a0<a href=\"https:\/\/www.srd.ee\/srdsk\/kontrollpunkt\/\">Kontrollpunkt<\/a> |\u00a0<a href=\"https:\/\/www.srd.ee\/srdsk\/sign\/\">Tingm\u00e4rgid<\/a>\u00a0|\u00a0<a href=\"https:\/\/www.srd.ee\/srdsk\/kaart\/\">Kaart<\/a>\u00a0|\u00a0<a href=\"https:\/\/www.srd.ee\/srdsk\/rajad-orienteerumisel\/\">Rajad orienteerumisel<\/a>\u00a0|\u00a0<a href=\"https:\/\/www.srd.ee\/srdsk\/teevalik\/\">Teevalik<\/a>\u00a0|\u00a0<a href=\"https:\/\/www.srd.ee\/srdsk\/legend\/\">Legend<\/a><\/p>\n<p>Rada orienteerumise v\u00f5istlustel koosneb stardist, teatud punktide arvust, mille peab l\u00e4bima antud j\u00e4rjekorras ja finisist. Tavaliselt sportlane ei n\u00e4e kaarti ega sinna peale kantud rada enne starti. Ainult v\u00e4ikese t\u00e4htsusega v\u00f5istlustel, kui kaart on juba tuttav ja endal tuleb n\u00e4idise pealt rada oma puhta kaardi peale kanda. Tavaliselt viiakse v\u00f5istlus l\u00e4bi mitmetes vanuse gruppides ja erinevate raskusastmetega.<\/p>\n<p><img loading=\"lazy\" decoding=\"async\" class=\"size-full wp-image-187 aligncenter\" src=\"https:\/\/www.srd.ee\/srdsk\/wp-content\/uploads\/sites\/15\/2020\/03\/or_distance.gif\" alt=\"\" width=\"454\" height=\"220\" \/><\/p>\n<p>Teie ees on fragment orienteerumis rajast. Sellel on kujutatud kolmnurk, mis t\u00e4histab starti, edasi aga ringid, mis on omavahel \u00fchendatud, need on punktid. Esimesena peab l\u00e4bima punkti number 1 siis number 2 ja nii finisini v\u00e4lja. T\u00e4pse punkti asukoha kirjeldab maastikul legend. Legend t\u00e4psustab, mis asub punase ringi keskel.<\/p>\n<p><strong>Legend<\/strong>\u00a0meie n\u00e4ite jaoks on umbes selline:<\/p>\n<p>D16, 3.5km, 6kp<br \/>\nStart: teekeste ristumine<\/p>\n<table style=\"height: 98px;\" border=\"1\" width=\"241\" bgcolor=\"#ffff80\">\n<tbody>\n<tr>\n<td>1<\/td>\n<td>31<\/td>\n<td>orvand<\/td>\n<\/tr>\n<tr>\n<td>2<\/td>\n<td>32<\/td>\n<td>orvand<\/td>\n<\/tr>\n<tr>\n<td>3<\/td>\n<td>33<\/td>\n<td>auk<\/td>\n<\/tr>\n<\/tbody>\n<\/table>\n<p><u>Legend kirjeldab:<\/u><\/p>\n<ul>\n<li>Kontrollpunktide arv<\/li>\n<li>Iga punkti number, (tavaliselt kahearvuline number) mida saab n\u00e4ha kontrollpunkti enda peal.<\/li>\n<li>Kontrollpunkti asukoha kirjeldus maastikul<\/li>\n<\/ul>\n<p>Kuna suulisest kirjeldusest punkti asukohast saab iga\u00fcks erinevalt aru, selleks on legendi kirjeldamiseks v\u00e4lja tootatud spetsiaalsed s\u00fcmbolid. S\u00fcmbolid on paljuski tingm\u00e4rkide moodi, mille abil joonistatakse kaarti. \u00c4ra \u00f5ppida on soovitav\u00a0legendi s\u00fcmbolid\u00a0nii algajatel, kui ka neil kes pole metsas enam esimest korda.<\/p>","protected":false},"excerpt":{"rendered":"<p>Mis on orienteerumine | Kuidas proovida | Orienteerumise ajalugu |\u00a0Kompass |\u00a0Kontrollpunkt |\u00a0Tingm\u00e4rgid\u00a0|\u00a0Kaart\u00a0|\u00a0Rajad orienteerumisel\u00a0|\u00a0Teevalik\u00a0|\u00a0Legend Rada orienteerumise v\u00f5istlustel koosneb stardist, teatud punktide arvust, mille peab l\u00e4bima antud j\u00e4rjekorras ja finisist. Tavaliselt sportlane ei n\u00e4e kaarti ega&#46;&#46;&#46;<\/p>\n","protected":false},"author":1,"featured_media":0,"parent":0,"menu_order":0,"comment_status":"closed","ping_status":"closed","template":"","meta":{"ngg_post_thumbnail":0,"footnotes":""},"class_list":["post-186","page","type-page","status-publish","hentry"],"_links":{"self":[{"href":"https:\/\/www.srd.ee\/srdsk\/wp-json\/wp\/v2\/pages\/186","targetHints":{"allow":["GET"]}}],"collection":[{"href":"https:\/\/www.srd.ee\/srdsk\/wp-json\/wp\/v2\/pages"}],"about":[{"href":"https:\/\/www.srd.ee\/srdsk\/wp-json\/wp\/v2\/types\/page"}],"author":[{"embeddable":true,"href":"https:\/\/www.srd.ee\/srdsk\/wp-json\/wp\/v2\/users\/1"}],"replies":[{"embeddable":true,"href":"https:\/\/www.srd.ee\/srdsk\/wp-json\/wp\/v2\/comments?post=186"}],"version-history":[{"count":0,"href":"https:\/\/www.srd.ee\/srdsk\/wp-json\/wp\/v2\/pages\/186\/revisions"}],"wp:attachment":[{"href":"https:\/\/www.srd.ee\/srdsk\/wp-json\/wp\/v2\/media?parent=186"}],"curies":[{"name":"wp","href":"https:\/\/api.w.org\/{rel}","templated":true}]}}