{"id":182,"date":"2020-03-22T20:19:43","date_gmt":"2020-03-22T22:19:43","guid":{"rendered":"http:\/\/www.srd.ee\/srdsk\/?page_id=182"},"modified":"2022-11-01T05:24:47","modified_gmt":"2022-11-01T07:24:47","slug":"kaart","status":"publish","type":"page","link":"https:\/\/www.srd.ee\/srdsk\/kaart\/","title":{"rendered":"Kaart"},"content":{"rendered":"<p><\/p>\n<p style=\"text-align: center;\"><a href=\"https:\/\/www.srd.ee\/srdsk\/orienteering\/\">Mis on orienteerumine<\/a> | <a href=\"https:\/\/www.srd.ee\/srdsk\/kuidas-proovida\/\">Kuidas proovida<\/a> | <a href=\"https:\/\/www.srd.ee\/srdsk\/history\/\">Orienteerumise ajalugu<\/a> |\u00a0<a href=\"https:\/\/www.srd.ee\/srdsk\/kompass\/\">Kompass<\/a> |\u00a0<a href=\"https:\/\/www.srd.ee\/srdsk\/kontrollpunkt\/\">Kontrollpunkt<\/a> |\u00a0<a href=\"https:\/\/www.srd.ee\/srdsk\/sign\/\">Tingm\u00e4rgid<\/a>\u00a0|\u00a0<a href=\"https:\/\/www.srd.ee\/srdsk\/kaart\/\">Kaart<\/a>\u00a0|\u00a0<a href=\"https:\/\/www.srd.ee\/srdsk\/rajad-orienteerumisel\/\">Rajad orienteerumisel<\/a>\u00a0|\u00a0<a href=\"https:\/\/www.srd.ee\/srdsk\/teevalik\/\">Teevalik<\/a>\u00a0|\u00a0<a href=\"https:\/\/www.srd.ee\/srdsk\/legend\/\">Legend<\/a><\/p>\n<p><img loading=\"lazy\" decoding=\"async\" class=\"alignleft size-full wp-image-124\" src=\"https:\/\/www.srd.ee\/srdsk\/wp-content\/uploads\/sites\/15\/2020\/03\/map.jpg\" alt=\"\" width=\"300\" height=\"404\" \/><\/p>\n<p>Milleta ei saa orienteerumises l\u00e4bi &#8211; see on kaart. Kuigi orienteeruda v\u00f5ib peaaegu igal kaardil, pakub naudingut spetsiaalse kaardi kasutamine. Nad on t\u00e4psemad, omavad rohkem informatsiooni ja neid on parem lugeda jooksu ajal.<br \/>\nViimase viiek\u00fcmne aastaga on kaardid pidevalt muutunud. 1940. a. v\u00f5eti Skandinaavia maades kasutusele kaart m\u00f5\u00f5tmetega 1:100000 ( \u00fcks sentimeeter kaardil &#8211; on \u00fcks kilomeeter maastikul ). Praegusel ajal kasutatakse kaardil viite v\u00e4rvi, k\u00f5rguste vahedega 5 m ja mastaabiga 1:15000 v\u00f5i 1:10000 (\u00fcks sentimeeter kaardil &#8211; 150 v\u00f5i 100 meetrit maastikul). Samuti tulevad ette kaardid k\u00f5rgusjoonte vahedega 2,5 ja 10 meetrit.<\/p>\n<p>Kaardil on joonistatud spetsiaalsed jooned, mis n\u00e4itavad pxhja-lounasuunda. Nad on joonistatud sinise v\u00f5i musta v\u00e4rviga ja t\u00f5mmatakse vahega 500 meetrit maastikul. Need jooned aitavad tunduvalt paremini kompassiga suuna j\u00e4rgi orienteeruda.<\/p>\n<p>Objektide m\u00e4rkimiseks kaardil kasutatakse spetsiaalseid tingm\u00e4rke.<\/p>","protected":false},"excerpt":{"rendered":"<p>Mis on orienteerumine | Kuidas proovida | Orienteerumise ajalugu |\u00a0Kompass |\u00a0Kontrollpunkt |\u00a0Tingm\u00e4rgid\u00a0|\u00a0Kaart\u00a0|\u00a0Rajad orienteerumisel\u00a0|\u00a0Teevalik\u00a0|\u00a0Legend Milleta ei saa orienteerumises l\u00e4bi &#8211; see on kaart. Kuigi orienteeruda v\u00f5ib peaaegu igal kaardil, pakub naudingut spetsiaalse kaardi kasutamine. Nad&#46;&#46;&#46;<\/p>\n","protected":false},"author":1,"featured_media":0,"parent":0,"menu_order":0,"comment_status":"closed","ping_status":"closed","template":"","meta":{"ngg_post_thumbnail":0,"footnotes":""},"class_list":["post-182","page","type-page","status-publish","hentry"],"_links":{"self":[{"href":"https:\/\/www.srd.ee\/srdsk\/wp-json\/wp\/v2\/pages\/182","targetHints":{"allow":["GET"]}}],"collection":[{"href":"https:\/\/www.srd.ee\/srdsk\/wp-json\/wp\/v2\/pages"}],"about":[{"href":"https:\/\/www.srd.ee\/srdsk\/wp-json\/wp\/v2\/types\/page"}],"author":[{"embeddable":true,"href":"https:\/\/www.srd.ee\/srdsk\/wp-json\/wp\/v2\/users\/1"}],"replies":[{"embeddable":true,"href":"https:\/\/www.srd.ee\/srdsk\/wp-json\/wp\/v2\/comments?post=182"}],"version-history":[{"count":0,"href":"https:\/\/www.srd.ee\/srdsk\/wp-json\/wp\/v2\/pages\/182\/revisions"}],"wp:attachment":[{"href":"https:\/\/www.srd.ee\/srdsk\/wp-json\/wp\/v2\/media?parent=182"}],"curies":[{"name":"wp","href":"https:\/\/api.w.org\/{rel}","templated":true}]}}