{"id":179,"date":"2020-03-22T20:13:18","date_gmt":"2020-03-22T22:13:18","guid":{"rendered":"http:\/\/www.srd.ee\/srdsk\/?page_id=179"},"modified":"2022-11-01T05:24:31","modified_gmt":"2022-11-01T07:24:31","slug":"kontrollpunkt","status":"publish","type":"page","link":"https:\/\/www.srd.ee\/srdsk\/kontrollpunkt\/","title":{"rendered":"Kontrollpunkt"},"content":{"rendered":"<p><\/p>\n<p style=\"text-align: center;\"><a href=\"https:\/\/www.srd.ee\/srdsk\/orienteering\/\">Mis on orienteerumine<\/a> | <a href=\"https:\/\/www.srd.ee\/srdsk\/kuidas-proovida\/\">Kuidas proovida<\/a> | <a href=\"https:\/\/www.srd.ee\/srdsk\/history\/\">Orienteerumise ajalugu<\/a> |\u00a0<a href=\"https:\/\/www.srd.ee\/srdsk\/kompass\/\">Kompass<\/a> |\u00a0<a href=\"https:\/\/www.srd.ee\/srdsk\/kontrollpunkt\/\">Kontrollpunkt<\/a> |\u00a0<a href=\"https:\/\/www.srd.ee\/srdsk\/sign\/\">Tingm\u00e4rgid<\/a>\u00a0|\u00a0<a href=\"https:\/\/www.srd.ee\/srdsk\/kaart\/\">Kaart<\/a>\u00a0|\u00a0<a href=\"https:\/\/www.srd.ee\/srdsk\/rajad-orienteerumisel\/\">Rajad orienteerumisel<\/a>\u00a0|\u00a0<a href=\"https:\/\/www.srd.ee\/srdsk\/teevalik\/\">Teevalik<\/a>\u00a0|\u00a0<a href=\"https:\/\/www.srd.ee\/srdsk\/legend\/\">Legend<\/a><\/p>\n<p><img loading=\"lazy\" decoding=\"async\" class=\"alignleft size-full wp-image-180\" src=\"https:\/\/www.srd.ee\/srdsk\/wp-content\/uploads\/sites\/15\/2020\/03\/sveta_kp.jpg\" alt=\"\" width=\"240\" height=\"320\" \/><\/p>\n<p>Kuidas te saate siis teada, et olete l\u00f5puks punkti metsas \u00fcles leidnud?<\/p>\n<p>K\u00f5ik on v\u00e4ga lihtne. Maastikul n\u00e4ete punast-valget kolmnurkset prismat, mis on asetatud otse maa peale v\u00f5i siis natuke k\u00f5rgemale. Punktis asub ka alati SI-jaam ja komposter. Peal kirjutatakse punkti number, legendi j\u00e4rgi peab kontrollima, kas see on seesama punkt, mida te otsisite. Alles peale seda v\u00f5ib teha m\u00e4rke. Alati kontrollige punkti numbrit, sest vale punkti m\u00e4rkimisel teie tulemus t\u00fchistatakse.<\/p>","protected":false},"excerpt":{"rendered":"<p>Mis on orienteerumine | Kuidas proovida | Orienteerumise ajalugu |\u00a0Kompass |\u00a0Kontrollpunkt |\u00a0Tingm\u00e4rgid\u00a0|\u00a0Kaart\u00a0|\u00a0Rajad orienteerumisel\u00a0|\u00a0Teevalik\u00a0|\u00a0Legend Kuidas te saate siis teada, et olete l\u00f5puks punkti metsas \u00fcles leidnud? K\u00f5ik on v\u00e4ga lihtne. Maastikul n\u00e4ete punast-valget kolmnurkset prismat,&#46;&#46;&#46;<\/p>\n","protected":false},"author":1,"featured_media":0,"parent":0,"menu_order":0,"comment_status":"closed","ping_status":"closed","template":"","meta":{"ngg_post_thumbnail":0,"footnotes":""},"class_list":["post-179","page","type-page","status-publish","hentry"],"_links":{"self":[{"href":"https:\/\/www.srd.ee\/srdsk\/wp-json\/wp\/v2\/pages\/179","targetHints":{"allow":["GET"]}}],"collection":[{"href":"https:\/\/www.srd.ee\/srdsk\/wp-json\/wp\/v2\/pages"}],"about":[{"href":"https:\/\/www.srd.ee\/srdsk\/wp-json\/wp\/v2\/types\/page"}],"author":[{"embeddable":true,"href":"https:\/\/www.srd.ee\/srdsk\/wp-json\/wp\/v2\/users\/1"}],"replies":[{"embeddable":true,"href":"https:\/\/www.srd.ee\/srdsk\/wp-json\/wp\/v2\/comments?post=179"}],"version-history":[{"count":0,"href":"https:\/\/www.srd.ee\/srdsk\/wp-json\/wp\/v2\/pages\/179\/revisions"}],"wp:attachment":[{"href":"https:\/\/www.srd.ee\/srdsk\/wp-json\/wp\/v2\/media?parent=179"}],"curies":[{"name":"wp","href":"https:\/\/api.w.org\/{rel}","templated":true}]}}