{"id":177,"date":"2020-03-22T19:37:21","date_gmt":"2020-03-22T21:37:21","guid":{"rendered":"http:\/\/www.srd.ee\/srdsk\/?page_id=177"},"modified":"2022-11-01T05:24:39","modified_gmt":"2022-11-01T07:24:39","slug":"sign","status":"publish","type":"page","link":"https:\/\/www.srd.ee\/srdsk\/sign\/","title":{"rendered":"Tingm\u00e4rgid"},"content":{"rendered":"<p><\/p>\n<p style=\"text-align: center;\"><a href=\"https:\/\/www.srd.ee\/srdsk\/orienteering\/\">Mis on orienteerumine<\/a> | <a href=\"https:\/\/www.srd.ee\/srdsk\/kuidas-proovida\/\">Kuidas proovida<\/a> | <a href=\"https:\/\/www.srd.ee\/srdsk\/history\/\">Orienteerumise ajalugu<\/a> |\u00a0<a href=\"https:\/\/www.srd.ee\/srdsk\/kompass\/\">Kompass<\/a> |\u00a0<a href=\"https:\/\/www.srd.ee\/srdsk\/kontrollpunkt\/\">Kontrollpunkt<\/a> |\u00a0<a href=\"https:\/\/www.srd.ee\/srdsk\/sign\/\">Tingm\u00e4rgid<\/a>\u00a0|\u00a0<a href=\"https:\/\/www.srd.ee\/srdsk\/kaart\/\">Kaart<\/a>\u00a0|\u00a0<a href=\"https:\/\/www.srd.ee\/srdsk\/rajad-orienteerumisel\/\">Rajad orienteerumisel<\/a>\u00a0|\u00a0<a href=\"https:\/\/www.srd.ee\/srdsk\/teevalik\/\">Teevalik<\/a>\u00a0|\u00a0<a href=\"https:\/\/www.srd.ee\/srdsk\/legend\/\">Legend<\/a><\/p>\n<p>Selleks, et neid oleks lihtsam meelde j\u00e4tta, on iga objektide grupp esindatud kindla v\u00e4rviga.<br \/>\n<strong>Musta<\/strong> v\u00e4rviga on m\u00e4rgitud kaljud, kivid ning k\u00f5ik kunstobjektid (inimese poolt loodud) &#8211; alates teekestest, l\u00f5petades majadega.<br \/>\n<strong>Pruuniga<\/strong> on m\u00e4rgitud igasugused reljeefivormid &#8211; k\u00fcnkad, lohud, orvandid jne.<br \/>\n<strong>Sinise<\/strong> v\u00e4rviga on m\u00e4rgitud k\u00f5ik, mis puudutab vett &#8211; alates ojakesest, l\u00f5petades sooga.<br \/>\n<strong>Kollase<\/strong> ja <strong>rohelisega<\/strong> on m\u00e4rgitud taimestik &#8211; kollasega lagedad alad(p\u00f5llud), rohelisega vastupidi &#8211; raskesti l\u00e4bitavad alad(tihnik).<br \/>\n<strong>Valgega<\/strong> m\u00e4rgitakse tavalist metsa, kus on lihtne ja meeldiv joosta.<br \/>\n<strong>Punase<\/strong> v\u00e4rviga on m\u00e4rgitud rada &#8211; start, punktid, fini\u0161 ja t\u00e4iendav informatsioon (n\u00e4iteks, l\u00e4bimiseks keelatud ala).<\/p>\n<p>Tingm\u00e4rke aeg-ajalt muudetakse. Sellega tegeleb spetsiaalne Kartograafia Komisjon Rahvusvahelise Orienteerumisf\u00f6deratsiooni (IOF) juures. See Komisjon on loonud erinevaid tingm\u00e4rkide kogusid peamistele orienteerumisaladele:<\/p>\n<ul>\n<li>Orienteerumisjooks<\/li>\n<li>Sprindiorienteerumine<\/li>\n<li>Suusaorienteerumine<\/li>\n<li>Jalgrattaorienteerumine<\/li>\n<\/ul>\n<p>K\u00f5ik vajalikud dokumendid saab k\u00e4tte IOF veebilehelt:<\/p>\n<ul>\n<li><a href=\"https:\/\/orienteering.sport\/iof\/mapping\/\">https:\/\/orienteering.sport\/iof\/mapping\/<\/a><\/li>\n<\/ul>\n<p><\/p>","protected":false},"excerpt":{"rendered":"<p>Mis on orienteerumine | Kuidas proovida | Orienteerumise ajalugu |\u00a0Kompass |\u00a0Kontrollpunkt |\u00a0Tingm\u00e4rgid\u00a0|\u00a0Kaart\u00a0|\u00a0Rajad orienteerumisel\u00a0|\u00a0Teevalik\u00a0|\u00a0Legend Selleks, et neid oleks lihtsam meelde j\u00e4tta, on iga objektide grupp esindatud kindla v\u00e4rviga. Musta v\u00e4rviga on m\u00e4rgitud kaljud, kivid ning&#46;&#46;&#46;<\/p>\n","protected":false},"author":1,"featured_media":0,"parent":0,"menu_order":0,"comment_status":"closed","ping_status":"closed","template":"","meta":{"ngg_post_thumbnail":0,"footnotes":""},"class_list":["post-177","page","type-page","status-publish","hentry"],"_links":{"self":[{"href":"https:\/\/www.srd.ee\/srdsk\/wp-json\/wp\/v2\/pages\/177","targetHints":{"allow":["GET"]}}],"collection":[{"href":"https:\/\/www.srd.ee\/srdsk\/wp-json\/wp\/v2\/pages"}],"about":[{"href":"https:\/\/www.srd.ee\/srdsk\/wp-json\/wp\/v2\/types\/page"}],"author":[{"embeddable":true,"href":"https:\/\/www.srd.ee\/srdsk\/wp-json\/wp\/v2\/users\/1"}],"replies":[{"embeddable":true,"href":"https:\/\/www.srd.ee\/srdsk\/wp-json\/wp\/v2\/comments?post=177"}],"version-history":[{"count":0,"href":"https:\/\/www.srd.ee\/srdsk\/wp-json\/wp\/v2\/pages\/177\/revisions"}],"wp:attachment":[{"href":"https:\/\/www.srd.ee\/srdsk\/wp-json\/wp\/v2\/media?parent=177"}],"curies":[{"name":"wp","href":"https:\/\/api.w.org\/{rel}","templated":true}]}}