{"id":175,"date":"2020-03-22T19:05:54","date_gmt":"2020-03-22T21:05:54","guid":{"rendered":"http:\/\/www.srd.ee\/srdsk\/?page_id=175"},"modified":"2022-11-01T05:24:24","modified_gmt":"2022-11-01T07:24:24","slug":"kompass","status":"publish","type":"page","link":"https:\/\/www.srd.ee\/srdsk\/kompass\/","title":{"rendered":"Kompass &#8211; orienteeruja parim s\u00f5ber"},"content":{"rendered":"<p><\/p>\n<p style=\"text-align: center;\"><a href=\"https:\/\/www.srd.ee\/srdsk\/orienteering\/\">Mis on orienteerumine<\/a> | <a href=\"https:\/\/www.srd.ee\/srdsk\/kuidas-proovida\/\">Kuidas proovida<\/a> | <a href=\"https:\/\/www.srd.ee\/srdsk\/history\/\">Orienteerumise ajalugu<\/a> |\u00a0<a href=\"https:\/\/www.srd.ee\/srdsk\/kompass\/\">Kompass<\/a> |\u00a0<a href=\"https:\/\/www.srd.ee\/srdsk\/kontrollpunkt\/\">Kontrollpunkt<\/a> |\u00a0<a href=\"https:\/\/www.srd.ee\/srdsk\/sign\/\">Tingm\u00e4rgid<\/a>\u00a0|\u00a0<a href=\"https:\/\/www.srd.ee\/srdsk\/kaart\/\">Kaart<\/a>\u00a0|\u00a0<a href=\"https:\/\/www.srd.ee\/srdsk\/rajad-orienteerumisel\/\">Rajad orienteerumisel<\/a>\u00a0|\u00a0<a href=\"https:\/\/www.srd.ee\/srdsk\/teevalik\/\">Teevalik<\/a>\u00a0|\u00a0<a href=\"https:\/\/www.srd.ee\/srdsk\/legend\/\">Legend<\/a><\/p>\n<p>Nende inimeste seas, kes tahaksid orienteeruma \u00f5ppida, esineb arvamus, nagu oleks kompassi kasutamine-k\u00f5ige raskem ja keerulisem asi kogu orienteerumises. Selline arvamus on t\u00e4iesti vale, sest kui te omandate m\u00f5ned lihtsad k\u00e4eliigutused, ongi teil kompassi kasutamine selge.<\/p>\n<p>On olemas palju erinevaid kompassi t\u00fc\u00fcpe, spetsiaalselt m\u00f5eldud sportlikuks orienteerumiseks. Nad v\u00f5ivad olla t\u00e4idetud nii \u00f5huga, kui ka spetsiaalse vedelikuga. Vedelikuga kompass on parem, sest nool saavutab vedelikus kiiresti pusiva asendi. \u00d5huga kompass on tunduvalt odavam ja seda v\u00f5ivad kasutada just algajad. Neil kellel on rohkem kogemusi ja kes osalevad v\u00f5istlustel, vajavad kompassi, mis on t\u00e4idetud vedelikuga. See kompass aitab kokku hoida aega ja hoida kindlalt suunda liikumise ajal.<\/p>\n<p>Kompassi nooled on varvitud 2 v\u00e4rviga. Punane v\u00e4rv n\u00e4itab p\u00f5hja, aga valge(v\u00f5i must) &#8211; l\u00f5unasse. Rohkem kasutatavaid kompasse on kahte t\u00fc\u00fcpi &#8211; plaadikompass ja n\u00e4pukompass.<\/p>\n<p><img loading=\"lazy\" decoding=\"async\" class=\"size-full wp-image-116 alignleft\" src=\"https:\/\/www.srd.ee\/srdsk\/wp-content\/uploads\/sites\/15\/2020\/03\/compass1.gif\" alt=\"\" width=\"150\" height=\"111\" \/>Esimene kompassi t\u00fc\u00fcp kujutab endast l\u00e4bipaistvat platvormi, mille k\u00fclge on kinnitatud kompass noolega. Platvormil, olenevalt mudelist, v\u00f5ib olla luup, augud stardi ja punktide joonistamiseks, sammude arvutaja, tavaline joonlaud, joonlaud vahemaade arvutamiseks ning spetsiaalne suunduv paralleelselt punasele noolele, mida kasutatakse suunaga liikumiseks . Selleks, et kompass \u00e4ra ei kaoks kinnitatakse ta spetsiaalse n\u00f6\u00f6riga k\u00e4e k\u00fclge<\/p>\n<p>&nbsp;<\/p>\n<p><img loading=\"lazy\" decoding=\"async\" class=\"size-full wp-image-117 alignleft\" src=\"https:\/\/www.srd.ee\/srdsk\/wp-content\/uploads\/sites\/15\/2020\/03\/compass2.gif\" alt=\"\" width=\"69\" height=\"69\" \/>80. aastate keskel t\u00f6\u00f6tasid rootsi orienteerujad v\u00e4lja n\u00e4pukompassi. See kinnitatakse s\u00f5rme k\u00fclge vasakul k\u00e4el, mis peab samal ajal ka kaarti hoidma. Selle kompassi eeliseks on see, et kaart ja kompass moodustavad \u00fchise terviku ja nii j\u00e4\u00e4b teine k\u00e4si vabaks. Miinuseks on see, et n\u00e4pukompassiga on raskem \u00f5iget suunda hoida. Millist t\u00fc\u00fcpi kompassi sportlane tahab kasutada on tema enda valida, kuid v\u00f5iks mainida, et m\u00f5lema kompassiga on tuldud Maailma meistriks<\/p>\n<p>&nbsp;<\/p>\n<hr \/>\n<div class=\"topic\">\n<h4>Milleks vajab orienteeruja kompassi?<\/h4>\n<\/div>\n<ul>\n<li>selleks, et leida kaardi peal \u00fcles p\u00f5hi<\/li>\n<li>jooksmiseks suuna j\u00e4rgi<\/li>\n<\/ul>\n<div>\n<h4>Kuidas \u00f5ieti v\u00f5tta ette kaart?<\/h4>\n<\/div>\n<p>See on k\u00f5ige lihtsam ja arvatavasti t\u00e4htsaim vaiadus kompassi kasutamisel.<\/p>\n<ul>\n<li>v\u00f5tke kaart ette horisontaanselt<\/li>\n<li>pange sinna peale kompass<\/li>\n<li>keerake kaarti niikaua, kuni kaardil olevate noolte suund samastub kompassi noolega, see t\u00e4hendab, et nad peavad \u00fchele poolele n\u00e4itama<\/li>\n<\/ul>\n<div class=\"topic\"><\/div>\n<p><\/p>","protected":false},"excerpt":{"rendered":"<p>Mis on orienteerumine | Kuidas proovida | Orienteerumise ajalugu |\u00a0Kompass |\u00a0Kontrollpunkt |\u00a0Tingm\u00e4rgid\u00a0|\u00a0Kaart\u00a0|\u00a0Rajad orienteerumisel\u00a0|\u00a0Teevalik\u00a0|\u00a0Legend Nende inimeste seas, kes tahaksid orienteeruma \u00f5ppida, esineb arvamus, nagu oleks kompassi kasutamine-k\u00f5ige raskem ja keerulisem asi kogu orienteerumises. Selline arvamus&#46;&#46;&#46;<\/p>\n","protected":false},"author":1,"featured_media":0,"parent":0,"menu_order":0,"comment_status":"closed","ping_status":"closed","template":"","meta":{"ngg_post_thumbnail":0,"footnotes":""},"class_list":["post-175","page","type-page","status-publish","hentry"],"_links":{"self":[{"href":"https:\/\/www.srd.ee\/srdsk\/wp-json\/wp\/v2\/pages\/175","targetHints":{"allow":["GET"]}}],"collection":[{"href":"https:\/\/www.srd.ee\/srdsk\/wp-json\/wp\/v2\/pages"}],"about":[{"href":"https:\/\/www.srd.ee\/srdsk\/wp-json\/wp\/v2\/types\/page"}],"author":[{"embeddable":true,"href":"https:\/\/www.srd.ee\/srdsk\/wp-json\/wp\/v2\/users\/1"}],"replies":[{"embeddable":true,"href":"https:\/\/www.srd.ee\/srdsk\/wp-json\/wp\/v2\/comments?post=175"}],"version-history":[{"count":0,"href":"https:\/\/www.srd.ee\/srdsk\/wp-json\/wp\/v2\/pages\/175\/revisions"}],"wp:attachment":[{"href":"https:\/\/www.srd.ee\/srdsk\/wp-json\/wp\/v2\/media?parent=175"}],"curies":[{"name":"wp","href":"https:\/\/api.w.org\/{rel}","templated":true}]}}