{"id":1597,"date":"2023-01-16T08:34:59","date_gmt":"2023-01-16T10:34:59","guid":{"rendered":"http:\/\/www.srd.ee\/srdsk\/?page_id=1597"},"modified":"2024-03-20T17:39:16","modified_gmt":"2024-03-20T19:39:16","slug":"events-and-trips","status":"publish","type":"page","link":"https:\/\/www.srd.ee\/srdsk\/events-and-trips\/","title":{"rendered":"V\u00f5istlused ja v\u00e4ljas\u00f5idud"},"content":{"rendered":"<p>Allpool on nimekiri v\u00f5istlustest, mida meie klubi plaanib l\u00e4bi viia, ja nimekiri v\u00f5istlustest, kuhu plaanime v\u00e4ljas\u00f5ite korraldada.<br \/>\nT\u00e4psemat infot plaanitavate reiside kohta saab klubi presidendilt &#8211; Ella \u0160vedilt.<\/p>\n<p>    <div class=\"item-list\">\r\n        <ul>\r\n                            <li><span style='font-weight: bold;'>18.06<\/span> <span style='font-weight: normal;'><a href=\"https:\/\/www.ton.ee\">TON - SRD SK<\/a><\/span> - J\u00e4rvi J\u00e4rved<\/li>\r\n                        <\/ul>\r\n    <\/div>\r\n    <\/p>","protected":false},"excerpt":{"rendered":"<p>Allpool on nimekiri v\u00f5istlustest, mida meie klubi plaanib l\u00e4bi viia, ja nimekiri v\u00f5istlustest, kuhu plaanime v\u00e4ljas\u00f5ite korraldada. T\u00e4psemat infot plaanitavate reiside kohta saab klubi presidendilt &#8211; Ella \u0160vedilt.<\/p>\n","protected":false},"author":1,"featured_media":0,"parent":0,"menu_order":0,"comment_status":"closed","ping_status":"closed","template":"","meta":{"ngg_post_thumbnail":0,"footnotes":""},"class_list":["post-1597","page","type-page","status-publish","hentry"],"_links":{"self":[{"href":"https:\/\/www.srd.ee\/srdsk\/wp-json\/wp\/v2\/pages\/1597","targetHints":{"allow":["GET"]}}],"collection":[{"href":"https:\/\/www.srd.ee\/srdsk\/wp-json\/wp\/v2\/pages"}],"about":[{"href":"https:\/\/www.srd.ee\/srdsk\/wp-json\/wp\/v2\/types\/page"}],"author":[{"embeddable":true,"href":"https:\/\/www.srd.ee\/srdsk\/wp-json\/wp\/v2\/users\/1"}],"replies":[{"embeddable":true,"href":"https:\/\/www.srd.ee\/srdsk\/wp-json\/wp\/v2\/comments?post=1597"}],"version-history":[{"count":3,"href":"https:\/\/www.srd.ee\/srdsk\/wp-json\/wp\/v2\/pages\/1597\/revisions"}],"predecessor-version":[{"id":1942,"href":"https:\/\/www.srd.ee\/srdsk\/wp-json\/wp\/v2\/pages\/1597\/revisions\/1942"}],"wp:attachment":[{"href":"https:\/\/www.srd.ee\/srdsk\/wp-json\/wp\/v2\/media?parent=1597"}],"curies":[{"name":"wp","href":"https:\/\/api.w.org\/{rel}","templated":true}]}}