{"id":155,"date":"2020-03-19T21:50:01","date_gmt":"2020-03-19T23:50:01","guid":{"rendered":"http:\/\/www.srd.ee\/srdsk\/?page_id=155"},"modified":"2020-03-19T22:19:00","modified_gmt":"2020-03-20T00:19:00","slug":"charter","status":"publish","type":"page","link":"https:\/\/www.srd.ee\/srdsk\/charter\/","title":{"rendered":"SRD SK P\u00f5hikiri"},"content":{"rendered":"<p><\/p>\n<div align=\"right\">Kinnitatud SRD spordiklubi asutamislepinguga 02. veebruaril 1997.a.<\/div>\n<h5><a title=\"Punkt1\" name=\"Punkt1\"><\/a><span class=\"topic\">1. \u00dclds\u00e4tted.<\/span><\/h5>\n<p>1.1. SRD spordiklubi (edaspidi klubi) on iseseisav \u00fchiskondlik mittetulundus\u00fching, mis \u00fchendab vabatahtlikkuse alusel spordihuvilisi inimesi, kes tunnistavad k\u00e4esolevat p\u00f5hikirja.<br \/>\n1.2. Klubi eesm\u00e4rgiks on tervisliku eluviisi j\u00e4rgimine ja propageerimine, osalemine spordi\u00fcritustel ja spordi\u00fcrituste korraldamine.<br \/>\n1.3. Klubi l\u00e4htub oma tegevuses Eesti Vabariigi seadustest, k\u00e4esolevast p\u00f5hikirjast, s\u00f5lmitud lepingutest ja oma liikmete huvidest ja soovidest.<br \/>\n1.4. Klubi on juriidiline isik alates selle kandmisest mittetulundus\u00fchingute ja sihtasutuste registrisse.<br \/>\n1.5. Klubil on oma pitsat, pangaarve ja muu vastav s\u00fcmboolika.<br \/>\n1.6. Klubi asukoht on N\u00f5mme tee 19-49, Tallinn.<\/p>\n<p>&nbsp;<\/p>\n<h5><a title=\"Punkt2\" name=\"Punkt2\"><\/a><span class=\"topic\">2. P\u00f5hi\u00fclesanded.<\/span><\/h5>\n<p>2.1. Sportliku eneseteostuse v\u00f5imaldamine, tervisespordi ja tervislike eluviiside propageerimine..<br \/>\n2.2. Nimetatud eesm\u00e4rkidel klubi.<br \/>\n&#8211; korraldab spordiv\u00f5istlusi ja \u00fchistreeninguid;.<br \/>\n&#8211; korraldab \u00f5ppe-treeninglaagreid, seminare ja v\u00f5istlusreise;.<br \/>\n&#8211; korraldab klubi liikmete osav\u00f5ttu linna, vabariigi v\u00f5i rahvusvahelistest spordiv\u00f5istlustest ja muudest \u00fcritustest ja seminaridest;.<br \/>\n&#8211; tegeleb muu majandustegevusega, mis on vajalik p\u00f5hikirjaliste eesm\u00e4rkide saavutamiseks..<br \/>\n2.3. Klubil on \u00f5igus s\u00f5lmida lepinguid ettev\u00f5tete, teiste \u00fchingute ja kodanikega Eesti Vabariigis ja v\u00e4lismaal.<\/p>\n<p>&nbsp;<\/p>\n<h5><a title=\"Punkt3\" name=\"Punkt3\"><\/a><span class=\"topic\">3. Klubi liikmed, nende \u00f5igused ja kohustused.<\/span><\/h5>\n<p>3.1. Klubi liikmeks v\u00f5ivad olla k\u00f5ik spordi arengust huvitatud ja v\u00e4hemalt 18 aastased inimesed, kes on klubi esimehele esitanud sellekohase avalduse ja mis on klubi esimehe poolt rahuldatud.<br \/>\n3.2. Alla 18.a. noored on klubi noorliikmed. Noorliikmel ei ole h\u00e4\u00e4le\u00f5igust ja ta maksab liikmemaksu 50% \u00fclatuses.<br \/>\n3.3. Klubi toetajad v\u00f5ivad olla k\u00f5ik ettev\u00f5tted, organisatsioonid, \u00fchingud v\u00f5i \u00fcksikisikud, kes soovivad kaasa aidata klubi eesm\u00e4rkide saavutamiseks. Klubi ja toetaja vahelised suhted reguleeritakse lepinguga.<br \/>\n3.4. Klubi liikmed maksavad liikmemaksu \u00fcldkoosoleku poolt kindlasm\u00e4\u00e4ratud suuruses ja korras (noorliikmed maksavad 50%).<br \/>\n3.5. Klubi liikmed kannavad materiaalset vastutust nende kasutusse antud klubi varustuse tahtliku rikkumise v\u00f5i mittetagastamise eest.<br \/>\n3.6. Klubi liikmel on \u00f5igus<br \/>\n&#8211; v\u00f5tta osa klubi tegevusest ja k\u00f5ikidest \u00fcritustest;<br \/>\n&#8211; valida ja olla valitud klubi juhtimisorganitesse (alates 18 a.);<br \/>\n&#8211; esitada klubi esimehele ettepanekuid ja arup\u00e4rimisi klubi tegevust puudutavates k\u00fcsimustes;<br \/>\n&#8211; v\u00f5istelda klubi nimel;<br \/>\n&#8211; olla valitud esindama klubi teistes organisatsioonides, \u00fchingutes, spordi-, kultuuri ja muudel \u00fcritustel;<br \/>\n&#8211; kasutada klubi varustust ja s\u00fcmboolikat;<br \/>\n&#8211; kasutada klubi soodustusi esimehe poolt kindlaksm\u00e4\u00e4ratud tingimustel;<br \/>\n&#8211; kirjaliku avalduse alusel klubist v\u00e4lja astuma.<br \/>\n3.7. Klubi liige on kohustatud<br \/>\n&#8211; j\u00e4rgima klubi p\u00f5hikirja ning t\u00e4itma klubi \u00fcldkoosoleku ja esimehe otsuseid;<br \/>\n&#8211; tasuma igaastaselt klubi liikmemaksu vastavalt klubi \u00fcldkoosoleku otsusele; liikmed, kes ei ole m\u00f5juva p\u00f5hjuseta tasunud liikmemaksu kahe kalendriaasta jooksul, loetakse automaatselt klubist lahkunuks ja kustutakse nimekirjast;<br \/>\n&#8211; v\u00f5tma aktiivselt osa klubi tegevusest;<br \/>\n&#8211; hoidma ja kasutama otstarbekalt klubi vara ning aitama kaasa selle korrastamisele ja hankimisele;<br \/>\n&#8211; harrastama ja propageerima terveid eluviise, pidama kinni spordieetikast;<br \/>\n&#8211; klubi p\u00f5hikirja rikkumisel v\u00f5ib esimees teha liikmele noomituse v\u00f5i ta klubi liikmeskonna hulgast v\u00e4lja arvata.<\/p>\n<h5><a title=\"Punkt4\" name=\"Punkt4\"><\/a><span class=\"topic\">4. Klubi juhtimine ja struktuur.<\/span><\/h5>\n<p>4.1. Klubi k\u00f5rgeimaks juhtorganiks on liikmete \u00fcldkoosolek, mis kutsutakse kokku v\u00e4hemalt kord aastas.<br \/>\n4.2. Klubi \u00fcldkoosolek v\u00f5ib vastu v\u00f5tta otsuseid, kui selles osaleb v\u00f5i on esitatud \u00fcle 1\/2 klubi liikmetest.<br \/>\n4.3. \u00dcldkoosoleku otsus on vastu v\u00f5etud, kui selle poolt h\u00e4\u00e4letab \u00fcle 1\/2 koosolekul osalenud klubi liikmetest v\u00f5i nende esindajatest ja seadusega ei ole ette n\u00e4htud suurema h\u00e4\u00e4lteenamuse n\u00f5uet.<br \/>\n4.4. Klubi juhib ja esindab k\u00f5igis \u00f5igustoimingutes juhatus, mis koosneb \u00fchest liikmest &#8211; klubi esimehest, kes valitakse \u00fcldkoosoleku poolt.<br \/>\n4.5. Klubi \u00fcldkoosolek<br \/>\n&#8211; otsustab k\u00f5ik klubi tegevuse p\u00f5hik\u00fcsimused;<br \/>\n&#8211; muudab ja t\u00e4iendab v\u00f5tab vastu p\u00f5hikirja ja teeb selles;<br \/>\n&#8211; kinnitab klubi s\u00fcmboolika;<br \/>\n&#8211; kuulab \u00e4ra ja kinnitab esimehe tegevusaruande ja raamatupidamise aruande;<br \/>\n&#8211; m\u00e4\u00e4rab liikmemaksu suuruse;<br \/>\n&#8211; kinnitab eelarve ja tegevusplaani;<br \/>\n&#8211; v\u00f5tab vastu otsuse klubi reorganiseerimise v\u00f5i likvideerimise kohta.<br \/>\n4.6. Klubi esimees<br \/>\n&#8211; juhib klubi tegevust \u00fcldkoosolekute vahelisel ajal;<br \/>\n&#8211; omab \u00f5igust esindama klubi spordiliitudes, organisatsioonides, firmades, riigi- ja krediidiasutustes, sealhulgas v\u00e4lismaal;<br \/>\n&#8211; s\u00f5lmub lepinguid klubi nimel;<br \/>\n&#8211; omab allkirja\u00f5igust, sealhulgas panga- ja krediidiasutustes;<br \/>\n&#8211; otsustab liikmeks vastuv\u00f5tu, liikmest lahkumise;<br \/>\n&#8211; koostab t\u00f6\u00f6plaani ja tagab selle t\u00e4itmise;<br \/>\n&#8211; organiseerib ja juhib klubi tegevust;<br \/>\n&#8211; v\u00f5tab t\u00f6\u00f6le ja vabastab klubi palgalised t\u00f6\u00f6tajad ning m\u00e4\u00e4rab nende palgad;<br \/>\n&#8211; k\u00e4sutab klubi vara;<br \/>\n&#8211; premeerib, autasustab;<br \/>\n&#8211; m\u00e4\u00e4rab ja otsustab klubi majandustegevusega seotud muid k\u00fcsimusi.<\/p>\n<p>&nbsp;<\/p>\n<h5><a title=\"Punkt5\" name=\"Punkt5\"><\/a><span class=\"topic\">5. Klubi vara, majandustegevus ja vastutus.<\/span><\/h5>\n<p>5.1. Klubi varaks loetakse klubi tegevuse arendamiseks annetatud, ostetud v\u00f5i ettev\u00f5tete, organisatsioonide poolt kasutamiseks antud spordiinventar, -rajatised ning muud klubi t\u00f6\u00f6ks vajalikud vahendid.<br \/>\n5.2. Klubi rahalised vahendid moodustatakse<br \/>\n&#8211; liikmemaksudest<br \/>\n&#8211; sportlik-tervistavate \u00fcrituste v\u00f5i harjutusgruppi t\u00f6\u00f6st osav\u00f5tjatelt laekuvatest osamaksudest, mille suuruse m\u00e4\u00e4rab klubi esimees;<br \/>\n&#8211; tasuliste spordialaste teenuste eest laekunud summadest;<br \/>\n&#8211; sihtotstarbelistest eralditest;<br \/>\n&#8211; sponsoride toetustest;<br \/>\n&#8211; organisatsioonide ja \u00fcksikisikute toetustest;<br \/>\n&#8211; muudest laekumisest, mis on vajalikud klubi p\u00f5hikirjaliste eesm\u00e4rkide saavutamiseks.<br \/>\n5.3. Klubi omandis v\u00f5ib olla igasugune vara, mis on vajalik p\u00f5hikirjaliste eesm\u00e4rkide saavutamiseks ja mille omandamine ei ole vastuolus seadustega.<br \/>\n5.4. Klubi liikmel ei ole \u00f5igust klubi varale ja klubi ei ole \u00f5igust klubi liikme varale.<br \/>\n5.5. Klubi ei kanna vastutust klubi liikmete varaliste kohustuste eest.<br \/>\n5.6. Klubi vastutab oma varaliste kohustuste eest talle kuuluva varaga.<br \/>\n5.7. Klubi v\u00f5ib omada valuutaarvet. Raha kasutamist korraldab klubi esimees vastsvalt Eesti Vabariigis kehtivale seadusandlusele.<\/p>\n<p>&nbsp;<\/p>\n<h5><a title=\"Punkt6\" name=\"Punkt6\"><\/a><span class=\"topic\">6. Klubi reorganiseerimine ja likvideerimine.<\/span><\/h5>\n<p>6.1. Klubi on asutatud piiramata t\u00e4htajaga. Klubi reorganiseeritakse v\u00f5i likvideeritakse klubi \u00fcldkoosoleku otsuse p\u00f5hjal.<br \/>\n6.2. Reorganiseerimise korral nimetab \u00fcldkoosolek klubi \u00f5iglusj\u00e4rglase, kellele l\u00e4hevad \u00fcle \u00f5igused ja kohustused ning tehakse vastavad muudatused klubi p\u00f5hikirjas.<br \/>\n6.3. Klubi likvideeritakse<br \/>\n&#8211; kui klubi \u00fcldkoosolek tunnistab tegevuse l\u00f5petamise vajalikuks;<br \/>\n&#8211; kui klubi liikmete arv on v\u00e4iksem kui kaks;<br \/>\n&#8211; muudel seadusandlusega etten\u00e4htud juhtudel.<br \/>\n6.4. Klubi likvideerimisega seotud k\u00fcsimused lahendatakse vastavalt Eesti Vabariigis kehtivale seadusandlusele.<br \/>\n6.5. Peale kreeditoride n\u00f5udmiste rahuldamist jagatakse \u00fclej\u00e4\u00e4nud klubi vara vastsvalt klubi \u00fcldkoosoleku otsuse klubi liikmete vahel.<\/p>","protected":false},"excerpt":{"rendered":"<p>Kinnitatud SRD spordiklubi asutamislepinguga 02. veebruaril 1997.a. 1. \u00dclds\u00e4tted. 1.1. SRD spordiklubi (edaspidi klubi) on iseseisav \u00fchiskondlik mittetulundus\u00fching, mis \u00fchendab vabatahtlikkuse alusel spordihuvilisi inimesi, kes tunnistavad k\u00e4esolevat p\u00f5hikirja. 1.2. Klubi eesm\u00e4rgiks on tervisliku eluviisi&#46;&#46;&#46;<\/p>\n","protected":false},"author":1,"featured_media":0,"parent":0,"menu_order":0,"comment_status":"closed","ping_status":"closed","template":"","meta":{"ngg_post_thumbnail":0,"footnotes":""},"class_list":["post-155","page","type-page","status-publish","hentry"],"_links":{"self":[{"href":"https:\/\/www.srd.ee\/srdsk\/wp-json\/wp\/v2\/pages\/155","targetHints":{"allow":["GET"]}}],"collection":[{"href":"https:\/\/www.srd.ee\/srdsk\/wp-json\/wp\/v2\/pages"}],"about":[{"href":"https:\/\/www.srd.ee\/srdsk\/wp-json\/wp\/v2\/types\/page"}],"author":[{"embeddable":true,"href":"https:\/\/www.srd.ee\/srdsk\/wp-json\/wp\/v2\/users\/1"}],"replies":[{"embeddable":true,"href":"https:\/\/www.srd.ee\/srdsk\/wp-json\/wp\/v2\/comments?post=155"}],"version-history":[{"count":0,"href":"https:\/\/www.srd.ee\/srdsk\/wp-json\/wp\/v2\/pages\/155\/revisions"}],"wp:attachment":[{"href":"https:\/\/www.srd.ee\/srdsk\/wp-json\/wp\/v2\/media?parent=155"}],"curies":[{"name":"wp","href":"https:\/\/api.w.org\/{rel}","templated":true}]}}