{"id":142,"date":"2020-03-18T22:12:56","date_gmt":"2020-03-19T00:12:56","guid":{"rendered":"http:\/\/www.srd.ee\/srdsk\/?page_id=142"},"modified":"2023-03-27T20:00:54","modified_gmt":"2023-03-27T22:00:54","slug":"srdsk-247","status":"publish","type":"page","link":"https:\/\/www.srd.ee\/srdsk\/srdsk-247\/","title":{"rendered":"SRD SK 24\/7 p\u00fcsirada"},"content":{"rendered":"<p><img loading=\"lazy\" decoding=\"async\" class=\"aligncenter size-full wp-image-143\" src=\"https:\/\/www.srd.ee\/srdsk\/wp-content\/uploads\/sites\/15\/2020\/03\/srd247.jpg\" alt=\"\" width=\"291\" height=\"74\" \/><\/p>\n<h4>P\u00fcsirada &#8220;24\/7&#8221;<\/h4>\n<p><span style=\"color: #ff6600;\">24\/7 p\u00fcsirajade 2022\/2023 hooaeg on l\u00f5ppenud. Ait\u00e4h k\u00f5igile osalejatele! Kohtumiseni orienteerumisp\u00e4evakutel!<\/span><\/p>\n<p>SRD spordiklubi pakub v\u00f5imalust kaarditrenniks p\u00fcsirajal mis asub maastikus 2-3 n\u00e4dala jooksul.<br \/>\n<strong>Rajad<\/strong>: Keskmine &#8211; 4-5 km, L\u00fchike &#8211; 2.5-3 km, Valik<br \/>\n<strong>Aeg ja m\u00e4rgistus:<\/strong> osaleja m\u00f5\u00f5dab ise oma aega, kontrollpunkti suurus &#8211; plaat 12\u044512 cm, puna-valge.<br \/>\n<strong>Kaart:<\/strong> osaleja prindib ise kaardi v\u00e4lja (.pdf failid all tabelis) v\u00f5i avab kaardi otse mobiiltelefonist.<br \/>\n<strong>Tulemused:<\/strong> <a href=\"https:\/\/www.srd.ee\/srdsk\/add-result\/\">lisa oma tulemus<\/a> ja vaata k\u00f5iki tulemusi siit: <a href=\"https:\/\/www.srd.ee\/srdsk\/results\/\">Tulemused<\/a>.<br \/>\n<strong>Osalustasu<\/strong>: vabatahtlik, 3 eurot SRD SK kontole (SRD Spordiklubi MT\u00dc, EE052200001120211587)<\/p>\n<p>Viimased Tulemused<\/p>\nEi ole V\u00f5istlust kus v\u00f5ib Tulemused v\u00f5ib vaadata\n<p><a href=\"https:\/\/www.srd.ee\/srdsk\/results\/\">K\u00f5ik Tulemused<\/a><\/p>\n<h4>Punkti N\u00e4idised<\/h4>\n<p><img loading=\"lazy\" decoding=\"async\" class=\" wp-image-174 alignnone\" src=\"https:\/\/www.srd.ee\/srdsk\/wp-content\/uploads\/sites\/15\/2020\/03\/247-kp.jpg\" alt=\"\" width=\"253\" height=\"492\" \/>\u00a0 <img loading=\"lazy\" decoding=\"async\" class=\"alignleft size-full wp-image-276\" src=\"https:\/\/www.srd.ee\/srdsk\/wp-content\/uploads\/sites\/15\/2020\/04\/kp_start.jpg\" alt=\"\" width=\"697\" height=\"485\" \/><\/p>","protected":false},"excerpt":{"rendered":"<p>P\u00fcsirada &#8220;24\/7&#8221; 24\/7 p\u00fcsirajade 2022\/2023 hooaeg on l\u00f5ppenud. Ait\u00e4h k\u00f5igile osalejatele! Kohtumiseni orienteerumisp\u00e4evakutel! SRD spordiklubi pakub v\u00f5imalust kaarditrenniks p\u00fcsirajal mis asub maastikus 2-3 n\u00e4dala jooksul. Rajad: Keskmine &#8211; 4-5 km, L\u00fchike &#8211; 2.5-3 km,&#46;&#46;&#46;<\/p>\n","protected":false},"author":1,"featured_media":0,"parent":0,"menu_order":0,"comment_status":"open","ping_status":"closed","template":"","meta":{"ngg_post_thumbnail":0,"footnotes":""},"class_list":["post-142","page","type-page","status-publish","hentry"],"_links":{"self":[{"href":"https:\/\/www.srd.ee\/srdsk\/wp-json\/wp\/v2\/pages\/142","targetHints":{"allow":["GET"]}}],"collection":[{"href":"https:\/\/www.srd.ee\/srdsk\/wp-json\/wp\/v2\/pages"}],"about":[{"href":"https:\/\/www.srd.ee\/srdsk\/wp-json\/wp\/v2\/types\/page"}],"author":[{"embeddable":true,"href":"https:\/\/www.srd.ee\/srdsk\/wp-json\/wp\/v2\/users\/1"}],"replies":[{"embeddable":true,"href":"https:\/\/www.srd.ee\/srdsk\/wp-json\/wp\/v2\/comments?post=142"}],"version-history":[{"count":4,"href":"https:\/\/www.srd.ee\/srdsk\/wp-json\/wp\/v2\/pages\/142\/revisions"}],"predecessor-version":[{"id":1659,"href":"https:\/\/www.srd.ee\/srdsk\/wp-json\/wp\/v2\/pages\/142\/revisions\/1659"}],"wp:attachment":[{"href":"https:\/\/www.srd.ee\/srdsk\/wp-json\/wp\/v2\/media?parent=142"}],"curies":[{"name":"wp","href":"https:\/\/api.w.org\/{rel}","templated":true}]}}