{"id":1099,"date":"2022-01-31T18:25:29","date_gmt":"2022-01-31T20:25:29","guid":{"rendered":"http:\/\/www.srd.ee\/srdsk\/?page_id=1099"},"modified":"2022-04-20T17:29:48","modified_gmt":"2022-04-20T19:29:48","slug":"2022-tallinna-mv-oine","status":"publish","type":"page","link":"https:\/\/www.srd.ee\/srdsk\/2022-tallinna-mv-oine\/","title":{"rendered":"TALLINNA MV 2022 \u00d6ISES ORIENTEERUMISES"},"content":{"rendered":"<p><a href=\"https:\/\/www.srd.ee\/results\/2022\/TallinnaMV_oine_Startlist0.htm\" target=\"_blank\" rel=\"noopener\">Stardiprotokoll<\/a> | <a href=\"http:\/\/otse.osport.ee\/failid\/otse\/index.htm?e=220420TMVTMV\" target=\"_blank\" rel=\"noopener\">Live Tulemused<\/a> | <a href=\"https:\/\/www.srd.ee\/results\/2022\/TallinnaMV_oine_Results0.htm\" target=\"_blank\" rel=\"noopener\">Tulemused<\/a> | <a href=\"https:\/\/www.srd.ee\/results\/2022\/TallinnaMV_oine_Results1.htm\" target=\"_blank\" rel=\"noopener\">Vaheajad<\/a>\u00a0| <a href=\"https:\/\/\">Pildid<\/a><\/p>\n<h2>Info<\/h2>\n<p><strong>V\u00f5stluskeskus<\/strong> asub Tondiraba j\u00e4\u00e4halli taha oleval parklas (vt.joonis). Seal saab ka autod parkida (aadress Kuukivi 3).<\/p>\n<p><img loading=\"lazy\" decoding=\"async\" class=\"aligncenter  wp-image-1193\" src=\"https:\/\/www.srd.ee\/srdsk\/wp-content\/uploads\/sites\/15\/2022\/04\/keskus.png\" alt=\"\" width=\"789\" height=\"452\" srcset=\"https:\/\/www.srd.ee\/srdsk\/wp-content\/uploads\/sites\/15\/2022\/04\/keskus.png 1141w, https:\/\/www.srd.ee\/srdsk\/wp-content\/uploads\/sites\/15\/2022\/04\/keskus-300x172.png 300w, https:\/\/www.srd.ee\/srdsk\/wp-content\/uploads\/sites\/15\/2022\/04\/keskus-1024x588.png 1024w, https:\/\/www.srd.ee\/srdsk\/wp-content\/uploads\/sites\/15\/2022\/04\/keskus-768x441.png 768w\" sizes=\"auto, (max-width: 789px) 100vw, 789px\" \/><\/p>\n<p><strong>Kaart ja maastik:<\/strong> Sprindikaart 2021 s\u00fcgis, m\u00f5\u00f5tkava 1:4000, h=2,5m<br \/>\nKasutatakse hajutust.<br \/>\nKaardil on kahte t\u00fc\u00fcpi maastikku.<br \/>\nEsimene &#8211; klassikaline magala 9-korruseliste majadega, kus liikumiskiirus on v\u00e4ga suur. Transpordi intensiivsus kvartalisisestel teedel on madal, aga teed ei ole kinni. OLGE ETTEVAATLIKUD TEEDE \u00dcLETAMISEL.<br \/>\nTeine &#8211; metsapargi ala, kus l\u00e4bitavus on heast kuni keskmise ja v\u00e4ga halvani. Selles alas on v\u00e4ga tihe asfalt- ning jalutusteede v\u00f5rk.<br \/>\nLisaks on m\u00f5ned mikroreljeefiga alad ning uute m\u00e4nguv\u00e4ljakutega tsoonid, mis on v\u00e4ga erinevad oma suuruse ning objektide arvu poolest.<br \/>\nPeamised asfaltteed metsapargis on valgustatud.<br \/>\nEsineb ka paemurdu, kus k\u00f5rguste vahe on \u00fcle 2 meetri. Nende k\u00f5igi \u00fcletamine on keelatud ning kaardile on need m\u00e4rgitud vastava \u00fcletamatu kalju m\u00e4rgiga. Rajad planeeritakse selliselt, et v\u00f5imalus sattuda nendele aladele oleks minimaalne.<br \/>\nLisaraskust v\u00f5ivad valmistada madalamad paekaljunukid ning kivik\u00fclvi alad.<br \/>\nMaastikul veetase on v\u00e4ga k\u00f5rge: sood on m\u00e4rjad, augud on vett t\u00e4is. Keset kaardi on lai kraav, mis s\u00fcgisel oli kohati kuiv, n\u00fc\u00fcd on aga vett t\u00e4is ja kaardil on m\u00e4rgitud keelualana (punane viirutus).<\/p>\n<p><strong>Kontrollpunktid:<\/strong><br \/>\nKontrollpunktides on aktiveeritud puutevaba m\u00e4rkimine. M\u00e4rge fikseeritakse 30cm kaugusel. V\u00f5istlejad, kellel ei ole puutevaba Si-Air kaarti (v\u00f5i kaart j\u00e4i aktiveerimata) tuleb m\u00e4rke saamiseks panna oma pulk jaama auku (nagu tavaliselt). Kontrollpunktides on ka v\u00e4iksed helkurid.<\/p>\n<p><strong>Start:<\/strong><br \/>\n\u00dchisstart kell 21.15. Stardialasse sisenedes iga v\u00f5istleja saab kaardi (mida saab vaadata vaid stardihetkel!).<\/p>\n<p><strong>Kontrollaeg on 1,5 tundi.<\/strong><\/p>\n<p><strong>Tulemused:<\/strong><\/p>\n<p>V\u00f5istluse ajal on jooksvad tulemused n\u00e4htavad ainult internetis lehek\u00fcljel<\/p>\n<p><a href=\"http:\/\/otse.osport.ee\/\">http:\/\/otse.osport.ee\/<\/a><\/p>\n<p><strong>Pesemine ja WC:<\/strong><\/p>\n<p>V\u00f5istluskeskuses on WC. Pesemisv\u00f5imalus puudub.<\/p>\n<h2>Juhend<\/h2>\n<p><strong>Aeg:<\/strong> 20. aprill 2022<br \/>\n<strong>Start:<\/strong> \u00fchisstart 21.15; kasutatakse hajutust<br \/>\n<strong>Koht:<\/strong> Tondiraba<\/p>\n<p><strong>Osav\u00f5tuklassid ja osav\u00f5tutasud:<\/strong><br \/>\nMN14, MN18 \u2013 4 \u20ac<br \/>\nMN21A, MN21B, M35, MN40, M45, MN50 \u2013 10 \u20ac<br \/>\nMN60, M70 \u2013 7 \u20ac<\/p>\n<p><strong>Radade pikkused:<br \/>\n<\/strong>M21, M35\u00a0 &#8211; <strong>4.9<\/strong> km<br \/>\nM21B, M40, N21 &#8211; <strong>4.5<\/strong> km<br \/>\nM45, M50, N40 &#8211; <strong>4.1<\/strong> km<br \/>\nM18, N21B, M60, N50 &#8211; <strong>3.7<\/strong> km<br \/>\nM70, N18, N60 &#8211; <strong>3.3<\/strong> km<br \/>\nM14, N14, N70 &#8211; <strong>2.8<\/strong> km<\/p>\n<p><strong>Kaart:<\/strong> 2020-2021, m\u00f5\u00f5tkava 1:4000; h=2,5;<br \/>\n<strong>Maastik:<\/strong> Elamurajoon ja Tondiraba park<br \/>\n<strong>M\u00e4rkes\u00fcsteem:<\/strong> SPORTIdent, kasutusel on SI-Air s\u00fcsteem<\/p>\n<p><strong>Registreerimine:<\/strong> kuni 17.04.2022 internetis aadressil: <a href=\"https:\/\/www.osport.ee\/\">https:\/\/www.osport.ee\/<\/a> v\u00f5i e-mailiga: ella@srd.ee<br \/>\nRegistreerimisel teatada v\u00f5istleja nimi, v\u00f5istlusklass, EOL-kood ja SI-pulga number (v\u00f5i SI-pulga rendisoov). Registreerimisega samaaegselt tasuda osav\u00f5tutasu ja vajadusel SI-pulga rent (2 \u20ac) SRD Spordiklubi MT\u00dc arvele EE052200001120211587 Swedbank-s.<\/p>\n<p><strong>Auhinnad:<\/strong> K\u00f5ikide v\u00f5istlusklasside kolme paremat autasustatakse Tallinna MV medalitega (MN21B klassis v\u00f5itjad saavad meened).<br \/>\nOsav\u00f5tt v\u00f5istlusest toimub oma riskil. V\u00f5imalikke \u00f5nnetusjuhtumite ja nende tagaj\u00e4rgede eest korraldaja vastutust ei kanna.<\/p>\n<p><strong>Korraldaja<\/strong>: SRD SK<br \/>\n<strong>Peakorraldaja<\/strong>: Ella Shved (tel. 5118863, e-mail: ella@srd.ee)<br \/>\n<strong>Rajameister<\/strong>: Dmitri Shved<\/p>\n<p><strong>Meie Partnerid:\u00a0<\/strong><\/p>\n<p><a href=\"http:\/\/www.capitalmill.eu\"><img loading=\"lazy\" decoding=\"async\" class=\"aligncenter size-full wp-image-1173\" src=\"https:\/\/www.srd.ee\/srdsk\/wp-content\/uploads\/sites\/15\/2022\/04\/CapitalMill.jpg\" alt=\"\" width=\"550\" height=\"118\" srcset=\"https:\/\/www.srd.ee\/srdsk\/wp-content\/uploads\/sites\/15\/2022\/04\/CapitalMill.jpg 550w, https:\/\/www.srd.ee\/srdsk\/wp-content\/uploads\/sites\/15\/2022\/04\/CapitalMill-300x64.jpg 300w\" sizes=\"auto, (max-width: 550px) 100vw, 550px\" \/><\/a><\/p>","protected":false},"excerpt":{"rendered":"<p>Stardiprotokoll | Live Tulemused | Tulemused | Vaheajad\u00a0| Pildid Info V\u00f5stluskeskus asub Tondiraba j\u00e4\u00e4halli taha oleval parklas (vt.joonis). Seal saab ka autod parkida (aadress Kuukivi 3). Kaart ja maastik: Sprindikaart 2021 s\u00fcgis, m\u00f5\u00f5tkava 1:4000,&#46;&#46;&#46;<\/p>\n","protected":false},"author":1,"featured_media":0,"parent":0,"menu_order":0,"comment_status":"closed","ping_status":"closed","template":"","meta":{"ngg_post_thumbnail":0,"footnotes":""},"class_list":["post-1099","page","type-page","status-publish","hentry"],"_links":{"self":[{"href":"https:\/\/www.srd.ee\/srdsk\/wp-json\/wp\/v2\/pages\/1099","targetHints":{"allow":["GET"]}}],"collection":[{"href":"https:\/\/www.srd.ee\/srdsk\/wp-json\/wp\/v2\/pages"}],"about":[{"href":"https:\/\/www.srd.ee\/srdsk\/wp-json\/wp\/v2\/types\/page"}],"author":[{"embeddable":true,"href":"https:\/\/www.srd.ee\/srdsk\/wp-json\/wp\/v2\/users\/1"}],"replies":[{"embeddable":true,"href":"https:\/\/www.srd.ee\/srdsk\/wp-json\/wp\/v2\/comments?post=1099"}],"version-history":[{"count":0,"href":"https:\/\/www.srd.ee\/srdsk\/wp-json\/wp\/v2\/pages\/1099\/revisions"}],"wp:attachment":[{"href":"https:\/\/www.srd.ee\/srdsk\/wp-json\/wp\/v2\/media?parent=1099"}],"curies":[{"name":"wp","href":"https:\/\/api.w.org\/{rel}","templated":true}]}}