{"id":1058,"date":"2022-01-09T15:51:57","date_gmt":"2022-01-09T17:51:57","guid":{"rendered":"http:\/\/www.srd.ee\/srdsk\/?page_id=1058"},"modified":"2022-01-24T21:18:22","modified_gmt":"2022-01-24T23:18:22","slug":"2022-tallinna-mv-suusao","status":"publish","type":"page","link":"https:\/\/www.srd.ee\/srdsk\/2022-tallinna-mv-suusao\/","title":{"rendered":"Tallinna MV 2022 Suusaorienteerumises"},"content":{"rendered":"<p><a href=\"https:\/\/www.srd.ee\/results\/2022\/TallinnaMV_suusa_Startlist0.htm\" target=\"_blank\" rel=\"noopener\">Stardiprotokoll<\/a> | <a href=\"http:\/\/otse.osport.ee\/failid\/otse\/index.htm?e=TLN22SO\" target=\"_blank\" rel=\"noopener\">Live Tulemused<\/a> | <a href=\"https:\/\/www.srd.ee\/results\/2022\/TallinnaMV_suusa_Results0.htm\" target=\"_blank\" rel=\"noopener\">Tulemused<\/a> | <a href=\"https:\/\/www.srd.ee\/results\/2022\/TallinnaMV_suusa_Results1.htm\" target=\"_blank\" rel=\"noopener\">Vaheajad<\/a>\u00a0| <a href=\"https:\/\/photos.app.goo.gl\/oT2S7nj46qn6kzgK6\">Pildid<\/a><\/p>\n<p><span style=\"color: #ff0000;\"><strong>V\u00f5istlus toimub.<\/strong><\/span><\/p>\n<p><span style=\"color: #ff0000;\"><strong>Lisainfo 2 <\/strong><\/span><\/p>\n<p><strong>Maastik seisuga 21.01:<\/strong><\/p>\n<p>Neljap\u00e4eva jooksul on lund juurde sadanud ning \u00e4ra katnud j\u00e4\u00e4 ning maha kukkunud oksad. Siiski soovitame kasutada vanemaid suuski.<\/p>\n<p>Kasutasime olemasolevaid suusaradu, lumesaaniga pole radu spetsiaalselt juurde tehtud. V\u00e4rske lumekihi t\u00f5ttu v\u00f5ivad paljud teerajad olla halvasti m\u00e4rgatavad.<\/p>\n<p>Inimeste liikumist metsas pole keelatud ega takistatud. Nende k\u00e4imised tekitavad pidevalt juurde uusi radu, mis on ka suuskadega l\u00e4bimiseks h\u00e4sti kasutatavad.<\/p>\n<p><a href=\"https:\/\/www.srd.ee\/srdsk\/wp-content\/uploads\/sites\/15\/2022\/01\/joon1.gif\"><img loading=\"lazy\" decoding=\"async\" class=\"alignnone size-full wp-image-1083\" src=\"https:\/\/www.srd.ee\/srdsk\/wp-content\/uploads\/sites\/15\/2022\/01\/joon1.gif\" alt=\"\" width=\"99\" height=\"73\" \/><\/a><\/p>\n<p>Selliselt on kaardil \u00e4ra m\u00e4rgitud teed, mis olid n\u00e4dal aega tagasi kaetud graniitkillustikuga. Kuna t\u00e4naseks on lumi selle \u00e4ra katnud, siis paljud neist on s\u00f5idetavad.<\/p>\n<p><strong>Parkimine:<br \/>\n<\/strong><\/p>\n<p><a href=\"https:\/\/www.srd.ee\/srdsk\/wp-content\/uploads\/sites\/15\/2022\/01\/joon2.gif\"><img loading=\"lazy\" decoding=\"async\" class=\"alignnone size-medium wp-image-1084\" src=\"https:\/\/www.srd.ee\/srdsk\/wp-content\/uploads\/sites\/15\/2022\/01\/joon2-234x300.gif\" alt=\"\" width=\"234\" height=\"300\" \/><\/a><\/p>\n<p><strong>Soojendusala:<\/strong><\/p>\n<p><a href=\"https:\/\/www.srd.ee\/srdsk\/wp-content\/uploads\/sites\/15\/2022\/01\/joon3.gif\"><img loading=\"lazy\" decoding=\"async\" class=\"alignnone size-medium wp-image-1085\" src=\"https:\/\/www.srd.ee\/srdsk\/wp-content\/uploads\/sites\/15\/2022\/01\/joon3-300x196.gif\" alt=\"\" width=\"300\" height=\"196\" \/><\/a><\/p>\n<hr \/>\n<p><span style=\"color: #ff0000;\"><strong>Ilm on hetkel ettearvamatu ja lumi kiiresti sulamas, seet\u00f5ttu teeme l\u00f5pliku otususe v\u00f5istluse toimumise osas hiljemalt reedel hommikul.<\/strong><\/span><\/p>\n<p><span style=\"color: #ff0000;\"><strong>Lisainfo 1:<\/strong><\/span><\/p>\n<p><strong>Kontrollpunktid:<br \/>\n<\/strong>Kontrollpunktides on aktiveeritud puutevaba m\u00e4rkimine. M\u00e4rge fikseeritakse 30cm kaugusel. V\u00f5istlejad, kellel ei ole puutevaba Si-Air kaarti (v\u00f5i kaart j\u00e4i aktiveerimata) tuleb m\u00e4rke saamiseks panna oma pulk jaama auku (nagu tavaliselt).<\/p>\n<p><strong>Fini\u0161 on kaardil. Viimasest punktist puudub t\u00e4histus fini\u0161isse.<\/strong><\/p>\n<p><strong>Tulemused:<br \/>\n<\/strong>V\u00f5istluse ajal on jooksvad tulemused n\u00e4htavad ainult internetis lehek\u00fcljel\u00a0\u00a0\u00a0<a href=\"http:\/\/otse.osport.ee\/\">http:\/\/otse.osport.ee\/<\/a><\/p>\n<p>Kasutasime olemasolevaid suusaradasid, buraaniga juurde ei ole s\u00f5idetud.<br \/>\nV\u00f5istlusmaastikul on p\u00e4ris palju inimesi: jalutajad, suusatajad, lapsed kelkudega. Olge ettevaatlikud!<\/p>\n<p><strong>Pesemine ja WC:<br \/>\n<\/strong>V\u00f5istluskeskuses on WC.<br \/>\n3\u20ac eest saab kasutada du\u0161iruumi Nord spordikeskuses (kontrollitakse Covid t\u00f5endid)<\/p>\n<p><strong>Covid-19 reeglid<br \/>\n<\/strong>K\u00f5igil osav\u00f5tjatel peab olema kehtiv vaktsineerimis \u2013 v\u00f5i l\u00e4bip\u00f5demise t\u00f5end. \u00a0Palume eelnevalt saata see aadressile <a href=\"mailto:spordiklubi@srd.ee\">spordiklubi@srd.ee<\/a>. Starti p\u00e4\u00e4semiseks peab v\u00f5istlejal olema rinnanumber. Need, kes saadavad vaktsineerimist\u00f5endi e-maili teel, leiavad oma rinnanumbrid n\u00f6\u00f6rilt. Teised peavad esitama t\u00f5endid v\u00f5istluse sekretariaadile, et oma number k\u00e4tte saada.<\/p>\n<p>&nbsp;<\/p>\n<hr \/>\n<p>&nbsp;<\/p>\n<p><strong>Juhend<\/strong><\/p>\n<p><strong>Aeg<\/strong>: 22. jaanuar 2022; stardi algus 12.00, eraldistart, suusaorienteerumine<br \/>\n<span style=\"color: #ff0000;\">Kontrollaeg on 1,5 tundi<\/span><\/p>\n<p><span style=\"color: #008000;\"><strong>Koht<\/strong>: Rahum\u00e4e \u2013 Mustam\u00e4e<br \/>\nV\u00f5istluskeskus asub Nordi suusabaasi juures (Tervise 21)<\/span><\/p>\n<p><strong>Osav\u00f5tuklassid ja osav\u00f5tutasud:<\/strong><br \/>\nMN16\u00a0 \u00a0 \u00a0 \u00a0 \u00a0 \u00a0 \u00a0 \u00a0&#8211;\u00a0 \u00a04\u20ac<br \/>\nMN21, MN40 &#8211; 10\u20ac<br \/>\nMN55\u00a0 \u00a0 \u00a0 \u00a0 \u00a0 \u00a0 \u00a0 \u00a0&#8211;\u00a0 \u00a07\u20ac<\/p>\n<p><strong>Radade ligikaudsed pikkused:<\/strong><br \/>\nN16, N55\u00a0 \u00a0 \u00a0 \u00a0 \u00a0 \u00a0 \u00a0\u2013 4,0 km&lt;<br \/>\nM16, N40, M55 \u2013 4,6 km<br \/>\nN21, M40\u00a0 \u00a0 \u00a0 \u00a0 \u00a0 \u00a0\u2013 5,1 km<br \/>\nM21\u00a0 \u00a0 \u00a0 \u00a0 \u00a0 \u00a0 \u00a0 \u00a0 \u00a0 \u00a0 \u00a0\u2013 5,5 km<\/p>\n<p><strong>Kaart:<\/strong> M1:5000, H=2.5m<\/p>\n<p><strong>M\u00e4rkes\u00fcsteem:<\/strong> SPORTIdent (kasutatakse Si-Air)<\/p>\n<p><strong>Registreerimine:<\/strong> kuni 19. jaanuarini 2022 aadressil: https:\/\/www.osport.ee\/\u00a0v\u00f5i e-mailiga: ella@srd.ee<br \/>\nRegistreerimisel teatada v\u00f5istleja nimi, v\u00f5istlusklass, EOL-kood ja SI-pulga number (v\u00f5i SI-pulga rendisoov). Registreerimisega samaaegselt tasuda osav\u00f5tutasu ja vajadusel SI-pulga rent (2\u20ac) SRD Spordiklubi arveldusarvele: EE052200001120211587 Swedbankas.<br \/>\n<strong>Covid-19 info:<\/strong> K\u00f5ik v\u00f5istlejad peavad esitama covid vaktsineerimist\u00f5endi. Palume eelnevalt saatma neid aadressile spordiklubi@srd.ee<\/p>\n<p><strong>Start:<\/strong> Eelstart 2min. 1min enne starti v\u00f5istleja saab kaarti. (v\u00f5istleja ise v\u00f5tab kaardi \u00e4mbrist)<\/p>\n<p><strong>Auhinnad:<\/strong> K\u00f5ikide v\u00f5istlusklasside kolme paremat autasustatakse Tallinna MV medalitega<br \/>\nV\u00f5istluse ajal on jooksvad tulemused n\u00e4htavad ainult internetis<br \/>\nAutasustamine toimub jooksvalt.<\/p>\n<p><strong><span style=\"color: #ff0000;\">Osav\u00f5tt v\u00f5istlusest toimub omal riisikol. V\u00f5imalikke \u00f5nnetusjuhtumite ja nende tagaj\u00e4rgede eest korraldaja vastutust ei kanna.<\/span><\/strong><\/p>\n<p><span style=\"color: #008000;\">Korraldaja: <strong>SRD Spordiklubi<\/strong><br \/>\nPeakorraldaja: <strong>Ella Shved<\/strong> (tel. 5118863, e-mail: ella@srd.ee)<br \/>\nRajameister: <strong>Dmitri Shved<\/strong> (tel. 5236910, e-mail: dima@srd.ee)<\/span><\/p>","protected":false},"excerpt":{"rendered":"<p>Stardiprotokoll | Live Tulemused | Tulemused | Vaheajad\u00a0| Pildid V\u00f5istlus toimub. Lisainfo 2 Maastik seisuga 21.01: Neljap\u00e4eva jooksul on lund juurde sadanud ning \u00e4ra katnud j\u00e4\u00e4 ning maha kukkunud oksad. Siiski soovitame kasutada vanemaid&#46;&#46;&#46;<\/p>\n","protected":false},"author":1,"featured_media":0,"parent":0,"menu_order":0,"comment_status":"closed","ping_status":"closed","template":"","meta":{"ngg_post_thumbnail":0,"footnotes":""},"class_list":["post-1058","page","type-page","status-publish","hentry"],"_links":{"self":[{"href":"https:\/\/www.srd.ee\/srdsk\/wp-json\/wp\/v2\/pages\/1058","targetHints":{"allow":["GET"]}}],"collection":[{"href":"https:\/\/www.srd.ee\/srdsk\/wp-json\/wp\/v2\/pages"}],"about":[{"href":"https:\/\/www.srd.ee\/srdsk\/wp-json\/wp\/v2\/types\/page"}],"author":[{"embeddable":true,"href":"https:\/\/www.srd.ee\/srdsk\/wp-json\/wp\/v2\/users\/1"}],"replies":[{"embeddable":true,"href":"https:\/\/www.srd.ee\/srdsk\/wp-json\/wp\/v2\/comments?post=1058"}],"version-history":[{"count":0,"href":"https:\/\/www.srd.ee\/srdsk\/wp-json\/wp\/v2\/pages\/1058\/revisions"}],"wp:attachment":[{"href":"https:\/\/www.srd.ee\/srdsk\/wp-json\/wp\/v2\/media?parent=1058"}],"curies":[{"name":"wp","href":"https:\/\/api.w.org\/{rel}","templated":true}]}}