{"id":101,"date":"2020-03-17T22:29:30","date_gmt":"2020-03-18T00:29:30","guid":{"rendered":"http:\/\/www.srd.ee\/srdsk\/?page_id=101"},"modified":"2022-11-01T05:23:49","modified_gmt":"2022-11-01T07:23:49","slug":"kuidas-proovida","status":"publish","type":"page","link":"https:\/\/www.srd.ee\/srdsk\/kuidas-proovida\/","title":{"rendered":"Kuidas proovida"},"content":{"rendered":"<p><\/p>\n<p style=\"text-align: center;\"><a href=\"https:\/\/www.srd.ee\/srdsk\/orienteering\/\">Mis on orienteerumine<\/a> | <a href=\"https:\/\/www.srd.ee\/srdsk\/kuidas-proovida\/\">Kuidas proovida<\/a> | <a href=\"https:\/\/www.srd.ee\/srdsk\/history\/\">Orienteerumise ajalugu<\/a> |\u00a0<a href=\"https:\/\/www.srd.ee\/srdsk\/kompass\/\">Kompass<\/a> |\u00a0<a href=\"https:\/\/www.srd.ee\/srdsk\/kontrollpunkt\/\">Kontrollpunkt<\/a> |\u00a0<a href=\"https:\/\/www.srd.ee\/srdsk\/sign\/\">Tingm\u00e4rgid<\/a>\u00a0|\u00a0<a href=\"https:\/\/www.srd.ee\/srdsk\/kaart\/\">Kaart<\/a>\u00a0|\u00a0<a href=\"https:\/\/www.srd.ee\/srdsk\/rajad-orienteerumisel\/\">Rajad orienteerumisel<\/a>\u00a0|\u00a0<a href=\"https:\/\/www.srd.ee\/srdsk\/teevalik\/\">Teevalik<\/a>\u00a0|\u00a0<a href=\"https:\/\/www.srd.ee\/srdsk\/legend\/\">Legend<\/a><\/p>\n<p>Teil on kaks v\u00f5imalust. \u00dcks neist &#8211; osaleda kohalikel v\u00f5istlustel, mida korraldab mingi orienteerumis klubi. Seal teid aidatakse vajaduse korral, saate valida endale sobiva raskusastme ning proovida punktide otsimist.<\/p>\n<p>Teine v\u00f5imalus &#8211; muretseda endale metsa v\u00f5i pargi kaart, kuhu peale on m\u00e4rgitud punktid puudel v\u00f5i spetsiaalsetel maa sisse peidetavatel torudel. Seda saate te proovida teile sobival ajal.<\/p>\n<p>Kui teid hakkas see spordiala huvitama ja te tahate sellega tegeleda siis soovitame teil astuda m\u00f5nda orienteerumis klubisse. See toob teile juurde uusi s\u00f5pru, annab v\u00f5imaluse saada vastuseid teie k\u00fcsimustele ning uudiseid eelseisvatest v\u00f5istlustest. Ka meie klubi v\u00f5tab r\u00f5\u00f5muga teid vastu.<\/p>\n<p>Allpool leiate kasulik lingid:<\/p>\n<ul>\n<li><a href=\"http:\/\/www.orienteerumine.ee\/\">Eesti Orienteerumis Liit (EOL)<\/a><\/li>\n<li><a href=\"http:\/\/www.ton.ee\">TON klubi<\/a>\u00a0&#8211; Tallinna Orienteerumis Neljap\u00e4evakud<\/li>\n<li><a href=\"http:\/\/www.orienteerumine.ee\/eol\/klubid.html\">Eesti orienteerumis klubid<\/a><\/li>\n<\/ul>\n<p><\/p>","protected":false},"excerpt":{"rendered":"<p>Mis on orienteerumine | Kuidas proovida | Orienteerumise ajalugu |\u00a0Kompass |\u00a0Kontrollpunkt |\u00a0Tingm\u00e4rgid\u00a0|\u00a0Kaart\u00a0|\u00a0Rajad orienteerumisel\u00a0|\u00a0Teevalik\u00a0|\u00a0Legend Teil on kaks v\u00f5imalust. \u00dcks neist &#8211; osaleda kohalikel v\u00f5istlustel, mida korraldab mingi orienteerumis klubi. Seal teid aidatakse vajaduse korral, saate&#46;&#46;&#46;<\/p>\n","protected":false},"author":1,"featured_media":0,"parent":0,"menu_order":0,"comment_status":"closed","ping_status":"closed","template":"","meta":{"ngg_post_thumbnail":0,"footnotes":""},"class_list":["post-101","page","type-page","status-publish","hentry"],"_links":{"self":[{"href":"https:\/\/www.srd.ee\/srdsk\/wp-json\/wp\/v2\/pages\/101","targetHints":{"allow":["GET"]}}],"collection":[{"href":"https:\/\/www.srd.ee\/srdsk\/wp-json\/wp\/v2\/pages"}],"about":[{"href":"https:\/\/www.srd.ee\/srdsk\/wp-json\/wp\/v2\/types\/page"}],"author":[{"embeddable":true,"href":"https:\/\/www.srd.ee\/srdsk\/wp-json\/wp\/v2\/users\/1"}],"replies":[{"embeddable":true,"href":"https:\/\/www.srd.ee\/srdsk\/wp-json\/wp\/v2\/comments?post=101"}],"version-history":[{"count":0,"href":"https:\/\/www.srd.ee\/srdsk\/wp-json\/wp\/v2\/pages\/101\/revisions"}],"wp:attachment":[{"href":"https:\/\/www.srd.ee\/srdsk\/wp-json\/wp\/v2\/media?parent=101"}],"curies":[{"name":"wp","href":"https:\/\/api.w.org\/{rel}","templated":true}]}}