{"id":1936,"date":"2024-03-09T15:28:38","date_gmt":"2024-03-09T17:28:38","guid":{"rendered":"https:\/\/www.srd.ee\/srdsk\/?page_id=1936"},"modified":"2024-09-03T19:16:01","modified_gmt":"2024-09-03T21:16:01","slug":"2024-tallinna-mv-paaristeade","status":"publish","type":"page","link":"https:\/\/www.srd.ee\/srdsk\/ru\/2024-tallinna-mv-paaristeade\/","title":{"rendered":"\u041f\u0435\u0440\u0432\u0435\u043d\u0441\u0442\u0432\u043e \u0422\u0430\u043b\u043b\u0438\u043d\u043d\u0430 \u043f\u0430\u0440\u043d\u0430\u044f \u0441\u043f\u0440\u0438\u043d\u0442 \u044d\u0441\u0442\u0430\u0444\u0435\u0442\u0430 2024"},"content":{"rendered":"<p><\/p>\n<h2><span style=\"font-size: 18pt;color: #008000\"><strong>\u041f\u0435\u0440\u0432\u0435\u043d\u0441\u0442\u0432\u043e \u0422\u0430\u043b\u043b\u0438\u043d\u043d\u0430 2024, \u043f\u0430\u0440\u043d\u0430\u044f \u0441\u043f\u0440\u0438\u043d\u0442 <\/strong><\/span><span style=\"font-size: 18pt;color: #008000\"><strong>\u044d\u0441\u0442\u0430\u0444\u0435\u0442\u0430<\/strong><\/span><\/h2>\n<p><a href=\"https:\/\/www.srd.ee\/results\/2024\/TallinnaMV_teade_Startlist0.htm\" target=\"_blank\" rel=\"noopener\">\u0421\u0442\u0430\u0440\u0442\u043e\u0432\u044b\u0439 \u043f\u0440\u043e\u0442\u043e\u043a\u043e\u043b<\/a> | <a href=\"https:\/\/otse.osport.ee\/failid\/otse\/index.htm?e=oj437d5\" target=\"_blank\" rel=\"noopener\">Live \u0440\u0435\u0437\u0443\u043b\u044c\u0442\u0430\u0442\u044b<\/a> | <a href=\"https:\/\/www.srd.ee\/results\/2024\/TallinnaMV_teade_Results0.htm\" target=\"_blank\" rel=\"noopener\">\u0420\u0435\u0437\u0443\u043b\u044c\u0442\u0430\u0442\u044b<\/a> | <a href=\"https:\/\/www.srd.ee\/results\/2024\/TallinnaMV_teade_Results1.htm\" target=\"_blank\" rel=\"noopener\">\u041f\u043e \u044d\u0442\u0430\u043f\u0430\u043c<\/a>\u00a0| <a \/>Pildid<\/a><\/p>\n<h2>\u0414\u043e\u043f\u043e\u043b\u043d\u0438\u0442\u0435\u043b\u044c\u043d\u0430\u044f \u0438\u043d\u0444\u043e\u0440\u043c\u0430\u0446\u0438\u044f<\/h2>\n<h3>\u0414\u0438\u0441\u0442\u0430\u043d\u0446\u0438\u0438 \u0438 \u041a\u0430\u0440\u0442\u0430:<\/h3>\n<p>MN16: 1,4 km \u2013 1,6 km<br \/>\nMN21: 1,8 km \u2013 2,0 km<br \/>\nMN40: 1,6 km \u2013 1,8 km<br \/>\nMN60: 1,4 km \u2013 1,6 km<br \/>\nVaba:&nbsp; 1,8 km \u2013 2,0 km<\/p>\n<p>\u0418\u0441\u043f\u043e\u043b\u044c\u0437\u0443\u0435\u0442\u0441\u044f \u0440\u0430\u0441\u0441\u0435\u0438\u0432\u0430\u043d\u0438\u0435. \u041d\u0430 \u043a\u0430\u0440\u0442\u0435 \u0440\u044f\u0434\u043e\u043c \u0441 \u043f\u043e\u0440\u044f\u0434\u043a\u043e\u0432\u044b\u043c \u043d\u043e\u043c\u0435\u0440\u043e\u043c \u043d\u0430\u0445\u043e\u0434\u0438\u0442\u0441\u044f \u0442\u0430\u043a\u0436\u0435 \u043d\u043e\u043c\u0435\u0440 \u043f\u0443\u043d\u043a\u0442\u0430. \u041b\u0435\u0433\u0435\u043d\u0434\u0430 \u043d\u0430\u0445\u043e\u0434\u0438\u0442\u0441\u044f \u043d\u0430 \u043a\u0440\u0430\u044e \u043a\u0430\u0440\u0442\u044b. \u0414\u043e\u043f\u043e\u043b\u043d\u0438\u0442\u0435\u043b\u044c\u043d\u044b\u0445 \u043b\u0435\u0433\u0435\u043d\u0434 \u043d\u0435 \u0431\u0443\u0434\u0435\u0442.<\/p>\n<h3>\u0421\u0442\u0430\u0440\u0442<\/h3>\n<p>\u0418\u0441\u043f\u043e\u043b\u044c\u0437\u0443\u044e\u0442\u0441\u044f \u043d\u0430\u0433\u0440\u0443\u0434\u043d\u044b\u0435 \u043d\u043e\u043c\u0435\u0440\u0430. \u0411\u0443\u043b\u0430\u0432\u043a\u0438 \u0434\u043b\u044f \u043a\u0440\u0435\u043f\u043b\u0435\u043d\u0438\u044f \u043d\u043e\u043c\u0435\u0440\u0430 \u0441\u043f\u043e\u0440\u0442\u0441\u043c\u0435\u043d \u0434\u043e\u043b\u0436\u0435\u043d \u0438\u043c\u0435\u0442\u044c \u0441 \u0441\u043e\u0431\u043e\u0439.&nbsp;<\/p>\n<p>\u041f\u0435\u0440\u0432\u044b\u0435 \u044d\u0442\u0430\u043f\u044b \u0441\u0442\u0430\u0440\u0442\u0443\u044e\u0442 \u043e\u0434\u043d\u043e\u0432\u0440\u0435\u043c\u0435\u043d\u043d\u043e \u0441 \u043e\u0431\u0449\u0435\u0433\u043e \u0441\u0442\u0430\u0440\u0442\u0430. \u041a\u0430\u0440\u0442\u044b \u0441\u0432\u0435\u0440\u043d\u0443\u0442\u044b\u0435 \u0432 \u0442\u0440\u0443\u0431\u043a\u0443 \u0431\u0443\u0434\u0443\u0442 \u0432\u044b\u0434\u0430\u043d\u044b \u043a\u0430\u0436\u0434\u043e\u043c\u0443 \u0443\u0447\u0430\u0441\u0442\u043d\u0438\u043a\u0443, \u043e\u0442\u043a\u0440\u044b\u0442\u044c \u043a\u0430\u0440\u0442\u0443 \u043c\u043e\u0436\u043d\u043e \u0442\u043e\u043b\u044c\u043a\u043e \u0432 \u043c\u043e\u043c\u0435\u043d\u0442 \u0441\u0442\u0430\u0440\u0442\u0430.<\/p>\n<p>\u0423\u0447\u0430\u0441\u0442\u043d\u0438\u043a\u0438 \u0441\u043b\u0435\u0434\u0443\u044e\u0449\u0438\u0445 \u044d\u0442\u0430\u043f\u043e\u0432 \u043f\u043e\u043b\u0443\u0447\u0430\u0442 \u043a\u0430\u0440\u0442\u044b \u043f\u0440\u0438 \u0432\u0445\u043e\u0434\u0435 \u0432 \u0441\u0442\u0430\u0440\u0442\u043e\u0432\u0443\u044e \u0437\u043e\u043d\u0443. \u041a\u0430\u0440\u0442\u044b \u0442\u0430\u043a\u0436\u0435 \u0431\u0443\u0434\u0443\u0442 \u0441\u0432\u0435\u0440\u043d\u0443\u0442\u044b \u0432 \u0442\u0440\u0443\u0431\u043a\u0438 \u0438 \u0441\u043c\u043e\u0442\u0440\u0435\u0442\u044c \u0438\u0445 \u043c\u043e\u0436\u043d\u043e \u0431\u0443\u0434\u0435\u0442 \u0442\u043e\u043b\u044c\u043a\u043e \u043f\u043e\u0441\u043b\u0435 \u043c\u043e\u043c\u0435\u043d\u0442\u0430 \u043f\u0435\u0440\u0435\u0434\u0430\u0447\u0438 \u044d\u0441\u0442\u0430\u0444\u0435\u0442\u044b \u043e\u0442 \u043e\u0434\u043d\u043e\u0433\u043e \u0443\u0447\u0430\u0441\u0442\u043d\u0438\u043a\u0430 \u0434\u0440\u0443\u0433\u043e\u043c\u0443. \u041f\u0435\u0440\u0435\u0434\u0430\u0447\u0430 \u044d\u0441\u0442\u0430\u0444\u0435\u0442\u044b \u043f\u0440\u043e\u0438\u0437\u0432\u043e\u0434\u0438\u0442\u0441\u044f \u043a\u0430\u0441\u0430\u043d\u0438\u0435\u043c \u0440\u0443\u043a\u0438.<\/p>\n<h3>\u041f\u0430\u0440\u043a\u043e\u0432\u043a\u0430<\/h3>\n<p>\u041f\u0430\u0440\u043a\u043e\u0432\u043a\u0430 \u043d\u0430\u0445\u043e\u0434\u0438\u0442\u0441\u044f \u0432 \u043d\u0430\u0447\u0430\u043b\u0435 \u0434\u043e\u0440\u043e\u0433\u0438 Rannas\u00fcdame tee, \u0441 \u043b\u0435\u0432\u043e\u0439 \u0441\u0442\u043e\u0440\u043e\u043d\u044b. \u041a\u043e\u043e\u0440\u0434\u0438\u043d\u0430\u0442\u044b \u043f\u0435\u0440\u0435\u0441\u0435\u0447\u0435\u043d\u0438\u044f Rannas\u00fcdame tee \u0438 Klooga mnt: 59.421551, 24.350534 (\u0441\u0441\u044b\u043b\u043a\u0430 \u043d\u0430 Google Maps: <a href=\"https:\/\/maps.app.goo.gl\/oLKtkpWABKBPHzMW8\">https:\/\/maps.app.goo.gl\/oLKtkpWABKBPHzMW8<\/a>) \u041e\u0442 \u043f\u0430\u0440\u043a\u043e\u0432\u043a\u0438 \u0434\u043e \u0446\u0435\u043d\u0442\u0440\u0430 \u0441\u043e\u0440\u0435\u0432\u043d\u043e\u0432\u0430\u043d\u0438\u0439 \u043e\u043a\u043e\u043b\u043e 100 \u043c\u0435\u0442\u0440\u043e\u0432.&nbsp;<\/p>\n<p><img loading=\"lazy\" decoding=\"async\" class=\"aligncenter size-full wp-image-2038\" src=\"https:\/\/www.srd.ee\/srdsk\/wp-content\/uploads\/sites\/15\/2024\/09\/keskus2.jpg\" alt=\"\" width=\"553\" height=\"394\" srcset=\"https:\/\/www.srd.ee\/srdsk\/wp-content\/uploads\/sites\/15\/2024\/09\/keskus2.jpg 553w, https:\/\/www.srd.ee\/srdsk\/wp-content\/uploads\/sites\/15\/2024\/09\/keskus2-300x214.jpg 300w\" sizes=\"auto, (max-width: 553px) 100vw, 553px\" \/><\/p>\n<h4>\u0422\u0443\u0430\u043b\u0435\u0442\u044b \u0438 \u0434\u0443\u0448\u0438<\/h4>\n<p>\u041d\u0430 \u043f\u0430\u0440\u043a\u043e\u0432\u043a\u0435 \u0431\u0443\u0434\u0443\u0442 \u0442\u0443\u0430\u043b\u0435\u0442\u044b. \u0412\u043e\u0437\u043c\u043e\u0436\u043d\u043e\u0441\u0442\u044c \u043f\u043e\u043c\u044b\u0442\u044c\u0441\u044f &#8212; \u043c\u043e\u0440\u0441\u043a\u043e\u0439 \u043f\u043b\u044f\u0436 \u043d\u0430 \u0440\u0430\u0441\u0441\u0442\u043e\u044f\u043d\u0438\u0438 500 \u043c\u0435\u0442\u0440\u043e\u0432 \u043e\u0442 \u043f\u0430\u0440\u043a\u043e\u0432\u043a\u0438.&nbsp;<\/p>\n<p>&nbsp;<\/p>\n<h2><strong><span style=\"font-size: 14pt;color: #008000\">\u041f\u043e\u043b\u043e\u0436\u0435\u043d\u0438\u0435<\/span><\/strong><\/h2>\n<p><span style=\"color: #008000\"><strong>\u0414\u0430\u0442\u0430:<\/strong> 4. \u0441\u0435\u043d\u0442\u0440\u044f\u0431\u0440\u044f 2024<\/span><\/p>\n<p><span style=\"color: #008000\"><strong>\u041c\u0435\u0441\u0442\u043e:<\/strong>&nbsp;V\u00e4\u00e4na-J\u00f5esuu<\/span><\/p>\n<p><span style=\"color: #008000\"><strong>Start:<\/strong> \u043d\u0430\u0447\u0430\u043b\u043e \u043e\u0431\u0449\u0438\u0445 \u0441\u0442\u0430\u0440\u0442\u043e\u0432 \u0432 18.00<\/span><\/p>\n<p><span style=\"color: #008000\"><strong>\u0423\u0447\u0430\u0441\u0442\u0432\u0443\u044e\u0442 \u0433\u0440\u0443\u043f\u043f\u044b \u0438 \u043e\u043f\u043b\u0430\u0442\u0430 \u0437\u0430 \u0443\u0447\u0430\u0441\u0442\u0438\u0435:<\/strong><\/span><\/p>\n<p><span style=\"color: #008000\">\u041a\u043e\u043c\u0430\u043d\u0434\u0430 \u0441\u043e\u0441\u0442\u043e\u0438\u0442 \u0438\u0437 \u0434\u0432\u0443\u0445 \u0447\u0435\u043b\u043e\u0432\u0435\u043a (1 \u0436\u0435\u043d\u0449\u0438\u043d\u0430 &#8212; N \u0438 1 \u043c\u0443\u0436\u0447\u0438\u043d\u0430 &#8212; M).<\/span><\/p>\n<p><span style=\"color: #008000\">\u041e\u0431\u044f\u0437\u0430\u0442\u0435\u043b\u044c\u043d\u044b\u0439 \u043f\u043e\u0440\u044f\u0434\u043e\u043a: N-M-N-M. \u041a\u0430\u0436\u0434\u044b\u0439 \u0443\u0447\u0430\u0441\u0442\u043d\u0438\u043a \u0431\u0435\u0436\u0438\u0442 2 \u0440\u0430\u0437\u0430.<\/span><\/p>\n<p><span style=\"color: #008000\">\u041f\u043b\u0430\u043d\u0438\u0440\u0443\u0435\u043c\u043e\u0435 \u0432\u0440\u0435\u043c\u044f \u043f\u043e\u0431\u0435\u0434\u0438\u0442\u0435\u043b\u044f \u043d\u0430 \u043a\u0430\u0436\u0434\u043e\u043c \u044d\u0442\u0430\u043f\u0435&nbsp; \u043f\u0440\u0438\u043c\u0435\u0440\u043d\u043e12 min.<\/span><\/p>\n<p><span style=\"color: #008000\">MN16&nbsp;&nbsp;&nbsp;&nbsp;&nbsp;&nbsp;&nbsp;&nbsp;&nbsp;&nbsp;&nbsp;&nbsp;&nbsp;&nbsp;&nbsp;&nbsp;&nbsp; 10 \u20ac\/\u043a\u043e\u043c\u0430\u043d\u0434\u0430<\/span><\/p>\n<p><span style=\"color: #008000\">MN21&nbsp;&nbsp;&nbsp;&nbsp;&nbsp;&nbsp;&nbsp;&nbsp;&nbsp;&nbsp;&nbsp;&nbsp;&nbsp;&nbsp;&nbsp;&nbsp;&nbsp; 24 \u20ac\/\u043a\u043e\u043c\u0430\u043d\u0434\u0430<\/span><\/p>\n<p><span style=\"color: #008000\">MN40&nbsp;&nbsp;&nbsp;&nbsp;&nbsp;&nbsp;&nbsp;&nbsp;&nbsp;&nbsp;&nbsp;&nbsp;&nbsp;&nbsp;&nbsp;&nbsp;&nbsp; 24 \u20ac\/\u043a\u043e\u043c\u0430\u043d\u0434\u0430<\/span><\/p>\n<p><span style=\"color: #008000\">MN60&nbsp;&nbsp;&nbsp;&nbsp;&nbsp;&nbsp;&nbsp;&nbsp;&nbsp;&nbsp;&nbsp;&nbsp;&nbsp;&nbsp;&nbsp;&nbsp;&nbsp; 16 \u20ac\/\u043a\u043e\u043c\u0430\u043d\u0434\u0430<\/span><\/p>\n<p><span style=\"color: #008000\">Vabaklass&nbsp;&nbsp;&nbsp;&nbsp;&nbsp;&nbsp;&nbsp;&nbsp;&nbsp;&nbsp;&nbsp; 24 \u20ac\/\u043a\u043e\u043c\u0430\u043d\u0434\u0430 (\u043a\u043e\u043c\u0430\u043d\u0434\u0430 \u043c\u043e\u0436\u0435\u0442 \u0441\u043e\u0441\u0442\u043e\u044f\u0442\u044c \u0442\u043e\u043b\u044c\u043a\u043e \u0438\u0437 \u043c\u0443\u0436\u0447\u0438\u043d \u0438\u043b\u0438 \u0442\u043e\u043b\u044c\u043a\u043e \u0438\u0437 \u0436\u0435\u043d\u0449\u0438\u043d \u0431\u0435\u0437 \u043e\u0433\u0440\u0430\u043d\u0438\u0447\u0435\u043d\u0438\u044f \u043f\u043e \u0432\u043e\u0437\u0440\u0430\u0441\u0442\u0443)<\/span><\/p>\n<p><span style=\"color: #008000\"><strong>\u041a\u0430\u0440\u0442\u0430:<\/strong> V\u00e4\u00e4na-J\u00f5esuu \u0441\u043f\u0440\u0438\u043d\u0442\u0435\u0440\u0441\u043a\u0430\u044f \u043a\u0430\u0440\u0442\u0430. \u041d\u0430\u0440\u0438\u0441\u043e\u0432\u0430\u043d\u0430 \u0432 2024. \u041c\u0430\u0441\u0448\u0442\u0430\u0431 1:4000, H = 2.5 m<\/span><\/p>\n<p><img loading=\"lazy\" decoding=\"async\" class=\"aligncenter size-full wp-image-2031\" src=\"https:\/\/www.srd.ee\/srdsk\/wp-content\/uploads\/sites\/15\/2024\/08\/vjoesuumaps.jpg\" alt=\"\" width=\"671\" height=\"215\" srcset=\"https:\/\/www.srd.ee\/srdsk\/wp-content\/uploads\/sites\/15\/2024\/08\/vjoesuumaps.jpg 671w, https:\/\/www.srd.ee\/srdsk\/wp-content\/uploads\/sites\/15\/2024\/08\/vjoesuumaps-300x96.jpg 300w\" sizes=\"auto, (max-width: 671px) 100vw, 671px\" \/><\/p>\n<p><span style=\"color: #008000\"><strong>\u041c\u0435\u0441\u0442\u043d\u043e\u0441\u0442\u044c:<\/strong> \u041a\u0440\u0430\u0441\u0438\u0432\u044b\u0439 \u0441\u043e\u0441\u043d\u043e\u0432\u044b\u0439 \u043b\u0435\u0441, \u043c\u043d\u043e\u0433\u043e \u0434\u043e\u0440\u043e\u0436\u0435\u043a. \u041c\u0438\u043a\u0440\u043e\u0440\u0435\u043b\u044c\u0435\u0444.<\/span><\/p>\n<p><span style=\"color: #008000\"><strong>\u0421\u0438\u0441\u0442\u0435\u043c\u0430 \u043e\u0442\u043c\u0435\u0442\u043a\u0438:<\/strong> SPORTIdent Air+, \u043e\u0431\u044b\u0447\u043d\u044b\u0435 SI \u043a\u0430\u0440\u0442\u043e\u0447\u043a\u0438 \u0442\u0430\u043a \u0436\u0435 \u043c\u043e\u0436\u043d\u043e \u0438\u0441\u043f\u043e\u043b\u044c\u0437\u043e\u0432\u0430\u0442\u044c.<\/span><\/p>\n<p><span style=\"color: #008000\"><strong>\u0420\u0435\u0433\u0438\u0441\u0442\u0440\u0430\u0446\u0438\u044f:<\/strong> \u0434\u043e 01.09.2024 \u043f\u043e \u0430\u0434\u0440\u0435\u0441\u0443: https:\/\/www.osport.ee\/ \u0438\u043b\u0438 \u0435-\u043f\u0438\u0441\u044c\u043c\u043e\u043c <a style=\"color: #008000\" href=\"mailto:ella@srd.ee\">ella@srd.ee<\/a><\/span><\/p>\n<p><span style=\"color: #008000\">\u0421\u0442\u0430\u0440\u0442\u043e\u0432\u044b\u0435 \u043f\u0440\u043e\u0442\u043e\u043a\u043e\u043b\u044b \u0438 \u0443\u0442\u043e\u0447\u043d\u044f\u044e\u0449\u0430\u044f \u0438\u043d\u0444\u043e\u0440\u043c\u0430\u0446\u0438\u044f \u043e \u0441\u043e\u0440\u0435\u0432\u043d\u043e\u0432\u0430\u043d\u0438\u0438 \u0431\u0443\u0434\u0435\u0442 \u043e\u043f\u0443\u0431\u043b\u0438\u043a\u043e\u0432\u0430\u043d\u043e \u043d\u0435 \u043f\u043e\u0437\u0434\u043d\u0435\u0435 3-\u0433\u043e \u0441\u0435\u043d\u0442\u044f\u0431\u0440\u044f.<\/span><\/p>\n<p><span style=\"color: #008000\">\u041f\u0440\u0438 \u0440\u0435\u0433\u0438\u0441\u0442\u0440\u0430\u0446\u0438\u0438 \u0441\u043e\u043e\u0431\u0449\u0438\u0442\u044c \u0438\u043c\u044f \u0443\u0447\u0430\u0441\u0442\u043d\u0438\u043a\u043e\u0432, \u0441\u043e\u0440\u0435\u0432\u043d\u043e\u0432\u0430\u0442\u0435\u043b\u044c\u043d\u0443\u044e \u0433\u0440\u0443\u043f\u043f\u0443, EOL-kood \u0438 \u043d\u043e\u043c\u0435\u0440 SI-\u043a\u0430\u0440\u0442\u043e\u0447\u043a\u0438 (\u0438\u043b\u0438 \u0436\u0435\u043b\u0430\u043d\u0438\u0435 \u0430\u0440\u0435\u043d\u0434\u044b SI-\u043a\u0430\u0440\u0442\u043e\u0447\u043a\u0438).<\/span><\/p>\n<p><span style=\"color: #008000\">\u041f\u0440\u0438 \u0440\u0435\u0433\u0438\u0441\u0442\u0440\u0430\u0446\u0438\u0438 \u043d\u0435\u043e\u0431\u0445\u043e\u0434\u0438\u043c\u043e \u043e\u043f\u043b\u0430\u0442\u0438\u0442\u044c \u043f\u043b\u0430\u0442\u0443 \u0437\u0430 \u0443\u0447\u0430\u0441\u0442\u0438\u0435 \u0438 \u043f\u0440\u0438 \u043d\u0435\u043e\u0431\u0445\u043e\u0434\u0438\u043c\u043e\u0441\u0442\u0438 \u0430\u0440\u0435\u043d\u0434\u0443 SI-\u043a\u0430\u0440\u0442\u043e\u0447\u043a\u0438 (2 \u20ac) \u043d\u0430 \u0441\u0447\u0435\u0442 \u0432 \u0431\u0430\u043d\u043a\u0435 <strong>SRD Spordiklubi<\/strong> EE052200001120211587 Swedpank.&nbsp;<\/span><\/p>\n<p><span style=\"color: #008000\"><strong>\u041d\u0430\u0433\u0440\u0430\u0436\u0434\u0435\u043d\u0438\u0435:<\/strong> \u0412\u043e \u0432\u0441\u0435\u0445 \u043a\u043b\u0430\u0441\u0441\u0430\u0445 (\u043a\u0440\u043e\u043c\u0435 vabaklass) \u043d\u0430\u0433\u0440\u0430\u0436\u0434\u0430\u044e\u0442\u0441\u044f \u043c\u0435\u0434\u0430\u043b\u044f\u043c\u0438 \u0442\u0440\u0438 \u043b\u0443\u0447\u0448\u0438\u0445 \u043a\u043e\u043c\u0430\u043d\u0434\u044b.<\/span><\/p>\n<p>&nbsp;<\/p>\n<p><span style=\"color: #ff0000\">\u0423\u0447\u0430\u0441\u0442\u0438\u0435 \u0432 \u0441\u043e\u0440\u0435\u0432\u043d\u043e\u0432\u0430\u043d\u0438\u0438 \u043f\u0440\u043e\u0445\u043e\u0434\u0438\u0442 \u043d\u0430 \u0432\u0430\u0448 \u0440\u0438\u0441\u043a. \u041e\u0440\u0433\u0430\u043d\u0438\u0437\u0430\u0442\u043e\u0440 \u043d\u0435 \u043d\u0435\u0441\u0435\u0442 \u043e\u0442\u0432\u0435\u0442\u0441\u0442\u0432\u0435\u043d\u043d\u043e\u0441\u0442\u0438 \u0437\u0430 \u0432\u043e\u0437\u043c\u043e\u0436\u043d\u044b\u0435 \u043d\u0435\u0441\u0447\u0430\u0441\u0442\u043d\u044b\u0435 \u0441\u043b\u0443\u0447\u0430\u0438 \u0438 \u0441\u0432\u044f\u0437\u0430\u043d\u043d\u044b\u0435 \u0441 \u044d\u0442\u0438\u043c \u043f\u043e\u0441\u043b\u0435\u0434\u0441\u0442\u0432\u0438\u044f.<\/span><\/p>\n<p>&nbsp;<\/p>\n<p><span style=\"color: #008000\"><strong>\u0421\u043e\u0440\u0435\u0432\u043d\u043e\u0432\u0430\u043d\u0438\u0435 \u043e\u0440\u0433\u0430\u043d\u0438\u0437\u0443\u0435\u0442:<\/strong> SRD Spordiklubi<\/span><\/p>\n<p><span style=\"color: #008000\"><strong>\u0413\u043b\u0430\u0432\u043d\u044b\u0439 \u043e\u0440\u0433\u0430\u043d\u0438\u0437\u0430\u0442\u043e\u0440:<\/strong> Ella \u0160ved (5118863)<\/span><\/p>\n<p><span style=\"color: #008000\"><strong>\u041d\u0430\u0447\u0430\u043b\u044c\u043d\u0438\u043a \u0434\u0438\u0441\u0442\u0430\u043d\u0446\u0438\u0438: <\/strong>Dmitri \u0160ved<\/span><\/p>","protected":false},"excerpt":{"rendered":"<p>\u041f\u0435\u0440\u0432\u0435\u043d\u0441\u0442\u0432\u043e \u0422\u0430\u043b\u043b\u0438\u043d\u043d\u0430 2024, \u043f\u0430\u0440\u043d\u0430\u044f \u0441\u043f\u0440\u0438\u043d\u0442 \u044d\u0441\u0442\u0430\u0444\u0435\u0442\u0430 \u0421\u0442\u0430\u0440\u0442\u043e\u0432\u044b\u0439 \u043f\u0440\u043e\u0442\u043e\u043a\u043e\u043b | Live \u0440\u0435\u0437\u0443\u043b\u044c\u0442\u0430\u0442\u044b | \u0420\u0435\u0437\u0443\u043b\u044c\u0442\u0430\u0442\u044b | \u041f\u043e \u044d\u0442\u0430\u043f\u0430\u043c\u00a0| Pildid \u0414\u043e\u043f\u043e\u043b\u043d\u0438\u0442\u0435\u043b\u044c\u043d\u0430\u044f \u0438\u043d\u0444\u043e\u0440\u043c\u0430\u0446\u0438\u044f \u0414\u0438\u0441\u0442\u0430\u043d\u0446\u0438\u0438 \u0438 \u041a\u0430\u0440\u0442\u0430: MN16: 1,4 km \u2013 1,6 km MN21: 1,8 km \u2013 2,0 km&#46;&#46;&#46;<\/p>\n","protected":false},"author":1,"featured_media":0,"parent":0,"menu_order":0,"comment_status":"closed","ping_status":"closed","template":"","meta":{"ngg_post_thumbnail":0,"footnotes":""},"class_list":["post-1936","page","type-page","status-publish","hentry"],"_links":{"self":[{"href":"https:\/\/www.srd.ee\/srdsk\/ru\/wp-json\/wp\/v2\/pages\/1936","targetHints":{"allow":["GET"]}}],"collection":[{"href":"https:\/\/www.srd.ee\/srdsk\/ru\/wp-json\/wp\/v2\/pages"}],"about":[{"href":"https:\/\/www.srd.ee\/srdsk\/ru\/wp-json\/wp\/v2\/types\/page"}],"author":[{"embeddable":true,"href":"https:\/\/www.srd.ee\/srdsk\/ru\/wp-json\/wp\/v2\/users\/1"}],"replies":[{"embeddable":true,"href":"https:\/\/www.srd.ee\/srdsk\/ru\/wp-json\/wp\/v2\/comments?post=1936"}],"version-history":[{"count":15,"href":"https:\/\/www.srd.ee\/srdsk\/ru\/wp-json\/wp\/v2\/pages\/1936\/revisions"}],"predecessor-version":[{"id":2042,"href":"https:\/\/www.srd.ee\/srdsk\/ru\/wp-json\/wp\/v2\/pages\/1936\/revisions\/2042"}],"wp:attachment":[{"href":"https:\/\/www.srd.ee\/srdsk\/ru\/wp-json\/wp\/v2\/media?parent=1936"}],"curies":[{"name":"wp","href":"https:\/\/api.w.org\/{rel}","templated":true}]}}