{"id":1058,"date":"2022-01-09T15:51:57","date_gmt":"2022-01-09T17:51:57","guid":{"rendered":"http:\/\/www.srd.ee\/srdsk\/?page_id=1058"},"modified":"2022-01-24T21:18:22","modified_gmt":"2022-01-24T23:18:22","slug":"2022-tallinna-mv-suusao","status":"publish","type":"page","link":"https:\/\/www.srd.ee\/srdsk\/ru\/2022-tallinna-mv-suusao\/","title":{"rendered":"\u041f\u0435\u0440\u0432\u0435\u043d\u0441\u0442\u0432\u043e \u0422\u0430\u043b\u043b\u0438\u043d\u043d\u0430 2022, \u043b\u044b\u0436\u043d\u043e\u0435 \u043e\u0440\u0438\u0435\u043d\u0442\u0438\u0440\u043e\u0432\u0430\u043d\u0438\u0435"},"content":{"rendered":"<p><a href=\"https:\/\/www.srd.ee\/results\/2022\/TallinnaMV_suusa_Startlist0.htm\" target=\"_blank\" rel=\"noopener\">\u0421\u0442\u0430\u0440\u0442\u043e\u0432\u044b\u0439 \u043f\u0440\u043e\u0442\u043e\u043a\u043e\u043b<\/a> | <a href=\"http:\/\/otse.osport.ee\/failid\/otse\/index.htm?e=TLN22SO\" target=\"_blank\" rel=\"noopener\">Online \u0440\u0435\u0437\u0443\u043b\u044c\u0442\u0430\u0442\u044b<\/a> | <a href=\"https:\/\/www.srd.ee\/results\/2022\/TallinnaMV_suusa_Results0.htm\" target=\"_blank\" rel=\"noopener\">\u0420\u0435\u0437\u0443\u043b\u044c\u0442\u0430\u0442\u044b<\/a> | <a href=\"https:\/\/www.srd.ee\/results\/2022\/TallinnaMV_suusa_Results1.htm\" target=\"_blank\" rel=\"noopener\">\u042d\u0442\u0430\u043f\u044b<\/a>\u00a0| <a href=\"https:\/\/photos.app.goo.gl\/oT2S7nj46qn6kzgK6\">\u0424\u043e\u0442\u043e\u0433\u0440\u0430\u0444\u0438\u0438<\/a><\/p>\n<p><span style=\"color: #ff0000;\"><strong>\u0421\u043e\u0440\u0435\u0432\u043d\u043e\u0432\u0430\u043d\u0438\u0435 \u0441\u043e\u0441\u0442\u043e\u0438\u0442\u0441\u044f.<\/strong><\/span><\/p>\n<p><span style=\"color: #ff0000;\"><strong>\u0414\u043e\u043f\u043e\u043b\u043d\u0438\u0442\u0435\u043b\u044c\u043d\u0430\u044f \u0438\u043d\u0444\u043e\u0440\u043c\u0430\u0446\u0438\u044f 2 \u0441\u043a\u043e\u0440\u043e \u043f\u043e\u044f\u0432\u0438\u0442\u0441\u044f.<\/strong><\/span><\/p>\n<p>&#8212;&#8212;&#8212;&#8212;&#8212;&#8212;&#8212;&#8212;&#8212;&#8212;&#8212;&#8212;&#8212;&#8212;&#8212;&#8212;&#8212;&#8212;&#8212;&#8212;&#8212;&#8212;&#8212;&#8212;&#8212;&#8212;&#8212;&#8212;&#8212;&#8212;&#8212;<\/p>\n<p><span style=\"color: #ff0000;\"><strong>\u041d\u0430 \u0434\u0430\u043d\u043d\u044b\u0439 \u043c\u043e\u043c\u0435\u043d\u0442 \u043f\u043e\u0433\u043e\u0434\u0430 \u043d\u0435\u043f\u0440\u0435\u0434\u0441\u043a\u0430\u0437\u0443\u0435\u043c\u0430\u044f, \u0441\u043d\u0435\u0433 \u0442\u0430\u0435\u0442, \u043f\u043e\u044d\u0442\u043e\u043c\u0443 \u043e\u043a\u043e\u043d\u0447\u0430\u0442\u0435\u043b\u044c\u043d\u043e\u0435 \u0440\u0435\u0448\u0435\u043d\u0438\u0435 \u043e \u043f\u0440\u043e\u0432\u0435\u0434\u0435\u043d\u0438\u0438 \u0441\u043e\u0440\u0435\u0432\u043d\u043e\u0432\u0430\u043d\u0438\u044f \u043e\u043f\u0443\u0431\u043b\u0438\u043a\u0443\u0435\u043c \u0432 \u043f\u044f\u0442\u043d\u0438\u0446\u0443 \u0443\u0442\u0440\u043e\u043c.<\/strong><\/span><\/p>\n<p><span style=\"color: #000000;\"><strong>\u0414\u043e\u043f\u043e\u043b\u043d\u0438\u0442\u0435\u043b\u044c\u043d\u0430\u044f \u0438\u043d\u0444\u043e\u0440\u043c\u0430\u0446\u0438\u044f 1:<\/strong><\/span><\/p>\n<p><strong>\u041a\u043e\u043d\u0442\u0440\u043e\u043b\u044c\u043d\u044b\u0435 \u043f\u0443\u043d\u043a\u0442\u044b:<br \/>\n<\/strong>\u041d\u0430 \u043a\u043e\u043d\u0442\u0440\u043e\u043b\u044c\u043d\u044b\u0445 \u043f\u0443\u043d\u043a\u0442\u0430\u0445 \u0430\u043a\u0442\u0438\u0432\u0438\u0440\u043e\u0432\u0430\u043d\u0430 \u0431\u0435\u0441\u043a\u043e\u043d\u0442\u0430\u043a\u0442\u043d\u0430\u044f \u043e\u0442\u043c\u0435\u0442\u043a\u0430. \u041e\u0442\u043c\u0435\u0442\u043a\u0430 \u043f\u0440\u043e\u0438\u0441\u0445\u043e\u0434\u0438\u0442 \u043d\u0430 \u0440\u0430\u0441\u0441\u0442\u043e\u044f\u043d\u0438\u0438 30 \u0441\u043c \u043e\u0442 \u0441\u0442\u0430\u043d\u0446\u0438\u0438. \u041f\u0440\u0438 \u043e\u0442\u0441\u0443\u0442\u0441\u0442\u0432\u0438\u0438 SI-Air \u043a\u0430\u0440\u0442\u043e\u0447\u043a\u0438, \u0438\u043b\u0438 \u0435\u0441\u043b\u0438 \u043e\u043d\u0430 \u043e\u0441\u0442\u0430\u043b\u0430\u0441\u044c \u043d\u0435 \u0430\u043a\u0442\u0438\u0432\u0438\u0440\u043e\u0432\u0430\u043d\u043d\u043e\u0439, \u043e\u0442\u043c\u0435\u0442\u043a\u0430 \u043f\u0440\u043e\u0438\u0441\u0445\u043e\u0434\u0438\u0442 \u0441\u0442\u0430\u043d\u0434\u0430\u0440\u0442\u043d\u044b\u043c \u0441\u043f\u043e\u0441\u043e\u0431\u043e\u043c, \u0432\u0441\u0442\u0430\u0432\u043b\u0435\u043d\u0438\u0435\u043c \u0441\u0438-\u043a\u0430\u0440\u0442\u043e\u0447\u043a\u0438 \u0432 \u043e\u0442\u0432\u0435\u0440\u0441\u0442\u0438\u0435 \u043d\u0430 \u0441\u0442\u0430\u043d\u0446\u0438\u0438.<\/p>\n<p><strong>\u0424\u0438\u043d\u0438\u0448 \u043e\u0442\u043c\u0435\u0447\u0435\u043d \u043d\u0430 \u043a\u0430\u0440\u0442\u0435. \u0421 \u043f\u043e\u0441\u043b\u0435\u0434\u043d\u0435\u0433\u043e \u043f\u0443\u043d\u043a\u0442\u0430 \u0434\u043e \u0444\u0438\u043d\u0438\u0448\u0430 \u0440\u0430\u0437\u043c\u0435\u0442\u043a\u0430 \u043e\u0442\u0441\u0443\u0442\u0441\u0442\u0432\u0443\u0435\u0442.<\/strong><\/p>\n<p><strong>\u0420\u0435\u0437\u0443\u043b\u044c\u0442\u0430\u0442\u044b:<br \/>\n<\/strong>\u0412\u043e \u0432\u0440\u0435\u043c\u044f \u0441\u043e\u0440\u0435\u0432\u043d\u043e\u0432\u0430\u043d\u0438\u0439 \u0442\u0435\u043a\u0443\u0449\u0438\u0435 \u0440\u0435\u0437\u0443\u043b\u044c\u0442\u0430\u0442\u044b \u043c\u043e\u0436\u043d\u043e \u0441\u043c\u043e\u0442\u0440\u0435\u0442\u044c \u0442\u043e\u043b\u044c\u043a\u043e \u0432 \u0438\u043d\u0442\u0435\u0440\u043d\u0435\u0442\u0435, \u043f\u043e \u0430\u0434\u0440\u0435\u0441\u0443\u00a0 \u00a0<a href=\"http:\/\/otse.osport.ee\/\">http:\/\/otse.osport.ee\/<\/a><\/p>\n<p>\u0412 \u043b\u0435\u0441\u0443 \u0438\u0441\u043f\u043e\u043b\u044c\u0437\u0443\u044e\u0442\u0441\u044f \u0442\u043e\u043b\u044c\u043a\u043e \u0441\u0443\u0449\u0435\u0441\u0442\u0432\u0443\u044e\u0449\u0438\u0435 \u043b\u044b\u0436\u043d\u044b\u0435 \u0442\u0440\u0430\u0441\u0441\u044b, \u0441\u043d\u0435\u0433\u043e\u0445\u043e\u0434\u043e\u043c \u0442\u0440\u0430\u0441\u0441\u044b \u043d\u0435 \u043f\u0440\u043e\u0445\u043e\u0434\u044f\u0442\u0441\u044f.<br \/>\n\u0412 \u043b\u0435\u0441\u0443 \u043c\u043d\u043e\u0433\u043e \u043b\u044e\u0434\u0435\u0439: \u0433\u0443\u043b\u044f\u044e\u0449\u0438\u0445, \u043b\u044b\u0436\u043d\u0438\u043a\u043e\u0432, \u0434\u0435\u0442\u0435\u0439 \u043d\u0430 \u0441\u0430\u043d\u043a\u0430\u0445. \u0411\u0443\u0434\u044c\u0442\u0435 \u043e\u0441\u0442\u043e\u0440\u043e\u0436\u043d\u044b!<\/p>\n<p><strong>\u0412\u043e\u0437\u043c\u043e\u0436\u043d\u043e\u0441\u0442\u044c \u043f\u043e\u043c\u044b\u0442\u044c\u0441\u044f \u0438 WC:<br \/>\n<\/strong>\u0412 \u0446\u0435\u043d\u0442\u0440\u0435 \u0441\u043e\u0440\u0435\u0432\u043d\u043e\u0432\u0430\u043d\u0438\u044f \u0443\u0441\u0442\u0430\u043d\u043e\u0432\u043b\u0435\u043d WC.<br \/>\n\u0417\u0430 3\u20ac \u043c\u043e\u0436\u043d\u043e \u043f\u043e\u043b\u044c\u0437\u043e\u0432\u0430\u0442\u044c\u0441\u044f \u0434\u0443\u0448\u0435\u043c \u0432 Nord \u0446\u0435\u043d\u0442\u0440\u0435 (\u043f\u0440\u043e\u0432\u0435\u0440\u044f\u044e\u0442 Covid \u0441\u043f\u0440\u0430\u0432\u043a\u0438)<\/p>\n<p><strong>\u041f\u0440\u0430\u0432\u0438\u043b\u0430 Covid-19<br \/>\n<\/strong>\u0423 \u0432\u0441\u0435\u0445 \u0443\u0447\u0430\u0441\u0442\u043d\u0438\u043a\u043e\u0432 \u0434\u043e\u043b\u0436\u043d\u0430 \u0431\u044b\u0442\u044c \u0434\u0435\u0439\u0441\u0442\u0432\u0443\u044e\u0449\u0430\u044f \u0441\u043f\u0440\u0430\u0432\u043a\u0430 \u043e \u0432\u0430\u043a\u0446\u0438\u043d\u0430\u0446\u0438\u0438 \u0438\u043b\u0438 \u0431\u043e\u043b\u0435\u0437\u043d\u0438. \u0421\u043f\u0440\u0430\u0432\u043a\u0438 \u0436\u0435\u043b\u0430\u0442\u0435\u043b\u044c\u043d\u043e \u043e\u0442\u043f\u0440\u0430\u0432\u0438\u0442\u044c \u0437\u0430\u0440\u0430\u043d\u0435\u0435 \u043d\u0430 \u0430\u0434\u0440\u0435\u0441 <a href=\"mailto:spordiklubi@srd.ee\">spordiklubi@srd.ee<\/a>. \u0414\u043b\u044f \u043f\u0440\u043e\u0445\u043e\u0436\u0434\u0435\u043d\u0438\u044f \u0432 \u0441\u0442\u0430\u0440\u0442\u043e\u0432\u0443\u044e \u0437\u043e\u043d\u0443 \u0443 \u0443\u0447\u0430\u0441\u0442\u043d\u0438\u043a\u0430 \u0434\u043e\u043b\u0436\u0435\u043d \u0431\u044b\u0442\u044c \u043d\u0430\u0433\u0440\u0443\u0434\u043d\u044b\u0439 \u043d\u043e\u043c\u0435\u0440. \u0422\u0435, \u043a\u0442\u043e \u043f\u0440\u0438\u0441\u043b\u0430\u043b\u0438 \u0441\u0432\u043e\u0438 \u0441\u043f\u0440\u0430\u0432\u043a\u0438 \u043e \u0432\u0430\u043a\u0446\u0438\u043d\u0430\u0446\u0438\u0438, \u043d\u0430\u0439\u0434\u0443\u0442 \u0441\u0432\u043e\u0438 \u043d\u043e\u043c\u0435\u0440\u0430 \u043d\u0430 \u0432\u0435\u0440\u0435\u0432\u043a\u0435. \u041e\u0441\u0442\u0430\u043b\u044c\u043d\u044b\u0435 \u0434\u043e\u043b\u0436\u043d\u044b \u0431\u0443\u0434\u0443\u0442 \u043f\u043e\u043b\u0443\u0447\u0438\u0442\u044c \u043d\u043e\u043c\u0435\u0440\u0430 \u0432 \u0441\u0435\u043a\u0440\u0435\u0442\u0430\u0440\u0438\u0430\u0442\u0435 \u043f\u043e\u0441\u043b\u0435 \u043f\u0440\u0435\u0434\u044a\u044f\u0432\u043b\u0435\u043d\u0438\u044f \u0441\u043f\u0440\u0430\u0432\u043a\u0438 \u043e \u0432\u0430\u043a\u0446\u0438\u043d\u0430\u0446\u0438\u0438.<\/p>\n<p>&#8212;&#8212;&#8212;&#8212;&#8212;&#8212;&#8212;&#8212;&#8212;&#8212;&#8212;&#8212;&#8212;&#8212;&#8212;&#8212;&#8212;&#8212;&#8212;&#8212;&#8212;&#8212;&#8212;&#8212;&#8212;&#8212;&#8212;&#8212;&#8212;&#8212;&#8212;<\/p>\n<p><strong>\u041f\u043e\u043b\u043e\u0436\u0435\u043d\u0438\u0435\u00a0<\/strong><\/p>\n<p><strong>\u0414\u0430\u0442\u0430<\/strong>: 22 \u044f\u043d\u0432\u0430\u0440\u044f 2022; stardi algus 12.00, eraldistart, suusaorienteerumine<br \/>\n<span style=\"color: #ff0000;\">Kontrollaeg on 1,5 tundi<\/span><\/p>\n<p><span style=\"color: #008000;\"><strong>Koht<\/strong>: Rahum\u00e4e \u2013 Mustam\u00e4e<br \/>\nV\u00f5istluskeskus asub Nordi suusabaasi juures (Tervise 21)<\/span><\/p>\n<p><strong>Osav\u00f5tuklassid ja osav\u00f5tutasud:<\/strong><br \/>\nMN16\u00a0 \u00a0 \u00a0 \u00a0 \u00a0 \u00a0 \u00a0 \u00a0&#8212;\u00a0 \u00a04\u20ac<br \/>\nMN21, MN40 &#8212; 10\u20ac<br \/>\nMN55\u00a0 \u00a0 \u00a0 \u00a0 \u00a0 \u00a0 \u00a0 \u00a0&#8212;\u00a0 \u00a07\u20ac<\/p>\n<p><strong>Radade ligikaudsed pikkused:<\/strong><br \/>\nN16, N55\u00a0 \u00a0 \u00a0 \u00a0 \u00a0 \u00a0 \u00a0\u2013 4,0 km&lt;<br \/>\nM16, N40, M55 \u2013 4,6 km<br \/>\nN21, M40\u00a0 \u00a0 \u00a0 \u00a0 \u00a0 \u00a0\u2013 5,1 km<br \/>\nM21\u00a0 \u00a0 \u00a0 \u00a0 \u00a0 \u00a0 \u00a0 \u00a0 \u00a0 \u00a0 \u00a0\u2013 5,5 km<\/p>\n<p><strong>Kaart:<\/strong> M1:5000, H=2.5m<\/p>\n<p><strong>M\u00e4rkes\u00fcsteem:<\/strong> SPORTIdent (kasutatakse Si-Air)<\/p>\n<p><strong>Registreerimine:<\/strong> kuni 19. jaanuarini 2022 aadressil: https:\/\/www.osport.ee\/\u00a0v\u00f5i e-mailiga: ella@srd.ee<br \/>\nRegistreerimisel teatada v\u00f5istleja nimi, v\u00f5istlusklass, EOL-kood ja SI-pulga number (v\u00f5i SI-pulga rendisoov). Registreerimisega samaaegselt tasuda osav\u00f5tutasu ja vajadusel SI-pulga rent (2\u20ac) SRD Spordiklubi arveldusarvele: EE052200001120211587 Swedbankas.<br \/>\n<strong>Covid-19 info:<\/strong> K\u00f5ik v\u00f5istlejad peavad esitama covid vaktsineerimist\u00f5endi. Palume eelnevalt saatma neid aadressile spordiklubi@srd.ee<\/p>\n<p><strong>Start:<\/strong> Eelstart 2min. 1min enne starti v\u00f5istleja saab kaarti. (v\u00f5istleja ise v\u00f5tab kaardi \u00e4mbrist)<\/p>\n<p><strong>Auhinnad:<\/strong> K\u00f5ikide v\u00f5istlusklasside kolme paremat autasustatakse Tallinna MV medalitega<br \/>\nV\u00f5istluse ajal on jooksvad tulemused n\u00e4htavad ainult internetis<br \/>\nAutasustamine toimub jooksvalt.<\/p>\n<p><strong><span style=\"color: #ff0000;\">Osav\u00f5tt v\u00f5istlusest toimub omal riisikol. V\u00f5imalikke \u00f5nnetusjuhtumite ja nende tagaj\u00e4rgede eest korraldaja vastutust ei kanna.<\/span><\/strong><\/p>\n<p><span style=\"color: #008000;\">Korraldaja: <strong>SRD Spordiklubi<\/strong><br \/>\nPeakorraldaja: <strong>Ella Shved<\/strong> (tel. 5118863, e-mail: ella@srd.ee)<br \/>\nRajameister: <strong>Dmitri Shved<\/strong> (tel. 5236910, e-mail: dima@srd.ee)<\/span><\/p>","protected":false},"excerpt":{"rendered":"<p>\u0421\u0442\u0430\u0440\u0442\u043e\u0432\u044b\u0439 \u043f\u0440\u043e\u0442\u043e\u043a\u043e\u043b | Online \u0440\u0435\u0437\u0443\u043b\u044c\u0442\u0430\u0442\u044b | \u0420\u0435\u0437\u0443\u043b\u044c\u0442\u0430\u0442\u044b | \u042d\u0442\u0430\u043f\u044b\u00a0| \u0424\u043e\u0442\u043e\u0433\u0440\u0430\u0444\u0438\u0438 \u0421\u043e\u0440\u0435\u0432\u043d\u043e\u0432\u0430\u043d\u0438\u0435 \u0441\u043e\u0441\u0442\u043e\u0438\u0442\u0441\u044f. \u0414\u043e\u043f\u043e\u043b\u043d\u0438\u0442\u0435\u043b\u044c\u043d\u0430\u044f \u0438\u043d\u0444\u043e\u0440\u043c\u0430\u0446\u0438\u044f 2 \u0441\u043a\u043e\u0440\u043e \u043f\u043e\u044f\u0432\u0438\u0442\u0441\u044f. &#8212;&#8212;&#8212;&#8212;&#8212;&#8212;&#8212;&#8212;&#8212;&#8212;&#8212;&#8212;&#8212;&#8212;&#8212;&#8212;&#8212;&#8212;&#8212;&#8212;&#8212;&#8212;&#8212;&#8212;&#8212;&#8212;&#8212;&#8212;&#8212;&#8212;&#8212; \u041d\u0430 \u0434\u0430\u043d\u043d\u044b\u0439 \u043c\u043e\u043c\u0435\u043d\u0442 \u043f\u043e\u0433\u043e\u0434\u0430 \u043d\u0435\u043f\u0440\u0435\u0434\u0441\u043a\u0430\u0437\u0443\u0435\u043c\u0430\u044f, \u0441\u043d\u0435\u0433 \u0442\u0430\u0435\u0442, \u043f\u043e\u044d\u0442\u043e\u043c\u0443 \u043e\u043a\u043e\u043d\u0447\u0430\u0442\u0435\u043b\u044c\u043d\u043e\u0435 \u0440\u0435\u0448\u0435\u043d\u0438\u0435 \u043e \u043f\u0440\u043e\u0432\u0435\u0434\u0435\u043d\u0438\u0438 \u0441\u043e\u0440\u0435\u0432\u043d\u043e\u0432\u0430\u043d\u0438\u044f \u043e\u043f\u0443\u0431\u043b\u0438\u043a\u0443\u0435\u043c \u0432 \u043f\u044f\u0442\u043d\u0438\u0446\u0443&#46;&#46;&#46;<\/p>\n","protected":false},"author":1,"featured_media":0,"parent":0,"menu_order":0,"comment_status":"closed","ping_status":"closed","template":"","meta":{"ngg_post_thumbnail":0,"footnotes":""},"class_list":["post-1058","page","type-page","status-publish","hentry"],"_links":{"self":[{"href":"https:\/\/www.srd.ee\/srdsk\/ru\/wp-json\/wp\/v2\/pages\/1058","targetHints":{"allow":["GET"]}}],"collection":[{"href":"https:\/\/www.srd.ee\/srdsk\/ru\/wp-json\/wp\/v2\/pages"}],"about":[{"href":"https:\/\/www.srd.ee\/srdsk\/ru\/wp-json\/wp\/v2\/types\/page"}],"author":[{"embeddable":true,"href":"https:\/\/www.srd.ee\/srdsk\/ru\/wp-json\/wp\/v2\/users\/1"}],"replies":[{"embeddable":true,"href":"https:\/\/www.srd.ee\/srdsk\/ru\/wp-json\/wp\/v2\/comments?post=1058"}],"version-history":[{"count":0,"href":"https:\/\/www.srd.ee\/srdsk\/ru\/wp-json\/wp\/v2\/pages\/1058\/revisions"}],"wp:attachment":[{"href":"https:\/\/www.srd.ee\/srdsk\/ru\/wp-json\/wp\/v2\/media?parent=1058"}],"curies":[{"name":"wp","href":"https:\/\/api.w.org\/{rel}","templated":true}]}}